{"id":4949,"date":"2012-07-27T14:21:47","date_gmt":"2012-07-27T14:21:47","guid":{"rendered":"http:\/\/www.noorbyjmf.com\/?page_id=4949"},"modified":"2018-10-02T15:41:49","modified_gmt":"2018-10-02T15:41:49","slug":"enlegal-infosfrmentions-legales","status":"publish","type":"page","link":"https:\/\/www.noorbyjmf.com\/fr\/enlegal-infosfrmentions-legales\/","title":{"rendered":"[:en]Legal Infos[:fr]Mentions L\u00e9gales[:]"},"content":{"rendered":"<p>[:en]<\/p>\n<h2 style=\"text-align: center;\">By J.M.F Ltd<\/h2>\n<p>[border]<\/p>\n<h1>LEGAL NOTICES<\/h1>\n<p>[border]<\/p>\n<h2>1. Ownership and operation of the website www.noorbyjmf.com<\/h2>\n<p>[border]<\/p>\n<p>The website <strong>www.noorbyjmf.com<\/strong> is the property of <strong>SARL By JMF<\/strong>,<strong> 20 rue Montbrun 75014 PARIS.<\/strong> <strong>By JMF Ltd<\/strong> is the site owner. Phone: <strong>+33 645 962 042<\/strong>.<br \/>\n<strong>By J.M.F Ltd<\/strong> is subject to tax on value added in the identification number FR40531638062.<br \/>\n<strong>By J.M.F Ltd<\/strong> is registered in the Registry of the Commercial Court of Paris under <strong>Siren No. 531638062<\/strong>, <strong>Code APE 1413Z<\/strong><br \/>\n<strong>By J.M.F Ltd<\/strong> has been declared to <strong>CNIL under number 1606941<\/strong><\/p>\n<p>Publishing Director Site: PICTURGENCY &#8211; <a href=\"http:\/\/www.picturgency.com\">www.picturgency.com<\/a><\/p>\n<p>Web Hosting: <strong>1&amp;1 Internet SARL<\/strong> &#8211; 7, place de la Gare &#8211; BP 70109 &#8211; 57201 Sarreguemines Cedex<\/p>\n<p>[border]<\/p>\n<h2>2. Site Content<\/h2>\n<p>[border]<\/p>\n<p><strong>By J.M.F Ltd<\/strong> reserves the right to alter, amend or delete the information provided on this site at any time and for any reason whatsoever, without any prior notice being required.<br \/>\nOur prices are subject to change without notice.<\/p>\n<p>[border]<\/p>\n<h2>3. Intellectual Property<\/h2>\n<p>[border]<\/p>\n<p>The Site should be considered as an inseparable whole. The information contained therein are reserved for personal use only and may not be wholly or partially copied or communicated.<br \/>\nThe use of all or part of the Site, including downloading, reproduction, transmission or representation for purposes other than for personal use and private commercial and non-commercial purposes is strictly prohibited.<br \/>\nThe general structure, as well as software, texts, images animated or not, videos, sounds, know-how &#8230; and all other components of the Site are the property of <strong>By JMF Ltd<\/strong>.<br \/>\nAny total or partial reproduction of this site without the express permission of the <strong>By JMF Ltd<\/strong> is prohibited and constitutes an infringement sanctioned by articles L.335-2 et seq of the Code of intellectual property.<br \/>\nNo logo, text, graphics or images contained in this site may not be even partially copied, reproduced, modified, published, broadcast, posted, transmitted or distributed by any means whatsoever without the prior written permission.<\/p>\n<p>[border]<\/p>\n<h2>4. Confidentiality<\/h2>\n<p>[border]<\/p>\n<p><strong>By J.M.F Ltd<\/strong> and its Site <strong>www.noorbyjmf.com<\/strong> agree not to disclose to third parties the information you provide us. These are confidential. They will be used by its internal Departments for processing your request.<\/p>\n<p>[border]<\/p>\n<h2>5. Data Protection Law<\/h2>\n<p>[border]<br \/>\nRecollecting the information is essential for order processing and billing.<br \/>\nAll orders creates an automated file, in accordance with the Data Protection Act of 6 January 1978, on behalf of The <strong>By J.M.F Ltd<\/strong> declared to <strong>CNIL under the number 1606941<\/strong>.<\/p>\n<p>In accordance with Article 32 of the Data Protection Act of 6 January 1978, the user has a right to access, correct or delete information regarding his information (Articles 39 and 40 of the Data Protection Act as amended) that he may exercise by writing to the Manager:<br \/>\n<strong>By J.M.F Sarl\u00a0 20 rue Montbrun 75014 PARIS<\/strong>[:fr]<\/p>\n<h2 style=\"text-align: center;\"><strong>Sarl By J.M.F<\/strong><\/h2>\n<p style=\"text-align: left;\">[border]<\/p>\n<h1>MENTIONS L\u00c9GALES<\/h1>\n<p>[border]<\/p>\n<h2>1. Propri\u00e9t\u00e9 et exploitation du site internet www.noorbyjmf.com<\/h2>\n<p>[border]<\/p>\n<p>Le site Internet <strong>www.noorbyjmf.com<\/strong> est la propri\u00e9t\u00e9 de la <strong>SARL By J.M.F, 20 rue Montbrun 75014 PARIS<\/strong>. La Sarl <strong>By J.M.F<\/strong> est propri\u00e9taire du site. T\u00e9l\u00e9phone : <strong>+33 645 962 042<\/strong>. \u2028La Sarl <strong>By J.M.F<\/strong> est assujettie \u00e0 la taxe sur la valeur ajout\u00e9e sous le num\u00e9ro d&#8217;identification FR40531638062. \u2028La Sarl <strong>By J.M.F<\/strong> est enregistr\u00e9e au Greffe du tribunal de Commerce de Paris sous le <strong>n\u00b0 de Siren 531638062<\/strong>, code <strong>APE 1413Z<\/strong><br \/>\nLa Sarl <strong>By J.M.F<\/strong> a \u00e9t\u00e9 d\u00e9clar\u00e9e aupr\u00e8s de la <strong>CNIL sous le num\u00e9ro 1606941<\/strong><\/p>\n<p>Directeur de la publication du site : <strong>PICTURGENCY &#8211; <a href=\"http:\/\/www.picturgency.com\">www.picturgency.com<\/a><\/strong><\/p>\n<p>H\u00e9bergement du site : <strong>1&amp;1 Internet SARL<\/strong> &#8211; 7, place de la Gare &#8211; BP 70109 &#8211; 57201 Sarreguemines Cedex<\/p>\n<p>[border]<\/p>\n<h2>\u20282. Contenu du site<\/h2>\n<p>[border]<\/p>\n<p>La Sarl <strong>By J.M.F<\/strong> se r\u00e9serve le droit de modifier, de compl\u00e9ter ou de supprimer, les renseignements fournis sur ce site \u00e0 tout moment et pour quelque raison que ce soit, sans qu\u2019aucun pr\u00e9avis ne soit n\u00e9cessaire.<\/p>\n<p>[border]<\/p>\n<h2>3. Propri\u00e9t\u00e9 intellectuelle<\/h2>\n<p>[border]<\/p>\n<p>Le site doit \u00eatre consid\u00e9r\u00e9 comme un tout indissociable. Les informations y figurant sont r\u00e9serv\u00e9es \u00e0 un usage exclusivement personnel et ne peuvent \u00eatre en tout ou partie ni reproduites, ni communiqu\u00e9es. \u2028L\u2019usage de tout ou partie du Site, notamment par t\u00e9l\u00e9chargement, reproduction, transmission ou repr\u00e9sentation \u00e0 d\u2019autres fins que pour usage personnel et priv\u00e9 dans un but non commercial est strictement interdit. \u2028La structure g\u00e9n\u00e9rale, ainsi que les logiciels, textes, images anim\u00e9es ou non, vid\u00e9os, sons, savoir-faire\u2026, et tous les autres \u00e9l\u00e9ments composant le site sont la propri\u00e9t\u00e9 de la Sarl <strong>By J.M.F.<\/strong>\u2028 Toute repr\u00e9sentation totale ou partielle de ce site, sans l\u2019autorisation expresse de la Sarl <strong>By J.M.F<\/strong> est interdite et constituerait une contrefa\u00e7on sanctionn\u00e9e par les articles L.335-2 et suivants du Code de la propri\u00e9t\u00e9 intellectuelle. \u2028Aucun logo, texte, graphique ou image contenus dans le site ne pourra \u00eatre copi\u00e9 m\u00eame partiellement, reproduit, modifi\u00e9, publi\u00e9, \u00e9mis, post\u00e9, transmis ou distribu\u00e9 par quelque moyens que ce soit sans son autorisation \u00e9crite et pr\u00e9alable.<\/p>\n<p>[border]<\/p>\n<h2>4. Confidentialit\u00e9<\/h2>\n<p>[border]<\/p>\n<p><strong>By J.M.F<\/strong> et son site <strong>www.noorbyjmf.com<\/strong> s&#8217;engagent \u00e0 ne pas divulguer \u00e0 des tiers les informations que vous nous communiquez. Celles-ci sont confidentielles. Elles ne seront utilis\u00e9es par ses services internes que pour le traitement de votre demande.<\/p>\n<p>[border]<\/p>\n<h2>\u2028\u20285. Informatique et libert\u00e9s<\/h2>\n<p>[border]<\/p>\n<p>La collecte des informations est indispensable aux traitements des commandes et \u00e0 la facturation. \u2028Toute passation de commande donne lieu \u00e0 l&#8217;\u00e9tablissement d&#8217;un fichier automatis\u00e9 conform\u00e9ment aux dispositions de la loi &#8220;Informatique et Libert\u00e9s&#8221; du 6 janvier 1978 pour le compte de la Sarl <strong>By J.M.F.<\/strong> , d\u00e9clar\u00e9e aupr\u00e8s de la CNIL sous le num\u00e9ro 1606941.<br \/>\nConform\u00e9ment \u00e0 l\u2019article 32 de la loi informatique, fichiers et libert\u00e9s du 6 janvier 1978 modifi\u00e9e, l\u2019utilisateur dispose d\u2019un droit d\u2019acc\u00e8s, de rectification et de suppression quant aux informations qui le concerne (articles 39 et 40 de la loi Informatique et Libert\u00e9s modifi\u00e9e) qu\u2019il peut exercer en adressant un courrier \u00e0 la Direction de : \u2028 <strong>Sarl By J.M.F &#8211; 20 rue Montbrun &#8211; 75014 &#8211; PARIS<\/strong>[:]<\/p>\n","protected":false},"excerpt":{"rendered":"<p>[:en] By J.M.F Ltd [border] LEGAL NOTICES [border] 1. Ownership and operation of the website www.noorbyjmf.com [border] The website www.noorbyjmf.com is the property of SARL By JMF, 20 rue Montbrun 75014 PARIS. By JMF Ltd is the site owner. Phone: +33 645 962 042. By&#8230;<\/p>\n","protected":false},"author":461,"featured_media":0,"parent":0,"menu_order":0,"comment_status":"closed","ping_status":"closed","template":"","meta":[],"_links":{"self":[{"href":"https:\/\/www.noorbyjmf.com\/fr\/wp-json\/wp\/v2\/pages\/4949"}],"collection":[{"href":"https:\/\/www.noorbyjmf.com\/fr\/wp-json\/wp\/v2\/pages"}],"about":[{"href":"https:\/\/www.noorbyjmf.com\/fr\/wp-json\/wp\/v2\/types\/page"}],"author":[{"embeddable":true,"href":"https:\/\/www.noorbyjmf.com\/fr\/wp-json\/wp\/v2\/users\/461"}],"replies":[{"embeddable":true,"href":"https:\/\/www.noorbyjmf.com\/fr\/wp-json\/wp\/v2\/comments?post=4949"}],"version-history":[{"count":1,"href":"https:\/\/www.noorbyjmf.com\/fr\/wp-json\/wp\/v2\/pages\/4949\/revisions"}],"predecessor-version":[{"id":4956,"href":"https:\/\/www.noorbyjmf.com\/fr\/wp-json\/wp\/v2\/pages\/4949\/revisions\/4956"}],"wp:attachment":[{"href":"https:\/\/www.noorbyjmf.com\/fr\/wp-json\/wp\/v2\/media?parent=4949"}],"curies":[{"name":"wp","href":"https:\/\/api.w.org\/{rel}","templated":true}]}}