{"id":4964,"date":"2012-08-31T17:16:04","date_gmt":"2012-08-31T17:16:04","guid":{"rendered":"http:\/\/www.noorbyjmf.com\/?page_id=4964"},"modified":"2023-05-01T20:23:49","modified_gmt":"2023-05-01T20:23:49","slug":"ennoor-youfrnoor-vous","status":"publish","type":"page","link":"https:\/\/www.noorbyjmf.com\/fr\/ennoor-youfrnoor-vous\/","title":{"rendered":"Noor &amp; Vous"},"content":{"rendered":"<h2 dir=\"ltr\" style=\"text-align: center;\"><strong>Porter un bracelet de pierres pr\u00e9cieuses, de perles et de breloques de Noor By J.M.F est une d\u00e9claration.<br \/>\nAu-del\u00e0 de la beaut\u00e9 des pierres pr\u00e9cieuses, leurs propri\u00e9t\u00e9s intrins\u00e8ques, leur \u00e9clat et leur charme vous entoureront d&#8217;une aura de protection, un bouclier puissant qui amplifie votre \u00e9clat et votre force int\u00e9rieure.<br \/>\nEt vous entrerez dans une famille tout \u00e0 fait unique, la famille de Noor, Bienvenue !<br \/>\nCette section du magasin est la v\u00f4tre, n&#8217;h\u00e9sitez pas \u00e0 poster des photos et \u00e0 partager vos merveilleuses exp\u00e9riences !<\/strong><\/h2>\n","protected":false},"excerpt":{"rendered":"<p>Porter un bracelet de pierres pr\u00e9cieuses, de perles et de breloques de Noor By J.M.F est une d\u00e9claration. Au-del\u00e0 de la beaut\u00e9 des pierres pr\u00e9cieuses, leurs propri\u00e9t\u00e9s intrins\u00e8ques, leur \u00e9clat et leur charme vous entoureront d&#8217;une aura de protection, un bouclier puissant qui amplifie votre&#8230;<\/p>\n","protected":false},"author":461,"featured_media":0,"parent":0,"menu_order":0,"comment_status":"closed","ping_status":"closed","template":"","meta":[],"_links":{"self":[{"href":"https:\/\/www.noorbyjmf.com\/fr\/wp-json\/wp\/v2\/pages\/4964"}],"collection":[{"href":"https:\/\/www.noorbyjmf.com\/fr\/wp-json\/wp\/v2\/pages"}],"about":[{"href":"https:\/\/www.noorbyjmf.com\/fr\/wp-json\/wp\/v2\/types\/page"}],"author":[{"embeddable":true,"href":"https:\/\/www.noorbyjmf.com\/fr\/wp-json\/wp\/v2\/users\/461"}],"replies":[{"embeddable":true,"href":"https:\/\/www.noorbyjmf.com\/fr\/wp-json\/wp\/v2\/comments?post=4964"}],"version-history":[{"count":3,"href":"https:\/\/www.noorbyjmf.com\/fr\/wp-json\/wp\/v2\/pages\/4964\/revisions"}],"predecessor-version":[{"id":5811,"href":"https:\/\/www.noorbyjmf.com\/fr\/wp-json\/wp\/v2\/pages\/4964\/revisions\/5811"}],"wp:attachment":[{"href":"https:\/\/www.noorbyjmf.com\/fr\/wp-json\/wp\/v2\/media?parent=4964"}],"curies":[{"name":"wp","href":"https:\/\/api.w.org\/{rel}","templated":true}]}}