{"id":4967,"date":"2014-01-20T23:29:07","date_gmt":"2014-01-20T23:29:07","guid":{"rendered":"http:\/\/www.noorbyjmf.com\/?page_id=4967"},"modified":"2023-05-01T18:48:09","modified_gmt":"2023-05-01T18:48:09","slug":"endead-sea-saltsfrsels-de-la-mer-morte","status":"publish","type":"page","link":"https:\/\/www.noorbyjmf.com\/fr\/philosophie-noor\/endead-sea-saltsfrsels-de-la-mer-morte\/","title":{"rendered":"SELS DE LA MER MORTE"},"content":{"rendered":"<p>[vc_row css_animation=&#8221;&#8221; row_type=&#8221;row&#8221; use_row_as_full_screen_section=&#8221;no&#8221; type=&#8221;full_width&#8221; angled_section=&#8221;no&#8221; text_align=&#8221;left&#8221; background_image_as_pattern=&#8221;without_pattern&#8221; css=&#8221;.vc_custom_1538501922226{padding: 20px !important;background-color: rgba(255,255,255,0.76) !important;*background-color: rgb(255,255,255) !important;}&#8221; z_index=&#8221;&#8221;][vc_column][vc_column_text]<\/p>\n<h2 style=\"text-align: center;\">Sels de la Mer Morte<\/h2>\n<p>&nbsp;<\/p>\n<p>Dans Magic, le Sel reste un <strong>purificateur puissant<\/strong> servant \u00e0 prot\u00e9ger, \u00e0 d\u00e9dier, et reste n\u00e9anmoins un <strong>\u00e9l\u00e9ment protecteur<\/strong> aux propri\u00e9t\u00e9s magiques au-del\u00e0 de ce que l&#8217;on pouvait croire au d\u00e9part.<\/p>\n<p>L&#8217;eau de la Mer Morte contient trois fois plus de Sodium, 30 fois plus de Magn\u00e9sium, 16 fois plus de Potassium et 36 fois plus de Calcium que la mer M\u00e9diterran\u00e9e.<br \/>\nLa composition tr\u00e8s particuli\u00e8re des <strong>Sels de la Mer Morte<\/strong> leur conf\u00e8re des propri\u00e9t\u00e9s de <strong>purification, de rajeunissement du corps et de l&#8217;esprit.<\/strong><\/p>\n<p style=\"text-align: center;\"><img decoding=\"async\" loading=\"lazy\" class=\"aligncenter wp-image-1243\" src=\"http:\/\/www.noorbyjmf.com\/wp-content\/uploads\/2012\/07\/bathtub2.png\" alt=\"\" width=\"450\" height=\"210\" srcset=\"https:\/\/www.noorbyjmf.com\/wp-content\/uploads\/2012\/07\/bathtub2.png 450w, https:\/\/www.noorbyjmf.com\/wp-content\/uploads\/2012\/07\/bathtub2-300x140.png 300w\" sizes=\"(max-width: 450px) 100vw, 450px\" \/><\/p>\n<p>[\/vc_column_text][\/vc_column][\/vc_row][vc_row css_animation=&#8221;&#8221; row_type=&#8221;row&#8221; use_row_as_full_screen_section=&#8221;no&#8221; type=&#8221;full_width&#8221; angled_section=&#8221;no&#8221; text_align=&#8221;left&#8221; background_image_as_pattern=&#8221;without_pattern&#8221;][vc_column][vc_separator type=&#8221;transparent&#8221; up=&#8221;40&#8243;][\/vc_column][\/vc_row]<\/p>\n","protected":false},"excerpt":{"rendered":"<p>[vc_row css_animation=&#8221;&#8221; row_type=&#8221;row&#8221; use_row_as_full_screen_section=&#8221;no&#8221; type=&#8221;full_width&#8221; angled_section=&#8221;no&#8221; text_align=&#8221;left&#8221; background_image_as_pattern=&#8221;without_pattern&#8221; css=&#8221;.vc_custom_1538501922226{padding: 20px !important;background-color: rgba(255,255,255,0.76) !important;*background-color: rgb(255,255,255) !important;}&#8221; z_index=&#8221;&#8221;][vc_column][vc_column_text] Sels de la Mer Morte &nbsp; Dans Magic, le Sel reste un purificateur puissant servant \u00e0 prot\u00e9ger, \u00e0 d\u00e9dier, et reste n\u00e9anmoins un \u00e9l\u00e9ment protecteur aux propri\u00e9t\u00e9s magiques au-del\u00e0&#8230;<\/p>\n","protected":false},"author":461,"featured_media":5354,"parent":4965,"menu_order":0,"comment_status":"closed","ping_status":"closed","template":"","meta":[],"_links":{"self":[{"href":"https:\/\/www.noorbyjmf.com\/fr\/wp-json\/wp\/v2\/pages\/4967"}],"collection":[{"href":"https:\/\/www.noorbyjmf.com\/fr\/wp-json\/wp\/v2\/pages"}],"about":[{"href":"https:\/\/www.noorbyjmf.com\/fr\/wp-json\/wp\/v2\/types\/page"}],"author":[{"embeddable":true,"href":"https:\/\/www.noorbyjmf.com\/fr\/wp-json\/wp\/v2\/users\/461"}],"replies":[{"embeddable":true,"href":"https:\/\/www.noorbyjmf.com\/fr\/wp-json\/wp\/v2\/comments?post=4967"}],"version-history":[{"count":4,"href":"https:\/\/www.noorbyjmf.com\/fr\/wp-json\/wp\/v2\/pages\/4967\/revisions"}],"predecessor-version":[{"id":5769,"href":"https:\/\/www.noorbyjmf.com\/fr\/wp-json\/wp\/v2\/pages\/4967\/revisions\/5769"}],"up":[{"embeddable":true,"href":"https:\/\/www.noorbyjmf.com\/fr\/wp-json\/wp\/v2\/pages\/4965"}],"wp:featuredmedia":[{"embeddable":true,"href":"https:\/\/www.noorbyjmf.com\/fr\/wp-json\/wp\/v2\/media\/5354"}],"wp:attachment":[{"href":"https:\/\/www.noorbyjmf.com\/fr\/wp-json\/wp\/v2\/media?parent=4967"}],"curies":[{"name":"wp","href":"https:\/\/api.w.org\/{rel}","templated":true}]}}