{"id":4968,"date":"2014-01-20T23:10:25","date_gmt":"2014-01-20T23:10:25","guid":{"rendered":"http:\/\/www.noorbyjmf.com\/?page_id=4968"},"modified":"2023-05-01T18:34:14","modified_gmt":"2023-05-01T18:34:14","slug":"enhamsa-line-5frligne-hamsa-5","status":"publish","type":"page","link":"https:\/\/www.noorbyjmf.com\/fr\/philosophie-noor\/enhamsa-line-5frligne-hamsa-5\/","title":{"rendered":"Ligne 5 HAMSA"},"content":{"rendered":"<p>[vc_row css_animation=&#8221;&#8221; row_type=&#8221;row&#8221; use_row_as_full_screen_section=&#8221;no&#8221; type=&#8221;full_width&#8221; angled_section=&#8221;no&#8221; text_align=&#8221;left&#8221; background_image_as_pattern=&#8221;without_pattern&#8221; background_color=&#8221;rgba(255,255,255,0.77)&#8221; side_padding=&#8221;15%&#8221; padding_bottom=&#8221;20&#8243;][vc_column][vc_column_text]<\/p>\n<h1 style=\"text-align: center;\">Ligne 5<\/h1>\n<p>[\/vc_column_text][vc_separator type=&#8221;normal&#8221; down=&#8221;20&#8243;][vc_column_text]<\/p>\n<p><a href=\"http:\/\/www.noorbyjmf.com\/wp-content\/uploads\/2012\/07\/hamsa.jpg\"><img decoding=\"async\" loading=\"lazy\" class=\"alignright size-full wp-image-1111\" title=\"hamsa\" src=\"http:\/\/www.noorbyjmf.com\/wp-content\/uploads\/2012\/07\/hamsa.jpg\" alt=\"\" width=\"89\" height=\"100\"><\/a><strong>La main de Fatima ou Hamsa<\/strong> (qui signifie 5 en arabe, hamesh en h\u00e9breu), est un symbole tr\u00e8s ancien, plus ancien que le juda\u00efsme et l&#8217;islam. En ce qui concerne les preuves arch\u00e9ologiques sugg\u00e9rant que <strong>Hamsa a pr\u00e9c\u00e9d\u00e9 la naissance des deux religions,<\/strong> ce symbole pourrait \u00eatre <strong>originaire des religions puniques<\/strong>, l\u00e0 o\u00f9 il \u00e9tait associ\u00e9 \u00e0 la <strong>d\u00e9esse Tanit<\/strong>.<\/p>\n<p>[vc_separator type=&#8221;transparent&#8221; position=&#8221;center&#8221; color=&#8221;&#8221; thickness=&#8221;&#8221; up=&#8221;10&#8243; down=&#8221;&#8221;]<\/p>\n<p>&nbsp;<\/p>\n<p>Connue sous le nom de <strong>&#8220;Main de Dieu&#8221;<\/strong>, elle est un <strong>symbole ethnique &amp; culturel<\/strong> et son <strong>pouvoir protecteur<\/strong> n&#8217;est plus \u00e0 d\u00e9montrer.<\/p>\n<p>[vc_separator type=&#8221;transparent&#8221; position=&#8221;center&#8221; color=&#8221;&#8221; thickness=&#8221;&#8221; up=&#8221;10&#8243; down=&#8221;&#8221;]<\/p>\n<p>De nos jours, ce signe correspondant \u00e0 2 mains, l&#8217;une au-dessus de l&#8217;autre, garde sa symbolique d&#8217;union de culture, de protection subtile et de beaut\u00e9 orientale.<\/p>\n<p>&nbsp;<\/p>\n<p>[\/vc_column_text][\/vc_column][\/vc_row][vc_row css_animation=&#8221;&#8221; row_type=&#8221;row&#8221; use_row_as_full_screen_section=&#8221;no&#8221; type=&#8221;full_width&#8221; angled_section=&#8221;no&#8221; text_align=&#8221;left&#8221; background_image_as_pattern=&#8221;without_pattern&#8221;][vc_column][vc_empty_space height=&#8221;50px&#8221;][\/vc_column][\/vc_row]<\/p>\n","protected":false},"excerpt":{"rendered":"<p>[vc_row css_animation=&#8221;&#8221; row_type=&#8221;row&#8221; use_row_as_full_screen_section=&#8221;no&#8221; type=&#8221;full_width&#8221; angled_section=&#8221;no&#8221; text_align=&#8221;left&#8221; background_image_as_pattern=&#8221;without_pattern&#8221; background_color=&#8221;rgba(255,255,255,0.77)&#8221; side_padding=&#8221;15%&#8221; padding_bottom=&#8221;20&#8243;][vc_column][vc_column_text] Ligne 5 [\/vc_column_text][vc_separator type=&#8221;normal&#8221; down=&#8221;20&#8243;][vc_column_text] La main de Fatima ou Hamsa (qui signifie 5 en arabe, hamesh en h\u00e9breu), est un symbole tr\u00e8s ancien, plus ancien que le juda\u00efsme et l&#8217;islam. En ce qui&#8230;<\/p>\n","protected":false},"author":461,"featured_media":5599,"parent":4965,"menu_order":0,"comment_status":"closed","ping_status":"closed","template":"","meta":[],"_links":{"self":[{"href":"https:\/\/www.noorbyjmf.com\/fr\/wp-json\/wp\/v2\/pages\/4968"}],"collection":[{"href":"https:\/\/www.noorbyjmf.com\/fr\/wp-json\/wp\/v2\/pages"}],"about":[{"href":"https:\/\/www.noorbyjmf.com\/fr\/wp-json\/wp\/v2\/types\/page"}],"author":[{"embeddable":true,"href":"https:\/\/www.noorbyjmf.com\/fr\/wp-json\/wp\/v2\/users\/461"}],"replies":[{"embeddable":true,"href":"https:\/\/www.noorbyjmf.com\/fr\/wp-json\/wp\/v2\/comments?post=4968"}],"version-history":[{"count":4,"href":"https:\/\/www.noorbyjmf.com\/fr\/wp-json\/wp\/v2\/pages\/4968\/revisions"}],"predecessor-version":[{"id":5763,"href":"https:\/\/www.noorbyjmf.com\/fr\/wp-json\/wp\/v2\/pages\/4968\/revisions\/5763"}],"up":[{"embeddable":true,"href":"https:\/\/www.noorbyjmf.com\/fr\/wp-json\/wp\/v2\/pages\/4965"}],"wp:featuredmedia":[{"embeddable":true,"href":"https:\/\/www.noorbyjmf.com\/fr\/wp-json\/wp\/v2\/media\/5599"}],"wp:attachment":[{"href":"https:\/\/www.noorbyjmf.com\/fr\/wp-json\/wp\/v2\/media?parent=4968"}],"curies":[{"name":"wp","href":"https:\/\/api.w.org\/{rel}","templated":true}]}}