{"id":4970,"date":"2014-01-20T23:26:18","date_gmt":"2014-01-20T23:26:18","guid":{"rendered":"http:\/\/www.noorbyjmf.com\/?page_id=4970"},"modified":"2023-05-01T18:44:55","modified_gmt":"2023-05-01T18:44:55","slug":"enincensesfrencens","status":"publish","type":"page","link":"https:\/\/www.noorbyjmf.com\/fr\/philosophie-noor\/enincensesfrencens\/","title":{"rendered":"ENCENS"},"content":{"rendered":"<p>[vc_row css_animation=&#8221;&#8221; row_type=&#8221;row&#8221; use_row_as_full_screen_section=&#8221;no&#8221; type=&#8221;full_width&#8221; angled_section=&#8221;no&#8221; text_align=&#8221;left&#8221; background_image_as_pattern=&#8221;without_pattern&#8221;][vc_column][vc_column_text]<\/p>\n<h2 style=\"text-align: center;\">Differents encens<\/h2>\n<p>[\/vc_column_text][vc_separator type=&#8221;transparent&#8221; up=&#8221;30&#8243;][\/vc_column][\/vc_row][vc_row css_animation=&#8221;&#8221; row_type=&#8221;row&#8221; use_row_as_full_screen_section=&#8221;no&#8221; type=&#8221;full_width&#8221; angled_section=&#8221;no&#8221; text_align=&#8221;left&#8221; background_image_as_pattern=&#8221;without_pattern&#8221;][vc_column width=&#8221;1\/3&#8243;][vc_single_image image=&#8221;1212&#8243; img_size=&#8221;full&#8221; alignment=&#8221;center&#8221; qode_css_animation=&#8221;&#8221;][\/vc_column][vc_column width=&#8221;2\/3&#8243;][vc_column_text]<\/p>\n<h2>BENJOIN<\/h2>\n<p>C&#8217;est un important protecteur et purificateur de la maison. Il <strong>calme l&#8217;esprit<\/strong> et favorise la r\u00e9flexion. Il est connu pour aider \u00e0 <strong>combattre les exc\u00e8s<\/strong> de toute nature. Il chasse les tendances d\u00e9pressives et les id\u00e9es noires. Il r\u00e9veille notre enthousiasme, notre id\u00e9alisme et notre bienveillance. Le Benjoin est le <strong>symbole \u00ab par excellence \u00bb de la Prosp\u00e9rit\u00e9<\/strong> et de la <strong>Purification<\/strong>. Br\u00fbler du Benjoin permet d&#8217;assainir une pi\u00e8ce et favorise la vision dans sa croissance spirituelle ; <strong>il aide \u00e0 l&#8217;\u00e9volution personnelle<\/strong> et <strong>au d\u00e9veloppement spirituel.<\/strong>[\/vc_column_text][\/vc_column][\/vc_row][vc_row css_animation=&#8221;&#8221; row_type=&#8221;row&#8221; use_row_as_full_screen_section=&#8221;no&#8221; type=&#8221;full_width&#8221; angled_section=&#8221;no&#8221; text_align=&#8221;left&#8221; background_image_as_pattern=&#8221;without_pattern&#8221;][vc_column][vc_separator type=&#8221;transparent&#8221; up=&#8221;15&#8243;][\/vc_column][\/vc_row][vc_row css_animation=&#8221;&#8221; row_type=&#8221;row&#8221; use_row_as_full_screen_section=&#8221;no&#8221; type=&#8221;full_width&#8221; angled_section=&#8221;no&#8221; text_align=&#8221;left&#8221; background_image_as_pattern=&#8221;without_pattern&#8221;][vc_column width=&#8221;1\/3&#8243;][vc_single_image image=&#8221;1203&#8243; img_size=&#8221;full&#8221; alignment=&#8221;center&#8221; qode_css_animation=&#8221;&#8221;][\/vc_column][vc_column width=&#8221;2\/3&#8243;][vc_column_text]<\/p>\n<h2>BOIS DE SANTAL<\/h2>\n<p>Le bois de santal contient \u00e9galement de tr\u00e8s fortes vibrations spirituelles. Il est utilis\u00e9 lors des <strong>rites de protection<\/strong> et de <strong>gu\u00e9rison<\/strong>. Il est id\u00e9al pour chasser un mal\u00e9fice et surtout pour briser la malchance. Il aide \u00e0 s&#8217;installer dans une <strong>atmosph\u00e8re sereine et calme<\/strong>, calme les enfants. La poudre de bois de santal peut \u00eatre dispers\u00e9e dans une pi\u00e8ce pour en <strong>\u00e9liminer la n\u00e9gativit\u00e9.<\/strong> Peut \u00eatre utilis\u00e9 comme base pour d&#8217;autres encens.[\/vc_column_text][\/vc_column][\/vc_row][vc_row css_animation=&#8221;&#8221; row_type=&#8221;row&#8221; use_row_as_full_screen_section=&#8221;no&#8221; type=&#8221;full_width&#8221; angled_section=&#8221;no&#8221; text_align=&#8221;left&#8221; background_image_as_pattern=&#8221;without_pattern&#8221;][vc_column][vc_separator type=&#8221;transparent&#8221; up=&#8221;15&#8243;][\/vc_column][\/vc_row][vc_row css_animation=&#8221;&#8221; row_type=&#8221;row&#8221; use_row_as_full_screen_section=&#8221;no&#8221; type=&#8221;full_width&#8221; angled_section=&#8221;no&#8221; text_align=&#8221;left&#8221; background_image_as_pattern=&#8221;without_pattern&#8221;][vc_column width=&#8221;1\/3&#8243;][vc_single_image image=&#8221;1216&#8243; img_size=&#8221;full&#8221; alignment=&#8221;center&#8221; qode_css_animation=&#8221;&#8221;][\/vc_column][vc_column width=&#8221;2\/3&#8243;][vc_column_text]<\/p>\n<h2>MYRRHE<\/h2>\n<p>R\u00e9sine \u00e0 br\u00fbler, on utilise la myrrhe en fumigation sur un charbon ardent. La myrrhe est utilis\u00e9e <strong>depuis l&#8217;Antiquit\u00e9<\/strong> dans de nombreux cultes et religions (La Bible en fait tr\u00e8s souvent mention). Les \u00c9gyptiens, croyant que le bois de santal provient des larmes d&#8217;Horus, le br\u00fblaient en offrande \u00e0 R\u00e2, ainsi que dans les temples d&#8217;Isis.<br \/>\nBr\u00fbl\u00e9e comme de l&#8217;encens, m\u00e9lang\u00e9e \u00e0 du benjoin, de la cannelle et d&#8217;autres r\u00e9sines, <strong>la myrrhe assainit les lieux<\/strong>, <strong>harmonise la maison et chasse les mauvais esprits.<\/strong> La fum\u00e9e est utilis\u00e9e pour nettoyer, consacrer et b\u00e9nir des objets. Il aide \u00e0 la m\u00e9ditation.[\/vc_column_text][\/vc_column][\/vc_row][vc_row css_animation=&#8221;&#8221; row_type=&#8221;row&#8221; use_row_as_full_screen_section=&#8221;no&#8221; type=&#8221;full_width&#8221; angled_section=&#8221;no&#8221; text_align=&#8221;left&#8221; background_image_as_pattern=&#8221;without_pattern&#8221;][vc_column][vc_separator type=&#8221;transparent&#8221; up=&#8221;60&#8243;][\/vc_column][\/vc_row]<\/p>\n","protected":false},"excerpt":{"rendered":"<p>[vc_row css_animation=&#8221;&#8221; row_type=&#8221;row&#8221; use_row_as_full_screen_section=&#8221;no&#8221; type=&#8221;full_width&#8221; angled_section=&#8221;no&#8221; text_align=&#8221;left&#8221; background_image_as_pattern=&#8221;without_pattern&#8221;][vc_column][vc_column_text] Differents encens [\/vc_column_text][vc_separator type=&#8221;transparent&#8221; up=&#8221;30&#8243;][\/vc_column][\/vc_row][vc_row css_animation=&#8221;&#8221; row_type=&#8221;row&#8221; use_row_as_full_screen_section=&#8221;no&#8221; type=&#8221;full_width&#8221; angled_section=&#8221;no&#8221; text_align=&#8221;left&#8221; background_image_as_pattern=&#8221;without_pattern&#8221;][vc_column width=&#8221;1\/3&#8243;][vc_single_image image=&#8221;1212&#8243; img_size=&#8221;full&#8221; alignment=&#8221;center&#8221; qode_css_animation=&#8221;&#8221;][\/vc_column][vc_column width=&#8221;2\/3&#8243;][vc_column_text] BENJOIN C&#8217;est un important protecteur et purificateur de la maison. Il calme l&#8217;esprit et favorise la r\u00e9flexion. Il est&#8230;<\/p>\n","protected":false},"author":461,"featured_media":5352,"parent":4965,"menu_order":0,"comment_status":"closed","ping_status":"closed","template":"","meta":[],"_links":{"self":[{"href":"https:\/\/www.noorbyjmf.com\/fr\/wp-json\/wp\/v2\/pages\/4970"}],"collection":[{"href":"https:\/\/www.noorbyjmf.com\/fr\/wp-json\/wp\/v2\/pages"}],"about":[{"href":"https:\/\/www.noorbyjmf.com\/fr\/wp-json\/wp\/v2\/types\/page"}],"author":[{"embeddable":true,"href":"https:\/\/www.noorbyjmf.com\/fr\/wp-json\/wp\/v2\/users\/461"}],"replies":[{"embeddable":true,"href":"https:\/\/www.noorbyjmf.com\/fr\/wp-json\/wp\/v2\/comments?post=4970"}],"version-history":[{"count":4,"href":"https:\/\/www.noorbyjmf.com\/fr\/wp-json\/wp\/v2\/pages\/4970\/revisions"}],"predecessor-version":[{"id":5766,"href":"https:\/\/www.noorbyjmf.com\/fr\/wp-json\/wp\/v2\/pages\/4970\/revisions\/5766"}],"up":[{"embeddable":true,"href":"https:\/\/www.noorbyjmf.com\/fr\/wp-json\/wp\/v2\/pages\/4965"}],"wp:featuredmedia":[{"embeddable":true,"href":"https:\/\/www.noorbyjmf.com\/fr\/wp-json\/wp\/v2\/media\/5352"}],"wp:attachment":[{"href":"https:\/\/www.noorbyjmf.com\/fr\/wp-json\/wp\/v2\/media?parent=4970"}],"curies":[{"name":"wp","href":"https:\/\/api.w.org\/{rel}","templated":true}]}}