{"id":4979,"date":"2014-01-20T23:20:28","date_gmt":"2014-01-20T23:20:28","guid":{"rendered":"http:\/\/www.noorbyjmf.com\/?page_id=4979"},"modified":"2023-05-01T18:58:57","modified_gmt":"2023-05-01T18:58:57","slug":"ennumerologyfrnumerologie","status":"publish","type":"page","link":"https:\/\/www.noorbyjmf.com\/fr\/philosophie-noor\/ennumerologyfrnumerologie\/","title":{"rendered":"NUM\u00c9ROLOGIE"},"content":{"rendered":"<p>[vc_row css_animation=&#8221;&#8221; row_type=&#8221;row&#8221; use_row_as_full_screen_section=&#8221;no&#8221; type=&#8221;full_width&#8221; angled_section=&#8221;no&#8221; text_align=&#8221;left&#8221; background_image_as_pattern=&#8221;without_pattern&#8221; css=&#8221;.vc_custom_1538501593905{padding-top: 20px !important;padding-right: 20px !important;padding-bottom: 20px !important;padding-left: 20px !important;background-color: rgba(255,255,255,0.79) !important;*background-color: rgb(255,255,255) !important;}&#8221; z_index=&#8221;&#8221;][vc_column][vc_column_text]<\/p>\n<h2 style=\"text-align: center;\">Rythme des gemmes<\/h2>\n<p>[\/vc_column_text][vc_separator type=&#8221;normal&#8221; up=&#8221;20&#8243; down=&#8221;30&#8243;][vc_column_text]<img decoding=\"async\" loading=\"lazy\" class=\" wp-image-2050 alignright\" title=\"num\u00e9ro\" src=\"http:\/\/www.noorbyjmf.com\/wp-content\/uploads\/2012\/08\/numero.jpg\" alt=\"\" width=\"177\" height=\"132\">Les bijoux de la collection Noor By J.M.F pr\u00e9sentent quand on les observe de pr\u00e8s, <strong>un rythme pr\u00e9cis.<\/strong> Vous d\u00e9couvrirez entre deux perles ou deux gemmes les chiffres : <strong>1, 3, 5, 7 et 11.<\/strong><\/p>\n<p>[\/vc_column_text][vc_separator type=&#8221;transparent&#8221; up=&#8221;30&#8243;][vc_column_text]<\/p>\n<h1>LA NUM\u00c9ROLOGIE NOOR<\/h1>\n<p>La num\u00e9rologie traditionnelle est <strong>une philosophie tr\u00e8s ancienne<\/strong> bas\u00e9e sur <strong>le pouvoir vibratoire des nombres.<\/strong>[\/vc_column_text][vc_separator type=&#8221;transparent&#8221; up=&#8221;30&#8243;][vc_row_inner row_type=&#8221;row&#8221; type=&#8221;full_width&#8221; text_align=&#8221;left&#8221; css_animation=&#8221;&#8221;][vc_column_inner width=&#8221;1\/12&#8243;][vc_single_image image=&#8221;2070&#8243; qode_css_animation=&#8221;&#8221;][\/vc_column_inner][vc_column_inner width=&#8221;11\/12&#8243;][vc_column_text]Symbolise la <strong>cr\u00e9ativit\u00e9 de Dieu<\/strong>, <strong>l&#8217;unit\u00e9 essentielle.<\/strong> Son \u00e9nergie est <strong>yang<\/strong>. Il repr\u00e9sente <strong>la forte personnalit\u00e9 de l&#8217;\u00eatre<\/strong>, son individualit\u00e9, sa volont\u00e9 et son \u00e9nergie, en contact avec l&#8217;\u00e9l\u00e9ment Feu et avec le Soleil.[\/vc_column_text][\/vc_column_inner][\/vc_row_inner][vc_separator type=&#8221;transparent&#8221; up=&#8221;20&#8243;][vc_row_inner row_type=&#8221;row&#8221; type=&#8221;full_width&#8221; text_align=&#8221;left&#8221; css_animation=&#8221;&#8221;][vc_column_inner width=&#8221;1\/12&#8243;][vc_single_image image=&#8221;2071&#8243; qode_css_animation=&#8221;&#8221;][\/vc_column_inner][vc_column_inner width=&#8221;11\/12&#8243;][vc_column_text]Exprime la totalit\u00e9, pass\u00e9 pr\u00e9sent et futur. Sa signification \u00e9sot\u00e9rique est <strong>la Trinit\u00e9<\/strong>, les <strong>3 Mondes<\/strong>, le <strong>cycle de la Vie<\/strong> et les <strong>3 R\u00e8gnes<\/strong> (v\u00e9g\u00e9tal, min\u00e9ral &amp; animal). Il transmet de <strong>l&#8217;\u00e9nergie et de l&#8217;enthousiasme.<\/strong>[\/vc_column_text][\/vc_column_inner][\/vc_row_inner][vc_separator type=&#8221;transparent&#8221; up=&#8221;20&#8243;][vc_row_inner row_type=&#8221;row&#8221; type=&#8221;full_width&#8221; text_align=&#8221;left&#8221; css_animation=&#8221;&#8221;][vc_column_inner width=&#8221;1\/12&#8243;][vc_single_image image=&#8221;2072&#8243; qode_css_animation=&#8221;&#8221;][\/vc_column_inner][vc_column_inner width=&#8221;11\/12&#8243;][vc_column_text]Ses significations \u00e9sot\u00e9riques : Vie, Totalit\u00e9, Amour, Sant\u00e9, C\u0153ur, etc. Il repr\u00e9sente l&#8217;\u00e9toile \u00e0 cinq branches et c&#8217;est une figure sacr\u00e9e <strong>symbolisant l&#8217;harmonie.<\/strong>[\/vc_column_text][\/vc_column_inner][\/vc_row_inner][vc_separator type=&#8221;transparent&#8221; up=&#8221;20&#8243;][vc_row_inner row_type=&#8221;row&#8221; type=&#8221;full_width&#8221; text_align=&#8221;left&#8221; css_animation=&#8221;&#8221;][vc_column_inner width=&#8221;1\/12&#8243;][vc_single_image image=&#8221;2073&#8243; qode_css_animation=&#8221;&#8221;][\/vc_column_inner][vc_column_inner width=&#8221;11\/12&#8243;][vc_column_text]\u00c9l\u00e8ve l&#8217;\u00e2me et favorise <strong>l&#8217;union avec les plans sup\u00e9rieurs.<\/strong> Nombre de chance, de mysticisme, d&#8217;union &amp; de perfection, il est consid\u00e9r\u00e9 comme ayant des pouvoirs magiques. Il repr\u00e9sente l&#8217;<strong>Ordre cosmique et spirituel.<\/strong>[\/vc_column_text][\/vc_column_inner][\/vc_row_inner][vc_separator type=&#8221;transparent&#8221; up=&#8221;20&#8243;][vc_row_inner row_type=&#8221;row&#8221; type=&#8221;full_width&#8221; text_align=&#8221;left&#8221; css_animation=&#8221;&#8221;][vc_column_inner width=&#8221;1\/12&#8243;][vc_single_image image=&#8221;2074&#8243; qode_css_animation=&#8221;&#8221;][\/vc_column_inner][vc_column_inner width=&#8221;11\/12&#8243;][vc_column_text]Repr\u00e9sente la force. Symbole d&#8217;<strong>id\u00e9alisme, d&#8217;intuition, d&#8217;inspiration \u00e9nerg\u00e9tique, de volont\u00e9 et de courage.<\/strong> Le nombre 11 est en rapport avec la <strong>fertilit\u00e9<\/strong>. Ce nombre (ekadasa en sanskrit) symbolise l&#8217;eau, le Seigneur de l&#8217;Univers, le Grand Dieu Shiva.[\/vc_column_text][\/vc_column_inner][\/vc_row_inner][\/vc_column][\/vc_row][vc_row css_animation=&#8221;&#8221; row_type=&#8221;row&#8221; use_row_as_full_screen_section=&#8221;no&#8221; type=&#8221;full_width&#8221; angled_section=&#8221;no&#8221; text_align=&#8221;left&#8221; background_image_as_pattern=&#8221;without_pattern&#8221;][vc_column][vc_separator type=&#8221;transparent&#8221; up=&#8221;60&#8243;][\/vc_column][\/vc_row]<\/p>\n","protected":false},"excerpt":{"rendered":"<p>[vc_row css_animation=&#8221;&#8221; row_type=&#8221;row&#8221; use_row_as_full_screen_section=&#8221;no&#8221; type=&#8221;full_width&#8221; angled_section=&#8221;no&#8221; text_align=&#8221;left&#8221; background_image_as_pattern=&#8221;without_pattern&#8221; css=&#8221;.vc_custom_1538501593905{padding-top: 20px !important;padding-right: 20px !important;padding-bottom: 20px !important;padding-left: 20px !important;background-color: rgba(255,255,255,0.79) !important;*background-color: rgb(255,255,255) !important;}&#8221; z_index=&#8221;&#8221;][vc_column][vc_column_text] Rythme des gemmes [\/vc_column_text][vc_separator type=&#8221;normal&#8221; up=&#8221;20&#8243; down=&#8221;30&#8243;][vc_column_text]Les bijoux de la collection Noor By J.M.F pr\u00e9sentent quand on les observe de pr\u00e8s, un rythme&#8230;<\/p>\n","protected":false},"author":461,"featured_media":5351,"parent":4965,"menu_order":0,"comment_status":"closed","ping_status":"closed","template":"","meta":[],"_links":{"self":[{"href":"https:\/\/www.noorbyjmf.com\/fr\/wp-json\/wp\/v2\/pages\/4979"}],"collection":[{"href":"https:\/\/www.noorbyjmf.com\/fr\/wp-json\/wp\/v2\/pages"}],"about":[{"href":"https:\/\/www.noorbyjmf.com\/fr\/wp-json\/wp\/v2\/types\/page"}],"author":[{"embeddable":true,"href":"https:\/\/www.noorbyjmf.com\/fr\/wp-json\/wp\/v2\/users\/461"}],"replies":[{"embeddable":true,"href":"https:\/\/www.noorbyjmf.com\/fr\/wp-json\/wp\/v2\/comments?post=4979"}],"version-history":[{"count":4,"href":"https:\/\/www.noorbyjmf.com\/fr\/wp-json\/wp\/v2\/pages\/4979\/revisions"}],"predecessor-version":[{"id":5775,"href":"https:\/\/www.noorbyjmf.com\/fr\/wp-json\/wp\/v2\/pages\/4979\/revisions\/5775"}],"up":[{"embeddable":true,"href":"https:\/\/www.noorbyjmf.com\/fr\/wp-json\/wp\/v2\/pages\/4965"}],"wp:featuredmedia":[{"embeddable":true,"href":"https:\/\/www.noorbyjmf.com\/fr\/wp-json\/wp\/v2\/media\/5351"}],"wp:attachment":[{"href":"https:\/\/www.noorbyjmf.com\/fr\/wp-json\/wp\/v2\/media?parent=4979"}],"curies":[{"name":"wp","href":"https:\/\/api.w.org\/{rel}","templated":true}]}}