{"id":4980,"date":"2014-01-20T23:18:18","date_gmt":"2014-01-20T23:18:18","guid":{"rendered":"http:\/\/www.noorbyjmf.com\/?page_id=4980"},"modified":"2023-05-01T18:29:51","modified_gmt":"2023-05-01T18:29:51","slug":"enojo-mavi-linefrligne-ojo-mavi","status":"publish","type":"page","link":"https:\/\/www.noorbyjmf.com\/fr\/philosophie-noor\/enojo-mavi-linefrligne-ojo-mavi\/","title":{"rendered":"Ligne OJO MAVI"},"content":{"rendered":"<p>[vc_row css_animation=&#8221;&#8221; row_type=&#8221;row&#8221; use_row_as_full_screen_section=&#8221;no&#8221; type=&#8221;full_width&#8221; angled_section=&#8221;no&#8221; text_align=&#8221;left&#8221; background_image_as_pattern=&#8221;without_pattern&#8221; background_color=&#8221;rgba(255,255,255,0.77)&#8221; side_padding=&#8221;15%&#8221; padding_bottom=&#8221;20&#8243;][vc_column][vc_column_text]<\/p>\n<h1 style=\"text-align: center;\"><strong>Ligne Ojo Mavi<\/strong><\/h1>\n<p>[\/vc_column_text][vc_separator type=&#8221;normal&#8221; down=&#8221;20&#8243;][vc_column_text]<img decoding=\"async\" loading=\"lazy\" class=\"alignright size-full wp-image-1113\" title=\"ojo\" src=\"http:\/\/www.noorbyjmf.com\/wp-content\/uploads\/2012\/07\/ojo1.jpg\" alt=\"\" width=\"128\" height=\"107\"><\/p>\n<p>Ojo Mavi, Nazar Boncuk (prononcez bondjook), mavi boncuk, contre Ain ara et mauvais \u0153il, etc., ses noms sont nombreux !<br \/>\n[vc_separator type=&#8221;transparent&#8221; position=&#8221;center&#8221; color=&#8221;&#8221; thickness=&#8221;&#8221; up=&#8221;15&#8243; down=&#8221;&#8221;]<br \/>\nIl est utilis\u00e9 en Orient et dans tous les pays, lors d&#8217;un voyage, d&#8217;une vente, d&#8217;une f\u00eate, etc., <strong>pour se prot\u00e9ger de l&#8217;envie, des mauvaises pens\u00e9es des voisins ou du &#8220;mauvais \u0153il&#8221;.<\/strong><\/p>\n<p>[vc_separator type=&#8221;transparent&#8221; position=&#8221;center&#8221; color=&#8221;&#8221; thickness=&#8221;&#8221; up=&#8221;15&#8243; down=&#8221;&#8221;]<\/p>\n<p>La langue jud\u00e9o-espagnole dit &#8220;Lo ke no ve la vizina es milizina&#8221;.<br \/>\nCe que le voisin ne voit pas, c&#8217;est un rem\u00e8de.<\/p>\n<p>[vc_separator type=&#8221;transparent&#8221; position=&#8221;center&#8221; color=&#8221;&#8221; thickness=&#8221;&#8221; up=&#8221;15&#8243; down=&#8221;&#8221;]<\/p>\n<p><strong>Se prot\u00e9ger du mauvais \u0153il<\/strong> est le devoir de chacun, <strong>en utilisant un objet pour \u00ab Bu\u00e9n ojo \u00bb<\/strong> (le bon \u0153il). Cet \u0153il est &#8220;mavi&#8221; ou bleu, le bleu est <strong>une couleur protectrice donnant bonheur et richesse.<\/strong> On place l&#8217;Ojo Mavi sur le berceau d&#8217;un b\u00e9b\u00e9, au-dessus du lit conjugal, ou sur soi sous forme de bijou, pour plus d&#8217;efficacit\u00e9.[\/vc_column_text][\/vc_column][\/vc_row][vc_row css_animation=&#8221;&#8221; row_type=&#8221;row&#8221; use_row_as_full_screen_section=&#8221;no&#8221; type=&#8221;full_width&#8221; angled_section=&#8221;no&#8221; text_align=&#8221;left&#8221; background_image_as_pattern=&#8221;without_pattern&#8221;][vc_column][vc_separator type=&#8221;transparent&#8221; down=&#8221;50&#8243;][\/vc_column][\/vc_row]<\/p>\n","protected":false},"excerpt":{"rendered":"<p>[vc_row css_animation=&#8221;&#8221; row_type=&#8221;row&#8221; use_row_as_full_screen_section=&#8221;no&#8221; type=&#8221;full_width&#8221; angled_section=&#8221;no&#8221; text_align=&#8221;left&#8221; background_image_as_pattern=&#8221;without_pattern&#8221; background_color=&#8221;rgba(255,255,255,0.77)&#8221; side_padding=&#8221;15%&#8221; padding_bottom=&#8221;20&#8243;][vc_column][vc_column_text] Ligne Ojo Mavi [\/vc_column_text][vc_separator type=&#8221;normal&#8221; down=&#8221;20&#8243;][vc_column_text] Ojo Mavi, Nazar Boncuk (prononcez bondjook), mavi boncuk, contre Ain ara et mauvais \u0153il, etc., ses noms sont nombreux ! [vc_separator type=&#8221;transparent&#8221; position=&#8221;center&#8221; color=&#8221;&#8221; thickness=&#8221;&#8221; up=&#8221;15&#8243; down=&#8221;&#8221;] Il&#8230;<\/p>\n","protected":false},"author":461,"featured_media":5350,"parent":4965,"menu_order":0,"comment_status":"closed","ping_status":"closed","template":"","meta":[],"_links":{"self":[{"href":"https:\/\/www.noorbyjmf.com\/fr\/wp-json\/wp\/v2\/pages\/4980"}],"collection":[{"href":"https:\/\/www.noorbyjmf.com\/fr\/wp-json\/wp\/v2\/pages"}],"about":[{"href":"https:\/\/www.noorbyjmf.com\/fr\/wp-json\/wp\/v2\/types\/page"}],"author":[{"embeddable":true,"href":"https:\/\/www.noorbyjmf.com\/fr\/wp-json\/wp\/v2\/users\/461"}],"replies":[{"embeddable":true,"href":"https:\/\/www.noorbyjmf.com\/fr\/wp-json\/wp\/v2\/comments?post=4980"}],"version-history":[{"count":4,"href":"https:\/\/www.noorbyjmf.com\/fr\/wp-json\/wp\/v2\/pages\/4980\/revisions"}],"predecessor-version":[{"id":5760,"href":"https:\/\/www.noorbyjmf.com\/fr\/wp-json\/wp\/v2\/pages\/4980\/revisions\/5760"}],"up":[{"embeddable":true,"href":"https:\/\/www.noorbyjmf.com\/fr\/wp-json\/wp\/v2\/pages\/4965"}],"wp:featuredmedia":[{"embeddable":true,"href":"https:\/\/www.noorbyjmf.com\/fr\/wp-json\/wp\/v2\/media\/5350"}],"wp:attachment":[{"href":"https:\/\/www.noorbyjmf.com\/fr\/wp-json\/wp\/v2\/media?parent=4980"}],"curies":[{"name":"wp","href":"https:\/\/api.w.org\/{rel}","templated":true}]}}