{"id":4981,"date":"2014-01-20T23:22:54","date_gmt":"2014-01-20T23:22:54","guid":{"rendered":"http:\/\/www.noorbyjmf.com\/?page_id=4981"},"modified":"2023-05-01T18:51:54","modified_gmt":"2023-05-01T18:51:54","slug":"enred-pompomfrpompon-rouge","status":"publish","type":"page","link":"https:\/\/www.noorbyjmf.com\/fr\/philosophie-noor\/enred-pompomfrpompon-rouge\/","title":{"rendered":"POMPON ROUGE"},"content":{"rendered":"<p>[vc_row css_animation=&#8221;&#8221; row_type=&#8221;row&#8221; use_row_as_full_screen_section=&#8221;no&#8221; type=&#8221;full_width&#8221; angled_section=&#8221;no&#8221; text_align=&#8221;left&#8221; background_image_as_pattern=&#8221;without_pattern&#8221; css=&#8221;.vc_custom_1538501863871{padding: 20px !important;background-color: rgba(255,255,255,0.76) !important;*background-color: rgb(255,255,255) !important;}&#8221; z_index=&#8221;&#8221;][vc_column][vc_column_text]<\/p>\n<h2 style=\"text-align: center;\">Le pompon rouge<\/h2>\n<p>[vc_separator type=&#8221;normal&#8221; position=&#8221;center&#8221; color=&#8221;&#8221; thickness=&#8221;&#8221; up=&#8221;20&#8243; down=&#8221;30&#8243;]<\/p>\n<p><img decoding=\"async\" loading=\"lazy\" class=\"alignright size-full wp-image-2110\" title=\"pompom\" src=\"http:\/\/www.noorbyjmf.com\/wp-content\/uploads\/2012\/07\/pompom.jpg\" alt=\"\" width=\"149\" height=\"128\">Il est connu pour <strong>prot\u00e9ger du mauvais \u0153il.<\/strong> Chaque fois que vous visitez la tombe des Patriarches (Abraham, Isaac et Jacob) \u00e0 H\u00e9bron, vous recevez un fil rouge qui vous rappelle <strong>que vous \u00eates d&#8217;une longue lign\u00e9e d&#8217;\u00eatres humains qui ont ouvert la voie il y a longtemps.<\/strong><br \/>\nLe fil symbolise aussi <strong>la continuit\u00e9 de chaque vie dans le grand courant de l&#8217;\u00e9nergie de la Terre<\/strong> ainsi que <strong>la<\/strong> <strong>Fraternit\u00e9 entre tous les \u00eatres.<\/strong>[\/vc_column_text][\/vc_column][\/vc_row]<\/p>\n","protected":false},"excerpt":{"rendered":"<p>[vc_row css_animation=&#8221;&#8221; row_type=&#8221;row&#8221; use_row_as_full_screen_section=&#8221;no&#8221; type=&#8221;full_width&#8221; angled_section=&#8221;no&#8221; text_align=&#8221;left&#8221; background_image_as_pattern=&#8221;without_pattern&#8221; css=&#8221;.vc_custom_1538501863871{padding: 20px !important;background-color: rgba(255,255,255,0.76) !important;*background-color: rgb(255,255,255) !important;}&#8221; z_index=&#8221;&#8221;][vc_column][vc_column_text] Le pompon rouge [vc_separator type=&#8221;normal&#8221; position=&#8221;center&#8221; color=&#8221;&#8221; thickness=&#8221;&#8221; up=&#8221;20&#8243; down=&#8221;30&#8243;] Il est connu pour prot\u00e9ger du mauvais \u0153il. Chaque fois que vous visitez la tombe des Patriarches (Abraham, Isaac&#8230;<\/p>\n","protected":false},"author":461,"featured_media":5353,"parent":4965,"menu_order":0,"comment_status":"closed","ping_status":"closed","template":"","meta":[],"_links":{"self":[{"href":"https:\/\/www.noorbyjmf.com\/fr\/wp-json\/wp\/v2\/pages\/4981"}],"collection":[{"href":"https:\/\/www.noorbyjmf.com\/fr\/wp-json\/wp\/v2\/pages"}],"about":[{"href":"https:\/\/www.noorbyjmf.com\/fr\/wp-json\/wp\/v2\/types\/page"}],"author":[{"embeddable":true,"href":"https:\/\/www.noorbyjmf.com\/fr\/wp-json\/wp\/v2\/users\/461"}],"replies":[{"embeddable":true,"href":"https:\/\/www.noorbyjmf.com\/fr\/wp-json\/wp\/v2\/comments?post=4981"}],"version-history":[{"count":4,"href":"https:\/\/www.noorbyjmf.com\/fr\/wp-json\/wp\/v2\/pages\/4981\/revisions"}],"predecessor-version":[{"id":5772,"href":"https:\/\/www.noorbyjmf.com\/fr\/wp-json\/wp\/v2\/pages\/4981\/revisions\/5772"}],"up":[{"embeddable":true,"href":"https:\/\/www.noorbyjmf.com\/fr\/wp-json\/wp\/v2\/pages\/4965"}],"wp:featuredmedia":[{"embeddable":true,"href":"https:\/\/www.noorbyjmf.com\/fr\/wp-json\/wp\/v2\/media\/5353"}],"wp:attachment":[{"href":"https:\/\/www.noorbyjmf.com\/fr\/wp-json\/wp\/v2\/media?parent=4981"}],"curies":[{"name":"wp","href":"https:\/\/api.w.org\/{rel}","templated":true}]}}