{"id":4997,"date":"2012-07-24T13:02:48","date_gmt":"2012-07-24T13:02:48","guid":{"rendered":"http:\/\/www.noorbyjmf.com\/?page_id=4997"},"modified":"2018-10-02T15:55:49","modified_gmt":"2018-10-02T15:55:49","slug":"enshipping-returnsfrlivraison-retours","status":"publish","type":"page","link":"https:\/\/www.noorbyjmf.com\/fr\/enshipping-returnsfrlivraison-retours\/","title":{"rendered":"[:en]Shipping &#038; returns[:fr]Livraison &#038; retours[:]"},"content":{"rendered":"<p>[:en]<\/p>\n<h2 style=\"text-align: center;\">SPECIAL OFFER!<\/h2>\n<h2 style=\"text-align: center;\"><span style=\"color: #917a44;\">\u00a0TO OUR DEAR CUSTOMERS, WE OFFER FREE SHIPPING <\/span><\/h2>\n<h2 style=\"text-align: center;\"><span style=\"color: #917a44;\">FOR ALL THE ORDERS IN FRANCE, \u00a0<\/span><\/h2>\n<h2 style=\"text-align: center;\"><span style=\"color: #917a44;\">STARTING NOW!<\/span><\/h2>\n<p>[border]<\/p>\n<h2 style=\"text-align: center;\"><strong>Shipping Rates<\/strong><\/h2>\n<p>[border]<br \/>\n[table color=&#8221;grey&#8221;]<\/p>\n<table style=\"width: 100%;\" cellspacing=\"0\" cellpadding=\"0\">\n<thead>\n<tr>\n<th style=\"width: 16%; text-align: center;\">\u00a0Categories<\/th>\n<th style=\"width: 12%; text-align: left;\"><span style=\"color: #cc99ff;\">Metropolitan France<\/span><\/th>\n<th style=\"width: 12%; text-align: left;\"><span style=\"color: #cc99ff;\">French DOM<\/span><\/th>\n<th style=\"width: 12%; text-align: left;\"><span style=\"color: #cc99ff;\">French TOM<br \/>\n<\/span><\/th>\n<th style=\"width: 12%; text-align: left;\"><span style=\"color: #ccffcc;\">EUROPE &amp; Switzerland<\/span><\/th>\n<th style=\"width: 12%; text-align: left;\"><span style=\"color: #ccffcc;\">EST EUROPE, MAGHREB &amp; NORWEST<\/span><\/th>\n<th style=\"width: 12%; text-align: left;\"><span style=\"color: #ccffcc;\">AFRICA, USA, CANADA &amp; MIDDLE-WEST<\/span><\/th>\n<th style=\"width: 12%; text-align: left;\"><span style=\"color: #ccffcc;\">Other Countries<\/span><\/th>\n<\/tr>\n<\/thead>\n<tbody>\n<tr>\n<th class=\"features\">less than 500 gr<\/th>\n<td>9 \u20ac<\/td>\n<td>11,50 \u20ac<\/td>\n<td>13 \u20ac<\/td>\n<td>17 \u20ac<\/td>\n<td>20 \u20ac<\/td>\n<td>24 \u20ac<\/td>\n<td>27 \u20ac<\/td>\n<\/tr>\n<tr>\n<th class=\"features\">500 gr to 1 kg<\/th>\n<td>10,50 \u20ac<\/td>\n<td>16 \u20ac<\/td>\n<td>18 \u20ac<\/td>\n<td>17 \u20ac<\/td>\n<td>20 \u20ac<\/td>\n<td>24 \u20ac<\/td>\n<td>27 \u20ac<\/td>\n<\/tr>\n<tr>\n<th class=\"features\">1 kg to 2kg<\/th>\n<td>11,60 \u20ac<\/td>\n<td>20 \u20ac<\/td>\n<td>30 \u20ac<\/td>\n<td>18,50 \u20ac<\/td>\n<td>22 \u20ac<\/td>\n<td>32 \u20ac<\/td>\n<td>41 \u20ac<\/td>\n<\/tr>\n<tr>\n<th class=\"features\">2 kg to 3kg<\/th>\n<td>12,50 \u20ac<\/td>\n<td>25 \u20ac<\/td>\n<td>40 \u20ac<\/td>\n<td>22 \u20ac<\/td>\n<td>27 \u20ac<\/td>\n<td>42 \u20ac<\/td>\n<td>53 \u20ac<\/td>\n<\/tr>\n<tr>\n<th class=\"features\">More than 3kg<\/th>\n<td>15 \u20ac<\/td>\n<td>30 \u20ac<\/td>\n<td>55 \u20ac<\/td>\n<td>26 \u20ac<\/td>\n<td>32 \u20ac<\/td>\n<td>52 \u20ac<\/td>\n<td>67 \u20ac<\/td>\n<\/tr>\n<tr>\n<th class=\"features\">DELIVERY<\/th>\n<td>2<br \/>\nworking days<\/td>\n<td>3 to 5<br \/>\nworking days<\/td>\n<td>3 to 5<br \/>\nworking days<\/td>\n<td>5 to 8<br \/>\nworking days<\/td>\n<td>5 to 8<br \/>\nworking days<\/td>\n<td>5 to 8<br \/>\nworking days<\/td>\n<td>5 to 8<br \/>\nworking days<\/td>\n<\/tr>\n<\/tbody>\n<\/table>\n<p>[\/table]<br \/>\n[table color=&#8221;grey&#8221;]<\/p>\n<table style=\"width: 100%;\" cellspacing=\"0\" cellpadding=\"0\">\n<thead>\n<tr>\n<th style=\"width: 14%; text-align: center;\"><\/th>\n<th style=\"width: 40%; text-align: center;\"><span style=\"color: #cc99ff;\">EUROPE: For orders of 300\u20ac and more (all taxes inclusive)<br \/>\n<strong>FREE SHIPPING<\/strong><\/span><\/th>\n<th style=\"width: 46%; text-align: center;\"><span style=\"color: #ccffcc;\">For orders of 400\u20ac and more (all taxes inclusive)<br \/>\n<strong>FREE SHIPPING<\/strong><\/span><\/th>\n<\/tr>\n<\/thead>\n<\/table>\n<p>[\/table]<\/p>\n<p style=\"text-align: center;\">(These rates include insurance of the package)<\/p>\n<p style=\"text-align: center;\">Delivery may require few more days depending on customs delays and force majeure.<\/p>\n<p>[call title=&#8221;Not found the answer?&#8221; incipit=&#8221;feel free to contact our customer service for free support&#8221; phone=&#8221;+33686943958&#8243;][:fr]<\/p>\n<h2 style=\"text-align: center;\">OFFRE SP\u00c9CIALE \u00a0!<\/h2>\n<h2 style=\"text-align: center;\"><span style=\"color: #917a44;\">\u00a0\u00c0 TOUS NOS CHERS CLIENTS, <\/span><\/h2>\n<h2 style=\"text-align: center;\"><span style=\"color: #917a44;\">SUR TOUTES LES COMMANDES DE BIJOUX POUR LA FRANCE, LA LIVRAISON EST GRATUITE !\u00a0<\/span><\/h2>\n<h2><\/h2>\n<h2 style=\"text-align: center;\"><\/h2>\n<p>[border]<\/p>\n<h2 style=\"text-align: center;\"><strong>Tarifs d&#8217;Exp\u00e9dition<\/strong><\/h2>\n<p>[border]<br \/>\n[table color=&#8221;grey&#8221;]<\/p>\n<table style=\"width: 100%;\" cellspacing=\"0\" cellpadding=\"0\">\n<thead>\n<tr>\n<th style=\"width: 16%; text-align: center;\">Cat\u00e9gories<\/th>\n<th style=\"width: 12%; text-align: left;\"><span style=\"color: #cc99ff;\">France M\u00e9tropolitaine<\/span><\/th>\n<th style=\"width: 12%; text-align: left;\"><span style=\"color: #cc99ff;\">D\u00e9partements d&#8217;Outre mer<\/span><\/th>\n<th style=\"width: 12%; text-align: left;\"><span style=\"color: #cc99ff;\">Territoires d&#8217;Outre Mer<\/span><\/th>\n<th style=\"width: 10%; text-align: left;\"><span style=\"color: #ccffcc;\">EUROPE &amp; Suisse<\/span><\/th>\n<th style=\"width: 12%; text-align: left;\"><span style=\"color: #ccffcc;\">EUROPE EST, MAGHREB<br \/>\n&amp; Norv\u00e8ge<\/span><\/th>\n<th style=\"width: 14%; text-align: left;\"><span style=\"color: #ccffcc;\">AFRIQUE, USA, CANADA &amp; MOYEN-ORIENT<\/span><\/th>\n<th style=\"width: 12%; text-align: left;\"><span style=\"color: #ccffcc;\">Autres Pays<\/span><\/th>\n<\/tr>\n<\/thead>\n<tbody>\n<tr>\n<th class=\"features\">moins de 500 gr<\/th>\n<td>9 \u20ac<\/td>\n<td>11,50 \u20ac<\/td>\n<td>13 \u20ac<\/td>\n<td>17 \u20ac<\/td>\n<td>20 \u20ac<\/td>\n<td>24 \u20ac<\/td>\n<td>27 \u20ac<\/td>\n<\/tr>\n<tr>\n<th class=\"features\">500 gr \u00e0 1 kg<\/th>\n<td>10,50 \u20ac<\/td>\n<td>16 \u20ac<\/td>\n<td>18 \u20ac<\/td>\n<td>17 \u20ac<\/td>\n<td>20 \u20ac<\/td>\n<td>24 \u20ac<\/td>\n<td>27 \u20ac<\/td>\n<\/tr>\n<tr>\n<th class=\"features\">1 kg \u00e0 2kg<\/th>\n<td>11,60 \u20ac<\/td>\n<td>20 \u20ac<\/td>\n<td>30 \u20ac<\/td>\n<td>18,50 \u20ac<\/td>\n<td>22 \u20ac<\/td>\n<td>32 \u20ac<\/td>\n<td>41 \u20ac<\/td>\n<\/tr>\n<tr>\n<th class=\"features\">2 kg \u00e0 3kg<\/th>\n<td>12,50 \u20ac<\/td>\n<td>25 \u20ac<\/td>\n<td>40 \u20ac<\/td>\n<td>22 \u20ac<\/td>\n<td>27 \u20ac<\/td>\n<td>42 \u20ac<\/td>\n<td>53 \u20ac<\/td>\n<\/tr>\n<tr>\n<th class=\"features\">Plus de 3kg<\/th>\n<td>15 \u20ac<\/td>\n<td>30 \u20ac<\/td>\n<td>55 \u20ac<\/td>\n<td>26 \u20ac<\/td>\n<td>32 \u20ac<\/td>\n<td>52 \u20ac<\/td>\n<td>67 \u20ac<\/td>\n<\/tr>\n<tr>\n<th class=\"features\">LIVRAISON<\/th>\n<td>2jours ouvr\u00e9s<\/td>\n<td>3 to 5jours ouvr\u00e9s<\/td>\n<td>3 to 5jours ouvr\u00e9s<\/td>\n<td>5 to 8jours ouvr\u00e9s<\/td>\n<td>5 to 8jours ouvr\u00e9s<\/td>\n<td>5 to 8jours ouvr\u00e9s<\/td>\n<td>5 to 8jours ouvr\u00e9s<\/td>\n<\/tr>\n<\/tbody>\n<\/table>\n<p>[\/table]<\/p>\n<p>[table color=&#8221;grey&#8221;]<\/p>\n<table style=\"width: 100%;\" cellspacing=\"0\" cellpadding=\"0\">\n<thead>\n<tr>\n<th style=\"width: 14%; text-align: center;\"><\/th>\n<th style=\"width: 40%; text-align: center;\"><span style=\"color: #cc99ff;\">EUROPE : Pour les commandes de 300 \u20ac et plus (toutes taxes incluses)<br \/>\n<strong>LIVRAISON GRATUITE<\/strong><\/span><\/th>\n<th style=\"width: 46%; text-align: center;\"><span style=\"color: #ccffcc;\">Pour les commandes de 400 \u20ac et plus (toutes taxes incluses)<br \/>\n<strong>LIVRAISON GRATUITE<\/strong><\/span><\/th>\n<\/tr>\n<\/thead>\n<\/table>\n<p>[\/table]<\/p>\n<p style=\"text-align: center;\">(Ces tarifs comprennent l\u2019assurance du colis)<\/p>\n<p style=\"text-align: center;\">La livraison peut n\u00e9cessiter quelques jours suppl\u00e9mentaires selon les d\u00e9lais de douane et cas de force majeure.<\/p>\n<p>[call title=&#8221;Vous n&#8217;avez pas votre r\u00e9ponse ?&#8221; incipit=&#8221;appelez notre service client pour plus d&#8217;informations&#8221; phone=&#8221;+33 686 943 958&#8243;][:]<\/p>\n","protected":false},"excerpt":{"rendered":"<p>[:en] SPECIAL OFFER! \u00a0TO OUR DEAR CUSTOMERS, WE OFFER FREE SHIPPING FOR ALL THE ORDERS IN FRANCE, \u00a0 STARTING NOW! [border] Shipping Rates [border] [table color=&#8221;grey&#8221;] \u00a0Categories Metropolitan France French DOM French TOM EUROPE &amp; Switzerland EST EUROPE, MAGHREB &amp; NORWEST AFRICA, USA, CANADA &amp;&#8230;<\/p>\n","protected":false},"author":461,"featured_media":0,"parent":0,"menu_order":0,"comment_status":"closed","ping_status":"closed","template":"","meta":[],"_links":{"self":[{"href":"https:\/\/www.noorbyjmf.com\/fr\/wp-json\/wp\/v2\/pages\/4997"}],"collection":[{"href":"https:\/\/www.noorbyjmf.com\/fr\/wp-json\/wp\/v2\/pages"}],"about":[{"href":"https:\/\/www.noorbyjmf.com\/fr\/wp-json\/wp\/v2\/types\/page"}],"author":[{"embeddable":true,"href":"https:\/\/www.noorbyjmf.com\/fr\/wp-json\/wp\/v2\/users\/461"}],"replies":[{"embeddable":true,"href":"https:\/\/www.noorbyjmf.com\/fr\/wp-json\/wp\/v2\/comments?post=4997"}],"version-history":[{"count":1,"href":"https:\/\/www.noorbyjmf.com\/fr\/wp-json\/wp\/v2\/pages\/4997\/revisions"}],"predecessor-version":[{"id":5005,"href":"https:\/\/www.noorbyjmf.com\/fr\/wp-json\/wp\/v2\/pages\/4997\/revisions\/5005"}],"wp:attachment":[{"href":"https:\/\/www.noorbyjmf.com\/fr\/wp-json\/wp\/v2\/media?parent=4997"}],"curies":[{"name":"wp","href":"https:\/\/api.w.org\/{rel}","templated":true}]}}