{"id":5004,"date":"2014-01-20T23:30:32","date_gmt":"2014-01-20T23:30:32","guid":{"rendered":"http:\/\/www.noorbyjmf.com\/?page_id=5004"},"modified":"2023-05-01T19:01:14","modified_gmt":"2023-05-01T19:01:14","slug":"packaging","status":"publish","type":"page","link":"https:\/\/www.noorbyjmf.com\/fr\/packaging\/","title":{"rendered":"PACKAGING"},"content":{"rendered":"<p>[vc_row css_animation=&#8221;&#8221; row_type=&#8221;row&#8221; use_row_as_full_screen_section=&#8221;no&#8221; type=&#8221;full_width&#8221; angled_section=&#8221;no&#8221; text_align=&#8221;left&#8221; background_image_as_pattern=&#8221;without_pattern&#8221; css=&#8221;.vc_custom_1538502121767{padding: 20px !important;background-color: rgba(255,255,255,0.76) !important;*background-color: rgb(255,255,255) !important;}&#8221; z_index=&#8221;&#8221;][vc_column][vc_column_text]<\/p>\n<h2 style=\"text-align: center;\">Packaging<\/h2>\n<p>[vc_separator type=&#8221;normal&#8221; position=&#8221;center&#8221; color=&#8221;&#8221; thickness=&#8221;&#8221; up=&#8221;20&#8243; down=&#8221;30&#8243;]<\/p>\n<p>Les bijoux <strong>Noor By J.M.F<\/strong> sont compos\u00e9s d&#8217;objets pr\u00e9cieux et porte-bonheur, \u00e0 offrir \u00e0 vous-m\u00eame et \u00e0 vos proches. Ils participent \u00e0 un <strong>rituel b\u00e9n\u00e9fique<\/strong> ; C&#8217;est pourquoi il <strong>existe deux sachets<\/strong>, l&#8217;un contenant de l&#8217;encens et des senteurs pr\u00e9cieuses (myrrhe, benjoin&#8230;) dont les propri\u00e9t\u00e9s sont connues depuis la nuit des temps, aux vertus purifiantes et protectrices. Il doit \u00eatre br\u00fbl\u00e9 sur un brasier ou un br\u00fbleur d&#8217;encens. L&#8217;autre contient les Sels de la Mer Morte, des pierres pr\u00e9cieuses \u00e0 diluer dans votre bain comme un rituel apaisant et purifiant.<\/p>\n<p style=\"padding-left: 60px;\"><img decoding=\"async\" loading=\"lazy\" title=\"\" src=\"http:\/\/www.noorbyjmf.com\/wp-content\/uploads\/2012\/09\/purse-transparent.png\" alt=\"\" width=\"266\" height=\"177\"><img decoding=\"async\" loading=\"lazy\" title=\"bourse\" src=\"http:\/\/www.noorbyjmf.com\/wp-content\/uploads\/2012\/09\/purse-encens.png\" alt=\"\" width=\"206\" height=\"158\"><\/p>\n<p>[\/vc_column_text][\/vc_column][\/vc_row][vc_row css_animation=&#8221;&#8221; row_type=&#8221;row&#8221; use_row_as_full_screen_section=&#8221;no&#8221; type=&#8221;full_width&#8221; angled_section=&#8221;no&#8221; text_align=&#8221;left&#8221; background_image_as_pattern=&#8221;without_pattern&#8221;][vc_column][vc_separator type=&#8221;transparent&#8221; down=&#8221;60&#8243;][\/vc_column][\/vc_row]<\/p>\n","protected":false},"excerpt":{"rendered":"<p>[vc_row css_animation=&#8221;&#8221; row_type=&#8221;row&#8221; use_row_as_full_screen_section=&#8221;no&#8221; type=&#8221;full_width&#8221; angled_section=&#8221;no&#8221; text_align=&#8221;left&#8221; background_image_as_pattern=&#8221;without_pattern&#8221; css=&#8221;.vc_custom_1538502121767{padding: 20px !important;background-color: rgba(255,255,255,0.76) !important;*background-color: rgb(255,255,255) !important;}&#8221; z_index=&#8221;&#8221;][vc_column][vc_column_text] Packaging [vc_separator type=&#8221;normal&#8221; position=&#8221;center&#8221; color=&#8221;&#8221; thickness=&#8221;&#8221; up=&#8221;20&#8243; down=&#8221;30&#8243;] Les bijoux Noor By J.M.F sont compos\u00e9s d&#8217;objets pr\u00e9cieux et porte-bonheur, \u00e0 offrir \u00e0 vous-m\u00eame et \u00e0 vos proches. Ils participent&#8230;<\/p>\n","protected":false},"author":461,"featured_media":5355,"parent":0,"menu_order":0,"comment_status":"closed","ping_status":"closed","template":"","meta":[],"_links":{"self":[{"href":"https:\/\/www.noorbyjmf.com\/fr\/wp-json\/wp\/v2\/pages\/5004"}],"collection":[{"href":"https:\/\/www.noorbyjmf.com\/fr\/wp-json\/wp\/v2\/pages"}],"about":[{"href":"https:\/\/www.noorbyjmf.com\/fr\/wp-json\/wp\/v2\/types\/page"}],"author":[{"embeddable":true,"href":"https:\/\/www.noorbyjmf.com\/fr\/wp-json\/wp\/v2\/users\/461"}],"replies":[{"embeddable":true,"href":"https:\/\/www.noorbyjmf.com\/fr\/wp-json\/wp\/v2\/comments?post=5004"}],"version-history":[{"count":3,"href":"https:\/\/www.noorbyjmf.com\/fr\/wp-json\/wp\/v2\/pages\/5004\/revisions"}],"predecessor-version":[{"id":5777,"href":"https:\/\/www.noorbyjmf.com\/fr\/wp-json\/wp\/v2\/pages\/5004\/revisions\/5777"}],"wp:featuredmedia":[{"embeddable":true,"href":"https:\/\/www.noorbyjmf.com\/fr\/wp-json\/wp\/v2\/media\/5355"}],"wp:attachment":[{"href":"https:\/\/www.noorbyjmf.com\/fr\/wp-json\/wp\/v2\/media?parent=5004"}],"curies":[{"name":"wp","href":"https:\/\/api.w.org\/{rel}","templated":true}]}}