{"id":5091,"date":"2012-09-15T09:13:29","date_gmt":"2012-09-15T09:13:29","guid":{"rendered":"http:\/\/www.noorbyjmf.com\/?post_type=product&#038;p=5091"},"modified":"2023-05-02T19:06:44","modified_gmt":"2023-05-02T19:06:44","slug":"engarnet-pyrite-necklace-chani-bkfrcollier-grenat-pyrite-chani-bk","status":"publish","type":"product","link":"https:\/\/www.noorbyjmf.com\/fr\/boutique\/grenat-fr\/engarnet-pyrite-necklace-chani-bkfrcollier-grenat-pyrite-chani-bk\/","title":{"rendered":"Collier Grenat Pyrite, CHANI BK"},"content":{"rendered":"<p>[vc_row css_animation=&#8221;&#8221; row_type=&#8221;row&#8221; use_row_as_full_screen_section=&#8221;no&#8221; type=&#8221;full_width&#8221; angled_section=&#8221;no&#8221; text_align=&#8221;left&#8221; background_image_as_pattern=&#8221;without_pattern&#8221;][vc_column][vc_column_text][:en][\/vc_column_text][\/vc_column][\/vc_row][vc_row css_animation=&#8221;&#8221; row_type=&#8221;row&#8221; use_row_as_full_screen_section=&#8221;no&#8221; type=&#8221;full_width&#8221; angled_section=&#8221;no&#8221; text_align=&#8221;left&#8221; background_image_as_pattern=&#8221;without_pattern&#8221;][vc_column width=&#8221;1\/2&#8243;][vc_column_text]<img decoding=\"async\" loading=\"lazy\" class=\"alignright size-full wp-image-1633\" title=\"\" src=\"http:\/\/www.noorbyjmf.com\/wp-content\/uploads\/2012\/08\/grenat.png\" alt=\"\" width=\"90\" height=\"90\"><\/p>\n<h5>Grenat<\/h5>\n<p>[vc_separator type=&#8221;transparent&#8221; position=&#8221;center&#8221; color=&#8221;&#8221; thickness=&#8221;&#8221; up=&#8221;10&#8243; down=&#8221;&#8221;]<\/p>\n<h6><strong>Le bouclier des h\u00e9ros<\/strong> Utilis\u00e9 dans la Gr\u00e8ce antique sur le bouclier des guerriers ; surtout \u00e0 Sparte. Ce n&#8217;est peut-\u00eatre pas des fl\u00e8ches ni des balles, c&#8217;est vrai que le grenat augmentera votre confiance en vous, votre pers\u00e9v\u00e9rance, et vous donnera d\u00e9finitivement un bon coup de pied plus de place pour \u00eatre &#8220;celui dans le coin&#8221;.<\/h6>\n<p>[\/vc_column_text][\/vc_column][vc_column width=&#8221;1\/2&#8243;][vc_column_text]<img decoding=\"async\" loading=\"lazy\" class=\"alignright size-full wp-image-1350\" title=\"\" src=\"http:\/\/www.noorbyjmf.com\/wp-content\/uploads\/2012\/07\/pyrite.png\" alt=\"\" width=\"90\" height=\"90\" srcset=\"https:\/\/www.noorbyjmf.com\/wp-content\/uploads\/2012\/07\/pyrite.png 90w, https:\/\/www.noorbyjmf.com\/wp-content\/uploads\/2012\/07\/pyrite-55x55.png 55w, https:\/\/www.noorbyjmf.com\/wp-content\/uploads\/2012\/07\/pyrite-86x86.png 86w, https:\/\/www.noorbyjmf.com\/wp-content\/uploads\/2012\/07\/pyrite-20x20.png 20w\" sizes=\"(max-width: 90px) 100vw, 90px\" \/><\/p>\n<h5>Pyrite<\/h5>\n<p>[vc_separator type=&#8221;transparent&#8221; position=&#8221;center&#8221; color=&#8221;&#8221; thickness=&#8221;&#8221; up=&#8221;10&#8243; down=&#8221;&#8221;]<\/p>\n<h6><strong>L&#8217;or des fous<\/strong><br \/>\nAussi connu sous le nom de feu m\u00e9tallique. Cela en dit long sur cette pierre.<br \/>\nAu cours des si\u00e8cles, tant de gens ont perdu la raison en creusant et en creusant en pensant que c&#8217;\u00e9tait en fait de l&#8217;or. \u00c7a y ressemble, mais c&#8217;est bien mieux.<br \/>\nC&#8217;est une vraie pierre de formule 1, ajout\u00e9e \u00e0 une autre gemme (en fait c&#8217;est l&#8217;une des rares qu&#8217;on puisse associer \u00e0 d&#8217;autres parmi le diamant de quartz et le cristal.) Elle vous boostera de coca\u00efne dans une pierre, donc d\u00e9conseill\u00e9e aux hyperactifs, car elle soyez votre vraie kryptonite.<\/h6>\n<p>[\/vc_column_text][\/vc_column][\/vc_row][vc_row css_animation=&#8221;&#8221; row_type=&#8221;row&#8221; use_row_as_full_screen_section=&#8221;no&#8221; type=&#8221;full_width&#8221; angled_section=&#8221;no&#8221; text_align=&#8221;left&#8221; background_image_as_pattern=&#8221;without_pattern&#8221; padding_top=&#8221;20&#8243; padding_bottom=&#8221;20&#8243;][vc_column][vc_text_separator title=&#8221;TAILLE &amp; CARATS&#8221; title_align=&#8221;separator_align_left&#8221; border=&#8221;no&#8221; background_color=&#8221;#e3e3e3&#8243; title_color=&#8221;#282828&#8243;][\/vc_column][\/vc_row][vc_row css_animation=&#8221;&#8221; row_type=&#8221;row&#8221; use_row_as_full_screen_section=&#8221;no&#8221; type=&#8221;full_width&#8221; angled_section=&#8221;no&#8221; text_align=&#8221;left&#8221; background_image_as_pattern=&#8221;without_pattern&#8221; css=&#8221;.vc_custom_1442071721774{margin-right: 15px !important;background-color: rgba(255,255,255,0.8) !important;*background-color: rgb(255,255,255) !important;}&#8221;][vc_column][vc_column_text]<\/p>\n<table border=\"1\" width=\"100%\">\n<tbody>\n<tr>\n<th>GENRE<\/th>\n<th>TAILLE<\/th>\n<th>1\u00e8re gemme majeure<\/th>\n<th>2e gemme<\/th>\n<\/tr>\n<tr>\n<th>Femme<\/th>\n<td><span style=\"color: #333333;\">18 cm<\/span><\/td>\n<td width=\"30%\">98 carats<\/td>\n<td width=\"30%\">48,5 carats<\/td>\n<\/tr>\n<tr>\n<th>Homme<\/th>\n<td>20 cm<\/td>\n<td width=\"30%\">109 carats<\/td>\n<td width=\"30%\">48,5 carats<\/td>\n<\/tr>\n<\/tbody>\n<\/table>\n<p>[\/vc_column_text][vc_separator type=&#8221;transparent&#8221; down=&#8221;20&#8243;][\/vc_column][\/vc_row]<\/p>\n","protected":false},"excerpt":{"rendered":"<p>Le grenat orn\u00e9 de ses brillantes pyrites, vous accompagne et vous prot\u00e8ge partout.<\/p>\n<p>[vc_separator type=&#8221;transparent&#8221; position=&#8221;center&#8221; color=&#8221;&#8221; thickness=&#8221;&#8221; up=&#8221;10&#8243; down=&#8221;&#8221;]<\/p>\n<p>Collier compos\u00e9 de pierres semi-pr\u00e9cieuses : Grenat &amp; Pyrite. Ce collier a la particularit\u00e9 d&#8217;\u00eatre compos\u00e9 de 33 pyrites assembl\u00e9es par 3.<\/p>\n","protected":false},"featured_media":5337,"template":"","meta":[],"product_cat":[675,655,662,645,651,657],"product_tag":[696,698,708],"_links":{"self":[{"href":"https:\/\/www.noorbyjmf.com\/fr\/wp-json\/wp\/v3\/product\/5091"}],"collection":[{"href":"https:\/\/www.noorbyjmf.com\/fr\/wp-json\/wp\/v3\/product"}],"about":[{"href":"https:\/\/www.noorbyjmf.com\/fr\/wp-json\/wp\/v2\/types\/product"}],"wp:featuredmedia":[{"embeddable":true,"href":"https:\/\/www.noorbyjmf.com\/fr\/wp-json\/wp\/v2\/media\/5337"}],"wp:attachment":[{"href":"https:\/\/www.noorbyjmf.com\/fr\/wp-json\/wp\/v2\/media?parent=5091"}],"wp:term":[{"taxonomy":"product_cat","embeddable":true,"href":"https:\/\/www.noorbyjmf.com\/fr\/wp-json\/wp\/v2\/product_cat?post=5091"},{"taxonomy":"product_tag","embeddable":true,"href":"https:\/\/www.noorbyjmf.com\/fr\/wp-json\/wp\/v2\/product_tag?post=5091"}],"curies":[{"name":"wp","href":"https:\/\/api.w.org\/{rel}","templated":true}]}}