{"id":5093,"date":"2012-08-27T18:37:07","date_gmt":"2012-08-27T18:37:07","guid":{"rendered":"http:\/\/www.noorbyjmf.com\/?post_type=product&#038;p=5093"},"modified":"2023-05-02T19:20:48","modified_gmt":"2023-05-02T19:20:48","slug":"grey-pearl-sapphire-necklace-bk","status":"publish","type":"product","link":"https:\/\/www.noorbyjmf.com\/fr\/boutique\/perle-grise\/grey-pearl-sapphire-necklace-bk\/","title":{"rendered":"Collier Saphir Perle Grise, KRISHNA BK"},"content":{"rendered":"<h5>Collier compos\u00e9 de disques facett\u00e9s : Perles majoritairement grises accompagn\u00e9es de disques facett\u00e9s de Saphir.<\/h5>\n<pre><\/pre>\n<p>******************<img decoding=\"async\" loading=\"lazy\" class=\"alignright size-full wp-image-2195\" title=\"\" src=\"http:\/\/www.noorbyjmf.com\/wp-content\/uploads\/2012\/08\/perle-blanche-ol.png\" alt=\"\" width=\"90\" height=\"90\"><\/p>\n<h5>Perle blanche<\/h5>\n<h6><strong>Le seul et unique Maharaja !!!<\/strong><br \/>\nDepuis 5 000 ans, elles sont toujours l\u00e0 pour capter la lumi\u00e8re, ces perles sont des d\u00e9esses qui enflamment les passions. D\u00e9test\u00e9s, ador\u00e9s, ils traversent le temps sans perdre leur \u00e9clat. Et ne croyez pas que vous ayez besoin de la \u00ab Peregrina \u00bb pour \u00eatre plus s\u00e9duisante&#8230;<\/h6>\n<p>******************<br \/>\n<img decoding=\"async\" loading=\"lazy\" class=\"alignright size-full wp-image-1706\" title=\"\" src=\"http:\/\/www.noorbyjmf.com\/wp-content\/uploads\/2012\/08\/saphir.png\" alt=\"\" width=\"90\" height=\"90\"><\/p>\n<h5>Saphir<\/h5>\n<h6><strong>Les joyaux des maharajas<\/strong><br \/>\nCette pierre pr\u00e9cieuse a toujours \u00e9t\u00e9 utilis\u00e9e pour stimuler la vie spirituelle. Son influence b\u00e9n\u00e9fique aide \u00e0 r\u00e9soudre les blocages \u00e9motionnels, connus pour chasser la tristesse, le mauvais \u0153il, amener des gens bons et honn\u00eates dans votre vie. Lorsqu&#8217;il est offert en cadeau, il \u00e9tablit un lien extr\u00eamement fort entre amis et amants.<\/h6>\n","protected":false},"excerpt":{"rendered":"<h5>L&#8217;\u00e9clat dor\u00e9 de la Pyrite exalte la lumi\u00e8re bleue du Saphir.<\/h5>\n","protected":false},"featured_media":5340,"template":"","meta":[],"product_cat":[620,675,666,651,657],"product_tag":[698,708],"_links":{"self":[{"href":"https:\/\/www.noorbyjmf.com\/fr\/wp-json\/wp\/v3\/product\/5093"}],"collection":[{"href":"https:\/\/www.noorbyjmf.com\/fr\/wp-json\/wp\/v3\/product"}],"about":[{"href":"https:\/\/www.noorbyjmf.com\/fr\/wp-json\/wp\/v2\/types\/product"}],"wp:featuredmedia":[{"embeddable":true,"href":"https:\/\/www.noorbyjmf.com\/fr\/wp-json\/wp\/v2\/media\/5340"}],"wp:attachment":[{"href":"https:\/\/www.noorbyjmf.com\/fr\/wp-json\/wp\/v2\/media?parent=5093"}],"wp:term":[{"taxonomy":"product_cat","embeddable":true,"href":"https:\/\/www.noorbyjmf.com\/fr\/wp-json\/wp\/v2\/product_cat?post=5093"},{"taxonomy":"product_tag","embeddable":true,"href":"https:\/\/www.noorbyjmf.com\/fr\/wp-json\/wp\/v2\/product_tag?post=5093"}],"curies":[{"name":"wp","href":"https:\/\/api.w.org\/{rel}","templated":true}]}}