{"id":5094,"date":"2012-08-27T18:28:29","date_gmt":"2012-08-27T18:28:29","guid":{"rendered":"http:\/\/www.noorbyjmf.com\/?post_type=product&#038;p=5094"},"modified":"2018-11-19T19:03:23","modified_gmt":"2018-11-19T19:03:23","slug":"engrey-pearl-emerald-necklace-zohr-bkfrcollier-perle-grise-emeraude-zohr-bk","status":"publish","type":"product","link":"https:\/\/www.noorbyjmf.com\/fr\/boutique\/perle-grise\/engrey-pearl-emerald-necklace-zohr-bkfrcollier-perle-grise-emeraude-zohr-bk\/","title":{"rendered":"[:en]Grey Pearl Emerald Necklace, ZOHR BK[:fr]Collier Perle Grise Emeraude, ZOHR BK[:]"},"content":{"rendered":"<p>[:en]<\/p>\n<h5>Necklace made of: mostly grey pearls accompanied by faceted discs of Emerald.<\/h5>\n<pre><\/pre>\n<p>******************<img decoding=\"async\" loading=\"lazy\" class=\"alignright size-full wp-image-2195\" title=\"\" src=\"http:\/\/www.noorbyjmf.com\/wp-content\/uploads\/2012\/08\/perle-blanche-ol.png\" alt=\"\" width=\"90\" height=\"90\" \/><\/p>\n<h5>White Pearl<\/h5>\n<h6><strong>The Maharaja\u2019s one &amp; only!!!<\/strong><br \/>\nSince 5 000 years, they are always there to capture the light, these pearls are goddesses who inflame passion. Hated, adored, they move througt time without losting their luster. And do not think you need the \u00ab Peregrina \u00bb to be more attractive&#8230;<\/h6>\n<p>******************<br \/>\n<img decoding=\"async\" loading=\"lazy\" class=\"alignright size-full wp-image-1632\" title=\"\" src=\"http:\/\/www.noorbyjmf.com\/wp-content\/uploads\/2012\/08\/emeraude.png\" alt=\"\" width=\"90\" height=\"90\" \/><\/p>\n<h5>Emerald<\/h5>\n<h6><strong>Spring in a Gem<\/strong><br \/>\nValued as of divine descent in ancient times. That marvelous gem will help you when an inner reboot is needed ASAP. Not mentioning that is said to be helpful when it comes to crystal clear views of things &amp; life.<\/h6>\n<p>[:fr]<\/p>\n<h5>Sautoir compos\u00e9 en majorit\u00e9 de perles grises accompagn\u00e9es d\u2019\u00e9meraude facett\u00e9e. Un collier raffin\u00e9 qui resplendira sur une peau bronz\u00e9e.<\/h5>\n<pre><\/pre>\n<p>******************<img decoding=\"async\" loading=\"lazy\" class=\"alignright size-full wp-image-2166\" title=\"\" src=\"http:\/\/www.noorbyjmf.com\/wp-content\/uploads\/2012\/08\/perle-grise-ol.png\" alt=\"\" width=\"90\" height=\"90\" \/><\/p>\n<h5>Perle Grise<\/h5>\n<h6><strong>Votre styliste Priv\u00e9<\/strong><br \/>\nL\u2019\u00e9l\u00e9gance de ces perles \u00e0 l\u2019\u00e9clat argent\u00e9 n\u2019est plus \u00e0 d\u00e9montrer ! Tout est plus classe, plus tendance quand elles entrent en sc\u00e8ne&#8230;<\/h6>\n<p>******************<img decoding=\"async\" loading=\"lazy\" class=\"alignright size-full wp-image-1632\" title=\"\" src=\"http:\/\/www.noorbyjmf.com\/wp-content\/uploads\/2012\/08\/emeraude.png\" alt=\"\" width=\"90\" height=\"90\" \/><\/p>\n<h5>Emeraude<\/h5>\n<h6><strong>Cette pierre est un printemps !<\/strong><br \/>\nGrandement appr\u00e9ci\u00e9e dans les temps anciens car de descendance divine, cette gemme merveilleuse vous aidera quand vous avez rapidement besoin d\u2019un reboot int\u00e9rieur (remise \u00e0 z\u00e9ro). Et rappelez-vous, elle \u00e9claircit vos id\u00e9es sur vos projets et votre vie !<\/h6>\n<p>[:]<\/p>\n","protected":false},"excerpt":{"rendered":"<p>[:en]<\/p>\n<h5>In this bracelet, you unite the softness of the grey pearls with the dark luster of Emerald.<\/h5>\n<p>[:fr]<\/p>\n<h5>Amoureux du vif argent, voil\u00e0 de quoi rehausser votre collection par les touches d\u2019\u00e9meraude.<\/h5>\n<p>[:]<\/p>\n","protected":false},"featured_media":5098,"template":"","meta":[],"product_cat":[620,675,642,651,657],"product_tag":[696,698,708],"_links":{"self":[{"href":"https:\/\/www.noorbyjmf.com\/fr\/wp-json\/wp\/v3\/product\/5094"}],"collection":[{"href":"https:\/\/www.noorbyjmf.com\/fr\/wp-json\/wp\/v3\/product"}],"about":[{"href":"https:\/\/www.noorbyjmf.com\/fr\/wp-json\/wp\/v2\/types\/product"}],"wp:featuredmedia":[{"embeddable":true,"href":"https:\/\/www.noorbyjmf.com\/fr\/wp-json\/wp\/v2\/media\/5098"}],"wp:attachment":[{"href":"https:\/\/www.noorbyjmf.com\/fr\/wp-json\/wp\/v2\/media?parent=5094"}],"wp:term":[{"taxonomy":"product_cat","embeddable":true,"href":"https:\/\/www.noorbyjmf.com\/fr\/wp-json\/wp\/v2\/product_cat?post=5094"},{"taxonomy":"product_tag","embeddable":true,"href":"https:\/\/www.noorbyjmf.com\/fr\/wp-json\/wp\/v2\/product_tag?post=5094"}],"curies":[{"name":"wp","href":"https:\/\/api.w.org\/{rel}","templated":true}]}}