{"id":5097,"date":"2012-08-27T18:04:07","date_gmt":"2012-08-27T18:04:07","guid":{"rendered":"http:\/\/www.noorbyjmf.com\/?post_type=product&#038;p=5097"},"modified":"2018-11-19T19:05:16","modified_gmt":"2018-11-19T19:05:16","slug":"enlabradorite-pyrite-necklace-jyoti-bkfrcollier-labradorite-pyrite-jyoti-bk","status":"publish","type":"product","link":"https:\/\/www.noorbyjmf.com\/fr\/boutique\/labradorite-fr\/enlabradorite-pyrite-necklace-jyoti-bkfrcollier-labradorite-pyrite-jyoti-bk\/","title":{"rendered":"[:en]Labradorite Pyrite Necklace, JYOTI BK[:fr]Collier Labradorite Pyrite, JYOTI BK[:]"},"content":{"rendered":"<p>[:en]<\/p>\n<h5>Necklace made of faceted discs: mostly Labradorite accompanied by Pyrite.<\/h5>\n<pre><\/pre>\n<p>******************<img decoding=\"async\" loading=\"lazy\" class=\"alignright size-full wp-image-1636\" title=\"\" src=\"http:\/\/www.noorbyjmf.com\/wp-content\/uploads\/2012\/08\/labradorite.png\" alt=\"\" width=\"90\" height=\"90\" \/><\/p>\n<h5>Labradorite<\/h5>\n<h6><strong>Your own Personal Caregiver<\/strong><br \/>\nThat \u00ab opal \u00bb like stone is fascinating. Especially when you know that it creates a shield around you when it comes to helping sick or challenging people; and we all have to go through that at one point. Well we are not saying that it will turn you into some kind of \u00ab green lantern \u00bb yet totally helpful to prevent yourself from bad energies.<\/h6>\n<p>******************<br \/>\n<img decoding=\"async\" loading=\"lazy\" class=\"alignright size-full wp-image-1350\" title=\"\" src=\"http:\/\/www.noorbyjmf.com\/wp-content\/uploads\/2012\/07\/pyrite.png\" alt=\"\" width=\"90\" height=\"90\" srcset=\"https:\/\/www.noorbyjmf.com\/wp-content\/uploads\/2012\/07\/pyrite.png 90w, https:\/\/www.noorbyjmf.com\/wp-content\/uploads\/2012\/07\/pyrite-55x55.png 55w, https:\/\/www.noorbyjmf.com\/wp-content\/uploads\/2012\/07\/pyrite-86x86.png 86w, https:\/\/www.noorbyjmf.com\/wp-content\/uploads\/2012\/07\/pyrite-20x20.png 20w\" sizes=\"(max-width: 90px) 100vw, 90px\" \/><\/p>\n<h5>Pyrite<\/h5>\n<h6><strong>The Fool\u2019s Gold<\/strong><br \/>\nAlso known as the metallic fire. That says a lot about that stone.<br \/>\nSo many over the centuries lost their mind over that one digging &amp; digging thinking that it was actually gold. It looks like it, but it is way better.<br \/>\nIt\u2019s a real formula one stone, added to another gem (actually it\u2019s one of the rare one we can associated with other among quartz diamond and crystal.) It will boost you cocaine in a stone, hence not recommended for hyperactive people, because it will be your real kryptonite.<\/h6>\n<p>[:fr]<\/p>\n<h5>Sautoir compos\u00e9 de disques facett\u00e9s en majorit\u00e9 de Labradorite accompagn\u00e9e de Pyrite.<\/h5>\n<pre><\/pre>\n<p>******************<img decoding=\"async\" loading=\"lazy\" class=\"alignright size-full wp-image-1636\" title=\"\" src=\"http:\/\/www.noorbyjmf.com\/wp-content\/uploads\/2012\/08\/labradorite.png\" alt=\"\" width=\"90\" height=\"90\" \/><\/p>\n<h5>Labradorite<\/h5>\n<h6><strong>Une Amie qui vous veut du Bien<\/strong><br \/>\nCette pierre qui ressemble \u00e0 l\u2019opale, est fascinante. Sp\u00e9cialement quand vous apprenez qu\u2019elle cr\u00e9e une protection autour de vous quand vous devez aider des personnes malades ou difficiles (et nous devons tous en passer par l\u00e0, \u00e0 un moment ou \u00e0 un autre). Bon, on ne dit pas que \u00e7a va vous transformer en une esp\u00e8ce de \u00ab Green Lantern \u00bb (super h\u00e9ros), cependant cette pierre est vraiment utile pour vous prot\u00e9ger des mauvaises \u00e9nergies.<\/h6>\n<p>******************<img decoding=\"async\" loading=\"lazy\" class=\"alignright size-full wp-image-1350\" title=\"pyrite\" src=\"http:\/\/www.noorbyjmf.com\/wp-content\/uploads\/2012\/07\/pyrite.png\" alt=\"\" width=\"90\" height=\"90\" srcset=\"https:\/\/www.noorbyjmf.com\/wp-content\/uploads\/2012\/07\/pyrite.png 90w, https:\/\/www.noorbyjmf.com\/wp-content\/uploads\/2012\/07\/pyrite-55x55.png 55w, https:\/\/www.noorbyjmf.com\/wp-content\/uploads\/2012\/07\/pyrite-86x86.png 86w, https:\/\/www.noorbyjmf.com\/wp-content\/uploads\/2012\/07\/pyrite-20x20.png 20w\" sizes=\"(max-width: 90px) 100vw, 90px\" \/><\/p>\n<h5>Pyrite<\/h5>\n<h6><strong>L\u2019Or des Fous<\/strong><br \/>\nConnue \u00e9galement sous le nom feu m\u00e9tallique, cela en dit beaucoup sur cette pierre.<br \/>\nIl y eu tellement de chercheurs d\u2019or au cours des si\u00e8cles, qui ont perdu l\u2019esprit \u00e0 creuser et creuser encore en pensant que c\u2019\u00e9tait de l\u2019or. \u00c7a y ressemble, mais c\u2019est bien mieux.<br \/>\nC\u2019est une v\u00e9ritable formule faite pierre. Ajout\u00e9e \u00e0 une autre gemme (en fait c\u2019est l\u2019une des pierres que l\u2019on peut associer \u00e0 d\u2019autres, avec le quartz, le diamant et le cristal.) \u00e7a vous boostera comme de la pierre-coca\u00efne, (pourtant non recommand\u00e9e pour les personnes hyperactives), car ce sera votre vraie kryptonite.<\/h6>\n<p>[:]<\/p>\n","protected":false},"excerpt":{"rendered":"<p>[:en]<\/p>\n<h5>You\u2019ll love the play of infinite blue reflections of Labradorite and Pyrite.<\/h5>\n<p>[:fr]<\/p>\n<h5>Vous adorerez le jeu des reflets bleus \u00e0 l\u2019infini de la Labradorite Pyrite.<\/h5>\n<p>[:]<\/p>\n","protected":false},"featured_media":5102,"template":"","meta":[],"product_cat":[675,655,662,648,651,657],"product_tag":[697,699,707],"_links":{"self":[{"href":"https:\/\/www.noorbyjmf.com\/fr\/wp-json\/wp\/v3\/product\/5097"}],"collection":[{"href":"https:\/\/www.noorbyjmf.com\/fr\/wp-json\/wp\/v3\/product"}],"about":[{"href":"https:\/\/www.noorbyjmf.com\/fr\/wp-json\/wp\/v2\/types\/product"}],"wp:featuredmedia":[{"embeddable":true,"href":"https:\/\/www.noorbyjmf.com\/fr\/wp-json\/wp\/v2\/media\/5102"}],"wp:attachment":[{"href":"https:\/\/www.noorbyjmf.com\/fr\/wp-json\/wp\/v2\/media?parent=5097"}],"wp:term":[{"taxonomy":"product_cat","embeddable":true,"href":"https:\/\/www.noorbyjmf.com\/fr\/wp-json\/wp\/v2\/product_cat?post=5097"},{"taxonomy":"product_tag","embeddable":true,"href":"https:\/\/www.noorbyjmf.com\/fr\/wp-json\/wp\/v2\/product_tag?post=5097"}],"curies":[{"name":"wp","href":"https:\/\/api.w.org\/{rel}","templated":true}]}}