{"id":5103,"date":"2012-08-27T15:41:10","date_gmt":"2012-08-27T15:41:10","guid":{"rendered":"http:\/\/www.noorbyjmf.com\/?post_type=product&#038;p=5103"},"modified":"2018-11-19T19:21:54","modified_gmt":"2018-11-19T19:21:54","slug":"ensapphire-pyrite-bracelet-krishna-ofrbracelet-saphir-pyrite-krishna-o","status":"publish","type":"product","link":"https:\/\/www.noorbyjmf.com\/fr\/boutique\/bracelets-jewelry-fr\/ensapphire-pyrite-bracelet-krishna-ofrbracelet-saphir-pyrite-krishna-o\/","title":{"rendered":"[:en]Sapphire Pyrite Bracelet, KRISHNA O[:fr]Bracelet Saphir Pyrite, KRISHNA O[:]"},"content":{"rendered":"<p>[:en]<\/p>\n<h5>Bracelet made of: mostly Sapphire accompanied by faceted discs of Pyrite.<\/h5>\n<pre><\/pre>\n<p>******************<img decoding=\"async\" loading=\"lazy\" class=\"alignright size-full wp-image-1706\" title=\"\" src=\"http:\/\/www.noorbyjmf.com\/wp-content\/uploads\/2012\/08\/saphir.png\" alt=\"\" width=\"90\" height=\"90\" \/><\/p>\n<h5>Sapphire<\/h5>\n<h6><strong>The Gems of Maharajas<\/strong><br \/>\nThis precious gem has always been used to stimulate the spiritual life. Its beneficial influence helps resolving emotional blocks, known to cast off sadness, evil eye, bring good &amp; honest people to your life. When offered as a present, it establishes an extremely strong bond between friends and lovers.<\/h6>\n<p>******************<br \/>\n<img decoding=\"async\" loading=\"lazy\" class=\"alignright size-full wp-image-1350\" title=\"\" src=\"http:\/\/www.noorbyjmf.com\/wp-content\/uploads\/2012\/07\/pyrite.png\" alt=\"\" width=\"90\" height=\"90\" srcset=\"https:\/\/www.noorbyjmf.com\/wp-content\/uploads\/2012\/07\/pyrite.png 90w, https:\/\/www.noorbyjmf.com\/wp-content\/uploads\/2012\/07\/pyrite-55x55.png 55w, https:\/\/www.noorbyjmf.com\/wp-content\/uploads\/2012\/07\/pyrite-86x86.png 86w, https:\/\/www.noorbyjmf.com\/wp-content\/uploads\/2012\/07\/pyrite-20x20.png 20w\" sizes=\"(max-width: 90px) 100vw, 90px\" \/><\/p>\n<h5>Pyrite<\/h5>\n<h6><strong>The Fool\u2019s Gold<\/strong><br \/>\nAlso known as the metallic fire. That says a lot about that stone.<br \/>\nSo many over the centuries lost their mind over that one digging &amp; digging thinking that it was actually gold. It looks like it, but it is way better.<br \/>\nIt\u2019s a real formula one stone, added to another gem (actually it\u2019s one of the rare one we can associated with other among quartz diamond and crystal.) It will boost you cocaine in a stone, hence not recommended for hyperactive people, because it will be your real kryptonite.<\/h6>\n<p>[:fr]<\/p>\n<h5>Bracelet compos\u00e9 de disques facett\u00e9s de saphir accompagn\u00e9 de Pyrite.<\/h5>\n<pre><\/pre>\n<p>******************<img decoding=\"async\" loading=\"lazy\" class=\"alignright size-full wp-image-1683\" title=\"\" src=\"http:\/\/www.noorbyjmf.com\/wp-content\/uploads\/2012\/08\/quartz-fume.png\" alt=\"\" width=\"90\" height=\"90\" \/><\/p>\n<h5>Quartz Fum\u00e9<\/h5>\n<h6><strong>Le Guerrier Zen<\/strong><br \/>\nL\u2019un des valium de m\u00e8re Terre, et rien \u00e0 voir avec les clopes jama\u00efcaines !!! Celui-l\u00e0 vous aide \u00e0 lutter sans ressentir le stress incontournable de toutes la batailles de la vie. Super recommand\u00e9 quand vous \u00eates en comp\u00e9tition ou en casting, pour ne pas penser \u00e0 empoisonner le reste du staff. Ou encore si vous devez passer votre examen devant le Barreau, il vous soutiendra pour ne pas avoir ce que nous appelons chez Noor une \u00ab pattack \u00bb (attaque de panique) !<\/h6>\n<p>******************<img decoding=\"async\" loading=\"lazy\" class=\"alignright size-full wp-image-1706\" title=\"\" src=\"http:\/\/www.noorbyjmf.com\/wp-content\/uploads\/2012\/08\/saphir.png\" alt=\"\" width=\"90\" height=\"90\" \/><\/p>\n<h5>Saphir<\/h5>\n<h6><strong>Le joyau des Maharajas<\/strong><br \/>\nCette pierre pr\u00e9cieuse est toujours utilis\u00e9e pour stimuler la vie spirituelle. Son influence b\u00e9n\u00e9fique aide \u00e0 dissoudre les blocages \u00e9motionnels, \u00e0 \u00e9loigner la tristesse, le mauvais oeil, \u00e0 amener des personnes honn\u00eates et bonnes dans votre vie. Quand il est offert, le saphir \u00e9tablit un lien extr\u00eamement fort entre les amis et les amoureux.<\/h6>\n<p>[:]<\/p>\n","protected":false},"excerpt":{"rendered":"<p>[:en]<\/p>\n<h5>The golden luster of Pyrite exalts the blue light of Sapphire.<\/h5>\n<p>[:fr]<\/p>\n<h5>L\u2019\u00e9clat dor\u00e9 de la pyrite exalte la lumi\u00e8re bleue des saphirs.<\/h5>\n<p>[:]<\/p>\n","protected":false},"featured_media":5107,"template":"","meta":[],"product_cat":[653,675,655,662,636,666],"product_tag":[691,697,707],"_links":{"self":[{"href":"https:\/\/www.noorbyjmf.com\/fr\/wp-json\/wp\/v3\/product\/5103"}],"collection":[{"href":"https:\/\/www.noorbyjmf.com\/fr\/wp-json\/wp\/v3\/product"}],"about":[{"href":"https:\/\/www.noorbyjmf.com\/fr\/wp-json\/wp\/v2\/types\/product"}],"wp:featuredmedia":[{"embeddable":true,"href":"https:\/\/www.noorbyjmf.com\/fr\/wp-json\/wp\/v2\/media\/5107"}],"wp:attachment":[{"href":"https:\/\/www.noorbyjmf.com\/fr\/wp-json\/wp\/v2\/media?parent=5103"}],"wp:term":[{"taxonomy":"product_cat","embeddable":true,"href":"https:\/\/www.noorbyjmf.com\/fr\/wp-json\/wp\/v2\/product_cat?post=5103"},{"taxonomy":"product_tag","embeddable":true,"href":"https:\/\/www.noorbyjmf.com\/fr\/wp-json\/wp\/v2\/product_tag?post=5103"}],"curies":[{"name":"wp","href":"https:\/\/api.w.org\/{rel}","templated":true}]}}