{"id":5104,"date":"2012-08-27T15:36:27","date_gmt":"2012-08-27T15:36:27","guid":{"rendered":"http:\/\/www.noorbyjmf.com\/?post_type=product&#038;p=5104"},"modified":"2018-11-19T19:22:26","modified_gmt":"2018-11-19T19:22:26","slug":"ensapphire-black-pearl-bracelet-krishna-ii-ofrbracelet-saphir-perle-noire-krishna-o","status":"publish","type":"product","link":"https:\/\/www.noorbyjmf.com\/fr\/boutique\/black-pearl-fr\/ensapphire-black-pearl-bracelet-krishna-ii-ofrbracelet-saphir-perle-noire-krishna-o\/","title":{"rendered":"[:en]Sapphire Black Pearl Bracelet, KRISHNA II O[:fr]Bracelet Saphir Perle Noire, KRISHNA O[:]"},"content":{"rendered":"<p>[:en]<\/p>\n<h5>Bracelet made of faceted discs: mostly Sapphire accompanied by black Pearls.<\/h5>\n<pre><\/pre>\n<p>******************<img decoding=\"async\" loading=\"lazy\" class=\"alignright size-full wp-image-1706\" title=\"\" src=\"http:\/\/www.noorbyjmf.com\/wp-content\/uploads\/2012\/08\/saphir.png\" alt=\"\" width=\"90\" height=\"90\" \/><\/p>\n<h5>Sapphire<\/h5>\n<h6><strong>The Gems of Maharajas<\/strong><br \/>\nThis precious gem has always been used to stimulate the spiritual life. Its beneficial influence helps resolving emotional blocks, known to cast off sadness, evil eye, bring good &amp; honest people to your life. When offered as a present, it establishes an extremely strong bond between friends and lovers.<\/h6>\n<p>******************<br \/>\n<img decoding=\"async\" loading=\"lazy\" class=\"alignright size-full wp-image-2171\" title=\"\" src=\"http:\/\/www.noorbyjmf.com\/wp-content\/uploads\/2012\/08\/perle-noire-ol1.png\" alt=\"\" width=\"90\" height=\"90\" \/><\/p>\n<h5>Black Pearl<\/h5>\n<h6><strong>The secret one<\/strong><br \/>\nNothing evokes the Mystery as these oriental shimmering black pearls. They assume their glow from the deep green to the charcoal grey and light black.For every outfit, every mood, every friend: they go with everything and enhance any type of Beauty and Skin.<\/h6>\n<p>[:fr]<\/p>\n<h5>Bracelet compos\u00e9 de disques facett\u00e9s en majorit\u00e9 de saphir accompagn\u00e9 de perles noires.<\/h5>\n<pre><\/pre>\n<p>******************<img decoding=\"async\" loading=\"lazy\" class=\"alignright size-full wp-image-1706\" title=\"\" src=\"http:\/\/www.noorbyjmf.com\/wp-content\/uploads\/2012\/08\/saphir.png\" alt=\"\" width=\"90\" height=\"90\" \/><\/p>\n<h5>Saphir<\/h5>\n<h6><strong>Le joyau des Maharajas<\/strong><br \/>\nCette pierre pr\u00e9cieuse est toujours utilis\u00e9e pour stimuler la vie spirituelle. Son influence b\u00e9n\u00e9fique aide \u00e0 dissoudre les blocages \u00e9motionnels, \u00e0 \u00e9loigner la tristesse, le mauvais oeil, \u00e0 amener des personnes honn\u00eates et bonnes dans votre vie. Quand il est offert, le saphir \u00e9tablit un lien extr\u00eamement fort entre les amis et les amoureux.<\/h6>\n<p>******************<br \/>\n<img decoding=\"async\" loading=\"lazy\" class=\"alignright size-full wp-image-2171\" title=\"\" src=\"http:\/\/www.noorbyjmf.com\/wp-content\/uploads\/2012\/08\/perle-noire-ol1.png\" alt=\"\" width=\"90\" height=\"90\" \/><\/p>\n<h5>Perle Noire<\/h5>\n<h6><strong>La secr\u00e8te<\/strong><br \/>\nRien n\u2019\u00e9voque autant le myst\u00e8re que ces perles noires orientales moir\u00e9es. Elles d\u00e9clinent leur \u00e9clat du vert profond au gris anthracite et noir lumineux. Pour toutes les tenues, toutes les humeurs, toutes les personnes : elles vont avec tout et exalte tout type de complexion et de beaut\u00e9 !<\/h6>\n<p>[:]<\/p>\n","protected":false},"excerpt":{"rendered":"<p>[:en]<\/p>\n<h5>Sapphires with a deep shimmer are merging into the oriental black pearls to let radiate their brilliance.<\/h5>\n<p>[:fr]<\/p>\n<h5>Des saphirs \u00e0 l\u2019\u00e9clat profond se fondent dans les perles noires orientales pour laisser leur \u00e9clat rayonner.<\/h5>\n<p>[:]<\/p>\n","protected":false},"featured_media":5110,"template":"","meta":[],"product_cat":[653,675,655,635,636,666],"product_tag":[691,697,707],"_links":{"self":[{"href":"https:\/\/www.noorbyjmf.com\/fr\/wp-json\/wp\/v3\/product\/5104"}],"collection":[{"href":"https:\/\/www.noorbyjmf.com\/fr\/wp-json\/wp\/v3\/product"}],"about":[{"href":"https:\/\/www.noorbyjmf.com\/fr\/wp-json\/wp\/v2\/types\/product"}],"wp:featuredmedia":[{"embeddable":true,"href":"https:\/\/www.noorbyjmf.com\/fr\/wp-json\/wp\/v2\/media\/5110"}],"wp:attachment":[{"href":"https:\/\/www.noorbyjmf.com\/fr\/wp-json\/wp\/v2\/media?parent=5104"}],"wp:term":[{"taxonomy":"product_cat","embeddable":true,"href":"https:\/\/www.noorbyjmf.com\/fr\/wp-json\/wp\/v2\/product_cat?post=5104"},{"taxonomy":"product_tag","embeddable":true,"href":"https:\/\/www.noorbyjmf.com\/fr\/wp-json\/wp\/v2\/product_tag?post=5104"}],"curies":[{"name":"wp","href":"https:\/\/api.w.org\/{rel}","templated":true}]}}