{"id":5120,"date":"2012-08-27T15:08:39","date_gmt":"2012-08-27T15:08:39","guid":{"rendered":"http:\/\/www.noorbyjmf.com\/?post_type=product&#038;p=5120"},"modified":"2018-11-19T19:28:35","modified_gmt":"2018-11-19T19:28:35","slug":"enruby-white-pearl-bracelet-arie-ofrbracelet-rubis-perle-blanche-arie-o","status":"publish","type":"product","link":"https:\/\/www.noorbyjmf.com\/fr\/boutique\/bracelets-jewelry-fr\/enruby-white-pearl-bracelet-arie-ofrbracelet-rubis-perle-blanche-arie-o\/","title":{"rendered":"[:en]Ruby White Pearl Bracelet, ARIE O[:fr]Bracelet Rubis Perle Blanche, ARI\u00c9 O[:]"},"content":{"rendered":"<p>[:en]<\/p>\n<h5>Bracelet made of faceted discs: mostly Ruby accompanied by white pearls.<\/h5>\n<pre><\/pre>\n<p>******************<br \/>\n<img decoding=\"async\" loading=\"lazy\" class=\"alignright size-full wp-image-1705\" title=\"\" src=\"http:\/\/www.noorbyjmf.com\/wp-content\/uploads\/2012\/08\/ruby.png\" alt=\"\" width=\"90\" height=\"90\" \/><\/p>\n<h5>Ruby<\/h5>\n<h6><strong>The inner fire<\/strong><br \/>\nThis king of gem burns with fire and passion. It gives great strength &amp; strong will when needed. It is the symbol of Victory, Love, Faith &amp; Power. Always handy if you need to spice up your life!!!<\/h6>\n<p>******************<br \/>\n<img decoding=\"async\" loading=\"lazy\" class=\"alignright size-full wp-image-2195\" title=\"\" src=\"http:\/\/www.noorbyjmf.com\/wp-content\/uploads\/2012\/08\/perle-blanche-ol.png\" alt=\"\" width=\"90\" height=\"90\" \/><\/p>\n<h5>White Pearl<\/h5>\n<h6><strong>The Maharaja\u2019s one &amp; only!!!<\/strong><br \/>\nSince 5 000 years, they are always there to capture the light, these pearls are goddesses who inflame passion. Hated, adored, they move througt time without losting their luster. And do not think you need the \u00ab Peregrina \u00bb to be more attractive&#8230;<\/h6>\n<p>[:fr]<\/p>\n<h5>Bracelet compos\u00e9 en majorit\u00e9 de disques facett\u00e9s de rubis accompagn\u00e9 de perles blanches.<\/h5>\n<pre><\/pre>\n<p>******************<br \/>\n<img decoding=\"async\" loading=\"lazy\" class=\"alignright size-full wp-image-1705\" title=\"\" src=\"http:\/\/www.noorbyjmf.com\/wp-content\/uploads\/2012\/08\/ruby.png\" alt=\"\" width=\"90\" height=\"90\" \/><\/p>\n<h5>Rubis<\/h5>\n<h6><strong>Le feu int\u00e9rieur<\/strong><br \/>\nCe roi des joyaux br\u00fble de feu et de passion. Ce bracelet rubis donne une grande force quand on en a besoin. C\u2019est le symbole de la Victoire, de l\u2019Amour, de la Foi et du Pouvoir. Ayez-en toujours un sur vous, si vous voulez \u00e9picer votre vie !!!<\/h6>\n<p>******************<br \/>\n<img decoding=\"async\" loading=\"lazy\" class=\"alignright size-full wp-image-2195\" title=\"\" src=\"http:\/\/www.noorbyjmf.com\/wp-content\/uploads\/2012\/08\/perle-blanche-ol.png\" alt=\"\" width=\"90\" height=\"90\" \/><\/p>\n<h5>Perle Blanche<\/h5>\n<h6><strong>Pour les Maharajas uniquement !!! <\/strong><br \/>\nDepuis 5000 ans, toujours l\u00e0 pour capter la lumi\u00e8re, ce sont des d\u00e9esses qui attisent les passions. Honnies, ador\u00e9es, elles traversent le temps sans bouger d\u2019une nacre. Et n\u2019allez pas croire que la \u00ab Peregrina \u00bb est n\u00e9cessaire \u00e0 votre beaut\u00e9&#8230;<\/h6>\n<p>[:]<\/p>\n","protected":false},"excerpt":{"rendered":"<p>[:en]<\/p>\n<h5>Ruby, white pearls, quicksilver, everything matches with this piece, to bring you elegance and beauty.<\/h5>\n<p>[:fr]<\/p>\n<h5>Rubis, perles blanches, vif argent, tout s\u2019accorde avec cette pi\u00e8ce \u00e0 vous apporter \u00e9l\u00e9gance et beaut\u00e9.<\/h5>\n<p>[:]<\/p>\n","protected":false},"featured_media":5124,"template":"","meta":[],"product_cat":[653,675,674,636,664],"product_tag":[691,708],"_links":{"self":[{"href":"https:\/\/www.noorbyjmf.com\/fr\/wp-json\/wp\/v3\/product\/5120"}],"collection":[{"href":"https:\/\/www.noorbyjmf.com\/fr\/wp-json\/wp\/v3\/product"}],"about":[{"href":"https:\/\/www.noorbyjmf.com\/fr\/wp-json\/wp\/v2\/types\/product"}],"wp:featuredmedia":[{"embeddable":true,"href":"https:\/\/www.noorbyjmf.com\/fr\/wp-json\/wp\/v2\/media\/5124"}],"wp:attachment":[{"href":"https:\/\/www.noorbyjmf.com\/fr\/wp-json\/wp\/v2\/media?parent=5120"}],"wp:term":[{"taxonomy":"product_cat","embeddable":true,"href":"https:\/\/www.noorbyjmf.com\/fr\/wp-json\/wp\/v2\/product_cat?post=5120"},{"taxonomy":"product_tag","embeddable":true,"href":"https:\/\/www.noorbyjmf.com\/fr\/wp-json\/wp\/v2\/product_tag?post=5120"}],"curies":[{"name":"wp","href":"https:\/\/api.w.org\/{rel}","templated":true}]}}