{"id":5122,"date":"2012-08-27T14:50:05","date_gmt":"2012-08-27T14:50:05","guid":{"rendered":"http:\/\/www.noorbyjmf.com\/?post_type=product&#038;p=5122"},"modified":"2018-11-19T19:28:56","modified_gmt":"2018-11-19T19:28:56","slug":"enpink-quartz-l-pink-pearl-bracelet-jaya-ofrbracelet-quartz-rose-gr-perle-rose-jaya-ii-o","status":"publish","type":"product","link":"https:\/\/www.noorbyjmf.com\/fr\/boutique\/bracelets-jewelry-fr\/enpink-quartz-l-pink-pearl-bracelet-jaya-ofrbracelet-quartz-rose-gr-perle-rose-jaya-ii-o\/","title":{"rendered":"[:en]Pink Quartz L Pink Pearl Bracelet, JAYA O[:fr]Bracelet Quartz Rose Gr Perle Rose, JAYA II O[:]"},"content":{"rendered":"<p>[:en]<\/p>\n<h5>Bracelet made of faceted discs: mostly pink Quartz (medium size) accompanied by pink pearls.<\/h5>\n<pre><\/pre>\n<p>******************<img decoding=\"async\" loading=\"lazy\" class=\"alignright size-full wp-image-1704\" title=\"\" src=\"http:\/\/www.noorbyjmf.com\/wp-content\/uploads\/2012\/08\/quartz_rose.png\" alt=\"\" width=\"90\" height=\"90\" \/><\/p>\n<h5>Pink Quartz<\/h5>\n<h6><strong>The Pink Panther err no!!!<\/strong><br \/>\nThis quartz comes with sweetness &amp; tenderness, o well recommended for one of you hyperactive cubs and we all have one of those.<\/h6>\n<p>******************<img decoding=\"async\" loading=\"lazy\" class=\"alignright size-full wp-image-2168\" title=\"\" src=\"http:\/\/www.noorbyjmf.com\/wp-content\/uploads\/2012\/08\/perle-rose-baroque-olivette.png\" alt=\"\" width=\"90\" height=\"90\" \/><\/p>\n<h5>Pink Pearl<\/h5>\n<h6><strong>The Beauty Goddess<\/strong><br \/>\nNeed soft softness in this cruel world? Wear pink pearls, look at their delicat Orient, savour their delicacy and&#8230; relax&#8230;<\/h6>\n<p>[:fr]<\/p>\n<h5>Bracelet compos\u00e9 d\u2019une majorit\u00e9 de Quartz rose (disques facett\u00e9s de taille moyenne) accompagn\u00e9 de perles roses.<\/h5>\n<pre><\/pre>\n<p>******************<img decoding=\"async\" loading=\"lazy\" class=\"alignright size-full wp-image-1704\" title=\"\" src=\"http:\/\/www.noorbyjmf.com\/wp-content\/uploads\/2012\/08\/quartz_rose.png\" alt=\"\" width=\"90\" height=\"90\" \/><\/p>\n<h5>Quartz Rose<\/h5>\n<h6><strong>La Panth\u00e8re Rose, non !!!<\/strong><br \/>\nCe quartz est baign\u00e9 de douceur et de tendresse, tr\u00e8s recommand\u00e9 pour vous, les b\u00e9b\u00e9s hyperactifs, et nous en avons tous un chez nous.<\/h6>\n<p>******************<img decoding=\"async\" loading=\"lazy\" class=\"alignright size-full wp-image-2168\" title=\"\" src=\"http:\/\/www.noorbyjmf.com\/wp-content\/uploads\/2012\/08\/perle-rose-baroque-olivette.png\" alt=\"\" width=\"90\" height=\"90\" \/><\/p>\n<h5>Perle Rose<\/h5>\n<h6><strong>La d\u00e9esse Beaut\u00e9<\/strong><br \/>\nBesoin de grande douceur dans ce monde de brutes ? Portez les perles roses, regardez leur Orient d\u00e9licat, savourez leur finesse et&#8230;relaxez-vous !<\/h6>\n<p>[:]<\/p>\n","protected":false},"excerpt":{"rendered":"<p>[:en]<\/p>\n<h5>This bracelet diffuses the softness of the precious pink pearls and delicate glints of rose Quartz.<\/h5>\n<p>[:fr]<\/p>\n<h5>La douceur des pr\u00e9cieuses perles roses accompagne les reflets d\u00e9licats du quartz rose.<\/h5>\n<p>[:]<\/p>\n","protected":false},"featured_media":5130,"template":"","meta":[],"product_cat":[653,675,660,636,661],"product_tag":[691,708],"_links":{"self":[{"href":"https:\/\/www.noorbyjmf.com\/fr\/wp-json\/wp\/v3\/product\/5122"}],"collection":[{"href":"https:\/\/www.noorbyjmf.com\/fr\/wp-json\/wp\/v3\/product"}],"about":[{"href":"https:\/\/www.noorbyjmf.com\/fr\/wp-json\/wp\/v2\/types\/product"}],"wp:featuredmedia":[{"embeddable":true,"href":"https:\/\/www.noorbyjmf.com\/fr\/wp-json\/wp\/v2\/media\/5130"}],"wp:attachment":[{"href":"https:\/\/www.noorbyjmf.com\/fr\/wp-json\/wp\/v2\/media?parent=5122"}],"wp:term":[{"taxonomy":"product_cat","embeddable":true,"href":"https:\/\/www.noorbyjmf.com\/fr\/wp-json\/wp\/v2\/product_cat?post=5122"},{"taxonomy":"product_tag","embeddable":true,"href":"https:\/\/www.noorbyjmf.com\/fr\/wp-json\/wp\/v2\/product_tag?post=5122"}],"curies":[{"name":"wp","href":"https:\/\/api.w.org\/{rel}","templated":true}]}}