{"id":5133,"date":"2012-08-27T14:43:34","date_gmt":"2012-08-27T14:43:34","guid":{"rendered":"http:\/\/www.noorbyjmf.com\/?post_type=product&#038;p=5133"},"modified":"2018-11-19T19:32:24","modified_gmt":"2018-11-19T19:32:24","slug":"ensmoked-quartz-pyrite-bracelet-chandra-ofrbracelet-quartz-fume-pyrite-chandra-o","status":"publish","type":"product","link":"https:\/\/www.noorbyjmf.com\/fr\/boutique\/bracelets-jewelry-fr\/ensmoked-quartz-pyrite-bracelet-chandra-ofrbracelet-quartz-fume-pyrite-chandra-o\/","title":{"rendered":"[:en]Smoked Quartz Pyrite Bracelet, CHANDRA O[:fr]Bracelet Quartz Fum\u00e9 Pyrite, CHANDRA O[:]"},"content":{"rendered":"<p>[:en]<\/p>\n<h5>Bracelet made of faceted discs: mostly smoked Quartz accompanied by Pyrite.<\/h5>\n<pre><\/pre>\n<p>******************<img decoding=\"async\" loading=\"lazy\" class=\"alignright size-full wp-image-1683\" title=\"\" src=\"http:\/\/www.noorbyjmf.com\/wp-content\/uploads\/2012\/08\/quartz-fume.png\" alt=\"\" width=\"90\" height=\"90\" \/><\/p>\n<h5>Smoked Quartz<\/h5>\n<h6><strong>The Zen Warrior<\/strong><br \/>\nONE of the mother earth valium and we are not telling about Jamaican ciggies guys!!! Cause this one will help you fight without the stress that goes with every battle in life. Highly recommended if you are competing for a raise or a XXX without thinking of poisoning the rest of the staff or if you passing the NY Bar, will help you without having what we call at Noor some Pattacks (contraction of Panic Attacks).<\/h6>\n<p>******************<br \/>\n<img decoding=\"async\" loading=\"lazy\" class=\"alignright size-full wp-image-1350\" title=\"\" src=\"http:\/\/www.noorbyjmf.com\/wp-content\/uploads\/2012\/07\/pyrite.png\" alt=\"\" width=\"90\" height=\"90\" srcset=\"https:\/\/www.noorbyjmf.com\/wp-content\/uploads\/2012\/07\/pyrite.png 90w, https:\/\/www.noorbyjmf.com\/wp-content\/uploads\/2012\/07\/pyrite-55x55.png 55w, https:\/\/www.noorbyjmf.com\/wp-content\/uploads\/2012\/07\/pyrite-86x86.png 86w, https:\/\/www.noorbyjmf.com\/wp-content\/uploads\/2012\/07\/pyrite-20x20.png 20w\" sizes=\"(max-width: 90px) 100vw, 90px\" \/><\/p>\n<h5>Pyrite<\/h5>\n<h6><strong>The Fool\u2019s Gold<\/strong><br \/>\nAlso known as the metallic fire. That says a lot about that stone.<br \/>\nSo many over the centuries lost their mind over that one digging &amp; digging thinking that it was actually gold. It looks like it, but it is way better.<br \/>\nIt\u2019s a real formula one stone, added to another gem (actually it\u2019s one of the rare one we can associated with other among quartz diamond and crystal.) It will boost you cocaine in a stone, hence not recommended for hyperactive people, because it will be your real kryptonite.<\/h6>\n<p>[:fr]<\/p>\n<h5>Bracelet compos\u00e9 de disques facett\u00e9s en majorit\u00e9 de quartz fum\u00e9 accompagn\u00e9 de Pyrite.<\/h5>\n<pre><\/pre>\n<p>******************<img decoding=\"async\" loading=\"lazy\" class=\"alignright size-full wp-image-1683\" title=\"\" src=\"http:\/\/www.noorbyjmf.com\/wp-content\/uploads\/2012\/08\/quartz-fume.png\" alt=\"\" width=\"90\" height=\"90\" \/><\/p>\n<h5>Quartz Fum\u00e9<\/h5>\n<h6><strong>Le Guerrier Zen<\/strong><br \/>\nL\u2019un des valium de m\u00e8re Terre, et rien \u00e0 voir avec les clopes jama\u00efcaines !!! Celui-l\u00e0 vous aide \u00e0 lutter sans ressentir le stress incontournable de toutes la batailles de la vie. Super recommand\u00e9 quand vous \u00eates en comp\u00e9tition ou en casting, pour ne pas penser \u00e0 empoisonner le reste du staff. Ou encore si vous devez passer votre examen devant le Barreau, il vous soutiendra pour ne pas avoir ce que nous appelons chez Noor une \u00ab pattack \u00bb (attaque de panique) !<\/h6>\n<p>******************<img decoding=\"async\" loading=\"lazy\" class=\"alignright size-full wp-image-1350\" title=\"pyrite\" src=\"http:\/\/www.noorbyjmf.com\/wp-content\/uploads\/2012\/07\/pyrite.png\" alt=\"\" width=\"90\" height=\"90\" srcset=\"https:\/\/www.noorbyjmf.com\/wp-content\/uploads\/2012\/07\/pyrite.png 90w, https:\/\/www.noorbyjmf.com\/wp-content\/uploads\/2012\/07\/pyrite-55x55.png 55w, https:\/\/www.noorbyjmf.com\/wp-content\/uploads\/2012\/07\/pyrite-86x86.png 86w, https:\/\/www.noorbyjmf.com\/wp-content\/uploads\/2012\/07\/pyrite-20x20.png 20w\" sizes=\"(max-width: 90px) 100vw, 90px\" \/><\/p>\n<h5>Pyrite<\/h5>\n<h6><strong>L\u2019Or des Fous<\/strong><br \/>\nConnue \u00e9galement sous le nom feu m\u00e9tallique, cela en dit beaucoup sur cette pierre.<br \/>\nIl y eu tellement de chercheurs d\u2019or au cours des si\u00e8cles, qui ont perdu l\u2019esprit \u00e0 creuser et creuser encore en pensant que c\u2019\u00e9tait de l\u2019or. \u00c7a y ressemble, mais c\u2019est bien mieux.<br \/>\nC\u2019est une v\u00e9ritable formule faite pierre. Ajout\u00e9e \u00e0 une autre gemme (en fait c\u2019est l\u2019une des pierres que l\u2019on peut associer \u00e0 d\u2019autres, avec le quartz, le diamant et le cristal.) \u00e7a vous boostera comme de la pierre-coca\u00efne, (pourtant non recommand\u00e9e pour les personnes hyperactives), car ce sera votre vraie kryptonite.<\/h6>\n<p>[:]<\/p>\n","protected":false},"excerpt":{"rendered":"<p>[:en]<\/p>\n<h5>These gems, brown transparent quartz, play with the golden glints of Pyrite.<\/h5>\n<p>[:fr]<\/p>\n<h5>Ces pierres de quartz brun transparent jouent avec la pyrite aux reflets d\u2019or.<\/h5>\n<p>[:]<\/p>\n","protected":false},"featured_media":5138,"template":"","meta":[],"product_cat":[653,675,655,662,636,668],"product_tag":[691,697,707],"_links":{"self":[{"href":"https:\/\/www.noorbyjmf.com\/fr\/wp-json\/wp\/v3\/product\/5133"}],"collection":[{"href":"https:\/\/www.noorbyjmf.com\/fr\/wp-json\/wp\/v3\/product"}],"about":[{"href":"https:\/\/www.noorbyjmf.com\/fr\/wp-json\/wp\/v2\/types\/product"}],"wp:featuredmedia":[{"embeddable":true,"href":"https:\/\/www.noorbyjmf.com\/fr\/wp-json\/wp\/v2\/media\/5138"}],"wp:attachment":[{"href":"https:\/\/www.noorbyjmf.com\/fr\/wp-json\/wp\/v2\/media?parent=5133"}],"wp:term":[{"taxonomy":"product_cat","embeddable":true,"href":"https:\/\/www.noorbyjmf.com\/fr\/wp-json\/wp\/v2\/product_cat?post=5133"},{"taxonomy":"product_tag","embeddable":true,"href":"https:\/\/www.noorbyjmf.com\/fr\/wp-json\/wp\/v2\/product_tag?post=5133"}],"curies":[{"name":"wp","href":"https:\/\/api.w.org\/{rel}","templated":true}]}}