{"id":5134,"date":"2012-08-27T14:24:47","date_gmt":"2012-08-27T14:24:47","guid":{"rendered":"http:\/\/www.noorbyjmf.com\/?post_type=product&#038;p=5134"},"modified":"2018-11-19T19:32:37","modified_gmt":"2018-11-19T19:32:37","slug":"ensmoked-quartz-pink-pearl-bracelet-chandra-ofrbracelet-quartz-fume-perle-rose-chandra-o","status":"publish","type":"product","link":"https:\/\/www.noorbyjmf.com\/fr\/boutique\/bracelets-jewelry-fr\/ensmoked-quartz-pink-pearl-bracelet-chandra-ofrbracelet-quartz-fume-perle-rose-chandra-o\/","title":{"rendered":"[:en]Smoked Quartz Pink Pearl Bracelet, CHANDRA O[:fr]Bracelet Quartz Fum\u00e9 Perle Rose, CHANDRA O[:]"},"content":{"rendered":"<p>[:en]<\/p>\n<h5>Bracelet made of faceted discs: mostly smoked Quartz accompanied by Pink Pearls.<\/h5>\n<pre><\/pre>\n<p>******************<img decoding=\"async\" loading=\"lazy\" class=\"alignright size-full wp-image-1683\" title=\"\" src=\"http:\/\/www.noorbyjmf.com\/wp-content\/uploads\/2012\/08\/quartz-fume.png\" alt=\"\" width=\"90\" height=\"90\" \/><\/p>\n<h5>Smoked Quartz<\/h5>\n<h6><strong>The Zen Warrior<\/strong><br \/>\nONE of the mother earth valium and we are not telling about Jamaican ciggies guys!!! Cause this one will help you fight without the stress that goes with every battle in life. Highly recommended if you are competing for a raise or a XXX without thinking of poisoning the rest of the staff or if you passing the NY Bar, will help you without having what we call at Noor some Pattacks (contraction of Panic Attacks).<\/h6>\n<p>******************<img decoding=\"async\" loading=\"lazy\" class=\"alignright size-full wp-image-2168\" title=\"\" src=\"http:\/\/www.noorbyjmf.com\/wp-content\/uploads\/2012\/08\/perle-rose-baroque-olivette.png\" alt=\"\" width=\"90\" height=\"90\" \/><\/p>\n<h5>Pink Pearl<\/h5>\n<h6><strong>The Beauty Goddess<\/strong><br \/>\nNeed soft softness in this cruel world? Wear pink pearls, look at their delicat Orient, savour their delicacy and&#8230; relax&#8230;<\/h6>\n<p>[:fr]<\/p>\n<h5>Bracelet compos\u00e9 de disques facett\u00e9s en majorit\u00e9 de quartz fum\u00e9 accompagn\u00e9 de perles roses.<\/h5>\n<pre><\/pre>\n<p>******************<img decoding=\"async\" loading=\"lazy\" class=\"alignright size-full wp-image-1683\" title=\"\" src=\"http:\/\/www.noorbyjmf.com\/wp-content\/uploads\/2012\/08\/quartz-fume.png\" alt=\"\" width=\"90\" height=\"90\" \/><\/p>\n<h5>Quartz Fum\u00e9<\/h5>\n<h6><strong>Le Guerrier Zen<\/strong><br \/>\nL\u2019un des valium de m\u00e8re Terre, et rien \u00e0 voir avec les clopes jama\u00efcaines !!! Celui-l\u00e0 vous aide \u00e0 lutter sans ressentir le stress incontournable de toutes la batailles de la vie. Super recommand\u00e9 quand vous \u00eates en comp\u00e9tition ou en casting, pour ne pas penser \u00e0 empoisonner le reste du staff. Ou encore si vous devez passer votre examen devant le Barreau, il vous soutiendra pour ne pas avoir ce que nous appelons chez Noor une \u00ab pattack \u00bb (attaque de panique) !<\/h6>\n<p>******************<img decoding=\"async\" loading=\"lazy\" class=\"alignright size-full wp-image-2168\" title=\"\" src=\"http:\/\/www.noorbyjmf.com\/wp-content\/uploads\/2012\/08\/perle-rose-baroque-olivette.png\" alt=\"\" width=\"90\" height=\"90\" \/><\/p>\n<h5>Perle Rose<\/h5>\n<h6><strong>La d\u00e9esse Beaut\u00e9<\/strong><br \/>\nBesoin de grande douceur dans ce monde de brutes ? Portez les perles roses, regardez leur Orient d\u00e9licat, savourez leur finesse et&#8230;relaxez-vous !<\/h6>\n<p>[:]<\/p>\n","protected":false},"excerpt":{"rendered":"<p>[:en]<\/p>\n<h5>The delicately pink orient of these pearls, blends with perfection in this smoked quartz.<\/h5>\n<p>[:fr]<\/p>\n<h5>L\u2019orient d\u00e9licatement ros\u00e9 de ces perles olivettes, se marie \u00e0 la perfection au fum\u00e9 de ce quartz.<\/h5>\n<p>[:]<\/p>\n","protected":false},"featured_media":5141,"template":"","meta":[],"product_cat":[653,675,660,636,668],"product_tag":[691,708],"_links":{"self":[{"href":"https:\/\/www.noorbyjmf.com\/fr\/wp-json\/wp\/v3\/product\/5134"}],"collection":[{"href":"https:\/\/www.noorbyjmf.com\/fr\/wp-json\/wp\/v3\/product"}],"about":[{"href":"https:\/\/www.noorbyjmf.com\/fr\/wp-json\/wp\/v2\/types\/product"}],"wp:featuredmedia":[{"embeddable":true,"href":"https:\/\/www.noorbyjmf.com\/fr\/wp-json\/wp\/v2\/media\/5141"}],"wp:attachment":[{"href":"https:\/\/www.noorbyjmf.com\/fr\/wp-json\/wp\/v2\/media?parent=5134"}],"wp:term":[{"taxonomy":"product_cat","embeddable":true,"href":"https:\/\/www.noorbyjmf.com\/fr\/wp-json\/wp\/v2\/product_cat?post=5134"},{"taxonomy":"product_tag","embeddable":true,"href":"https:\/\/www.noorbyjmf.com\/fr\/wp-json\/wp\/v2\/product_tag?post=5134"}],"curies":[{"name":"wp","href":"https:\/\/api.w.org\/{rel}","templated":true}]}}