{"id":5135,"date":"2012-08-27T13:33:20","date_gmt":"2012-08-27T13:33:20","guid":{"rendered":"http:\/\/www.noorbyjmf.com\/?post_type=product&#038;p=5135"},"modified":"2018-11-19T19:32:41","modified_gmt":"2018-11-19T19:32:41","slug":"entiger-eye-white-pearl-bracelet-nemer-ofrbracelet-oeil-de-tigre-perle-blanche-nemer-o","status":"publish","type":"product","link":"https:\/\/www.noorbyjmf.com\/fr\/boutique\/bracelets-jewelry-fr\/entiger-eye-white-pearl-bracelet-nemer-ofrbracelet-oeil-de-tigre-perle-blanche-nemer-o\/","title":{"rendered":"[:en]Tiger Eye White Pearl Bracelet, NEMER O[:fr]Bracelet Oeil de Tigre Perle Blanche, NEMER O[:]"},"content":{"rendered":"<p>[:en]<\/p>\n<h5>Bracelet made of faceted discs: mostly Tiger eye accompanied by white pearls.<\/h5>\n<pre><\/pre>\n<p>******************<img decoding=\"async\" loading=\"lazy\" class=\"alignright size-full wp-image-1678\" title=\"\" src=\"http:\/\/www.noorbyjmf.com\/wp-content\/uploads\/2012\/08\/oeil-de-tigre.png\" alt=\"\" width=\"90\" height=\"90\" \/><\/p>\n<h5>Tiger Eye<\/h5>\n<h6><strong>The Regalian Cleanser<\/strong><br \/>\nSince medieval time and before that this gem was used to cast off evil eye and black magic. Known to keep ill spirited people away or at least makes them harmless. Don\u2019t we all know a villain in disguise, as a Satan in a Sunday hat who always swears to wish the best?<\/h6>\n<p>******************<br \/>\n<img decoding=\"async\" loading=\"lazy\" class=\"alignright size-full wp-image-2195\" title=\"\" src=\"http:\/\/www.noorbyjmf.com\/wp-content\/uploads\/2012\/08\/perle-blanche-ol.png\" alt=\"\" width=\"90\" height=\"90\" \/><\/p>\n<h5>White Pearl<\/h5>\n<h6><strong>The Maharaja\u2019s one &amp; only!!!<\/strong><br \/>\nSince 5 000 years, they are always there to capture the light, these pearls are goddesses who inflame passion. Hated, adored, they move througt time without losting their luster. And do not think you need the \u00ab\u00a0Peregrina\u00a0\u00bb to be more attractive&#8230;<\/h6>\n<p>[:fr]<\/p>\n<h5>Bracelet compos\u00e9 de disques facett\u00e9s en majorit\u00e9 d\u2019oeil de tigre accompagn\u00e9 de perles blanches.<\/h5>\n<pre><\/pre>\n<p>******************<img decoding=\"async\" loading=\"lazy\" class=\"alignright size-full wp-image-1678\" title=\"\" src=\"http:\/\/www.noorbyjmf.com\/wp-content\/uploads\/2012\/08\/oeil-de-tigre.png\" alt=\"\" width=\"90\" height=\"90\" \/><\/p>\n<h5>L\u2019oeil de Tigre<\/h5>\n<h6><strong>Le Purificateur Royal<\/strong><br \/>\nDepuis le Moyen \u00c2ge et m\u00eame avant, cette pierre a \u00e9t\u00e9 utilis\u00e9e pour \u00e9loigner le mauvais \u0153il et la magie noire. Connue pour tenir \u00e0 distance les personnes d\u00e9rang\u00e9es ou au moins les rendre inoffensives. Nous connaissons tous un vilain d\u00e9guis\u00e9, comme un diable en chapeau du dimanche, qui jure toujours qu\u2019il nous souhaite le meilleur ?<\/h6>\n<p>******************<br \/>\n<img decoding=\"async\" loading=\"lazy\" class=\"alignright size-full wp-image-2195\" title=\"\" src=\"http:\/\/www.noorbyjmf.com\/wp-content\/uploads\/2012\/08\/perle-blanche-ol.png\" alt=\"\" width=\"90\" height=\"90\" \/><\/p>\n<h5>Perle Blanche<\/h5>\n<h6><strong>Pour les Maharajas uniquement !!! <\/strong><br \/>\nDepuis 5000 ans, toujours l\u00e0 pour capter la lumi\u00e8re, ce sont des d\u00e9esses qui attisent les passions. Honnies, ador\u00e9es, elles traversent le temps sans bouger d\u2019une nacre. Et n\u2019allez pas croire que la \u00ab\u00a0Peregrina\u00a0\u00bb est n\u00e9cessaire \u00e0 votre beaut\u00e9&#8230;<\/h6>\n<p>[:]<\/p>\n","protected":false},"excerpt":{"rendered":"<p>[:en]<\/p>\n<h5>The Golden mottling so characteristic of Nemrod\u2019s eye with pearls and silver, makes this bracelet an astonishing harmony.<\/h5>\n<p>[:fr]<\/p>\n<h5>Les marbrures dor\u00e9es, si caract\u00e9ristiques de l\u2019oeil de Nimrod, les perles et l\u2019argent, font de ce bracelet une \u00e9tonnante harmonie.<\/h5>\n<p>[:]<\/p>\n","protected":false},"featured_media":5143,"template":"","meta":[],"product_cat":[653,675,674,636,671],"product_tag":[691,708],"_links":{"self":[{"href":"https:\/\/www.noorbyjmf.com\/fr\/wp-json\/wp\/v3\/product\/5135"}],"collection":[{"href":"https:\/\/www.noorbyjmf.com\/fr\/wp-json\/wp\/v3\/product"}],"about":[{"href":"https:\/\/www.noorbyjmf.com\/fr\/wp-json\/wp\/v2\/types\/product"}],"wp:featuredmedia":[{"embeddable":true,"href":"https:\/\/www.noorbyjmf.com\/fr\/wp-json\/wp\/v2\/media\/5143"}],"wp:attachment":[{"href":"https:\/\/www.noorbyjmf.com\/fr\/wp-json\/wp\/v2\/media?parent=5135"}],"wp:term":[{"taxonomy":"product_cat","embeddable":true,"href":"https:\/\/www.noorbyjmf.com\/fr\/wp-json\/wp\/v2\/product_cat?post=5135"},{"taxonomy":"product_tag","embeddable":true,"href":"https:\/\/www.noorbyjmf.com\/fr\/wp-json\/wp\/v2\/product_tag?post=5135"}],"curies":[{"name":"wp","href":"https:\/\/api.w.org\/{rel}","templated":true}]}}