{"id":5136,"date":"2012-08-27T08:53:14","date_gmt":"2012-08-27T08:53:14","guid":{"rendered":"http:\/\/www.noorbyjmf.com\/?post_type=product&#038;p=5136"},"modified":"2018-11-19T19:32:51","modified_gmt":"2018-11-19T19:32:51","slug":"enmalachite-pyrite-bracelet-tzipori-ofrbracelet-malachite-pyrite-tzipori-o","status":"publish","type":"product","link":"https:\/\/www.noorbyjmf.com\/fr\/boutique\/bracelets-jewelry-fr\/enmalachite-pyrite-bracelet-tzipori-ofrbracelet-malachite-pyrite-tzipori-o\/","title":{"rendered":"[:en]Malachite Pyrite Bracelet, TZIPORI O[:fr]Bracelet Malachite Pyrite, TZIPORI O[:]"},"content":{"rendered":"<p>[:en]<\/p>\n<h5>Bracelet made of balls: mostly Malachite accompanied by faceted Pyrite.<\/h5>\n<pre><\/pre>\n<p>******************<img decoding=\"async\" loading=\"lazy\" class=\"alignright size-full wp-image-1676\" title=\"\" src=\"http:\/\/www.noorbyjmf.com\/wp-content\/uploads\/2012\/08\/malachite.png\" alt=\"\" width=\"90\" height=\"90\" \/><\/p>\n<h5>Malachite<\/h5>\n<h6><strong>The Goddess of Beauty<\/strong><br \/>\nSeduction &amp; sensuality, those are the keywords regarding that fascinating gem.<br \/>\nWait!!! On top of that, she is known to emphasize the intensity &amp; beauty of our lives. And subtly enhance clear perception of things &amp; situations. Definitely a keeper on a first date.<\/h6>\n<p>******************<img decoding=\"async\" loading=\"lazy\" class=\"alignright size-full wp-image-1350\" src=\"http:\/\/www.noorbyjmf.com\/wp-content\/uploads\/2012\/07\/pyrite.png\" alt=\"\" width=\"90\" height=\"90\" srcset=\"https:\/\/www.noorbyjmf.com\/wp-content\/uploads\/2012\/07\/pyrite.png 90w, https:\/\/www.noorbyjmf.com\/wp-content\/uploads\/2012\/07\/pyrite-55x55.png 55w, https:\/\/www.noorbyjmf.com\/wp-content\/uploads\/2012\/07\/pyrite-86x86.png 86w, https:\/\/www.noorbyjmf.com\/wp-content\/uploads\/2012\/07\/pyrite-20x20.png 20w\" sizes=\"(max-width: 90px) 100vw, 90px\" \/><\/p>\n<h5>Pyrite<\/h5>\n<h6><strong>The Fool\u2019s Gold<\/strong><br \/>\nAlso known as the metallic fire. That says a lot about that stone.<br \/>\nSo many over the centuries lost their mind over that one digging &amp; digging thinking that it was actually gold. It looks like it, but it is way better.<br \/>\nIt\u2019s a real formula one stone, added to another gem (actually it\u2019s one of the rare one we can associated with other among quartz diamond and crystal.) It will boost you cocaine in a stone, hence not recommended for hyperactive people, because it will be your real kryptonite.<\/h6>\n<p>[:fr]<\/p>\n<h5>Bracelet compos\u00e9 de boules en majorit\u00e9 de malachite accompagn\u00e9e de Pyrite facett\u00e9e.<\/h5>\n<pre><\/pre>\n<p>******************<img decoding=\"async\" loading=\"lazy\" class=\"alignright size-full wp-image-1676\" title=\"\" src=\"http:\/\/www.noorbyjmf.com\/wp-content\/uploads\/2012\/08\/malachite.png\" alt=\"\" width=\"90\" height=\"90\" \/><\/p>\n<h5>Malachite<\/h5>\n<h6><strong>D\u00e9esse de la Beaut\u00e9<\/strong><br \/>\nS\u00e9duction et sensualit\u00e9, mots-cl\u00e9s pour cette pierre fascinante.<br \/>\nAttendez !!! Le top c\u2019est qu\u2019elle est connue pour amplifier l\u2019intensit\u00e9 et la beaut\u00e9 de notre vie. Et tr\u00e8s subtilement, elle \u00e9claircit de plus en plus votre perception des choses et des situations. \u00c0 prendre vraiment avec soi pour un 1er rendez-vous amoureux !<\/h6>\n<p>******************<img decoding=\"async\" loading=\"lazy\" class=\"alignright size-full wp-image-1350\" src=\"http:\/\/www.noorbyjmf.com\/wp-content\/uploads\/2012\/07\/pyrite.png\" alt=\"\" width=\"90\" height=\"90\" srcset=\"https:\/\/www.noorbyjmf.com\/wp-content\/uploads\/2012\/07\/pyrite.png 90w, https:\/\/www.noorbyjmf.com\/wp-content\/uploads\/2012\/07\/pyrite-55x55.png 55w, https:\/\/www.noorbyjmf.com\/wp-content\/uploads\/2012\/07\/pyrite-86x86.png 86w, https:\/\/www.noorbyjmf.com\/wp-content\/uploads\/2012\/07\/pyrite-20x20.png 20w\" sizes=\"(max-width: 90px) 100vw, 90px\" \/><\/p>\n<h5>Pyrite<\/h5>\n<h6><strong>L\u2019Or des Fous<\/strong><br \/>\nConnue \u00e9galement sous le nom feu m\u00e9tallique, cela en dit beaucoup sur cette pierre.<br \/>\nIl y eu tellement de chercheurs d\u2019or au cours des si\u00e8cles, qui ont perdu l\u2019esprit \u00e0 creuser et creuser encore en pensant que c\u2019\u00e9tait de l\u2019or. \u00c7a y ressemble, mais c\u2019est bien mieux.<br \/>\nC\u2019est une v\u00e9ritable formule faite pierre. Ajout\u00e9e \u00e0 une autre gemme (en fait c\u2019est l\u2019une des pierres que l\u2019on peut associer \u00e0 d\u2019autres, avec le quartz, le diamant et le cristal.) \u00e7a vous boostera comme de la pierre-coca\u00efne, (pourtant non recommand\u00e9e pour les personnes hyperactives), car ce sera votre vraie kryptonite.<\/h6>\n<p>[:]<\/p>\n","protected":false},"excerpt":{"rendered":"<p>[:en]<\/p>\n<h5>This extraordinarily veined stone blends perfectly with the fiery luster of Vulcan Fire.<\/h5>\n<p>[:fr]<\/p>\n<h5>Cette pierre extraordinairement vein\u00e9e, \u00e9pouse avec perfection l\u2019\u00e9clat ardent du feu de Vulcain.<\/h5>\n<p>[:]<\/p>\n","protected":false},"featured_media":5145,"template":"","meta":[],"product_cat":[653,655,662,636,654],"product_tag":[691,696],"_links":{"self":[{"href":"https:\/\/www.noorbyjmf.com\/fr\/wp-json\/wp\/v3\/product\/5136"}],"collection":[{"href":"https:\/\/www.noorbyjmf.com\/fr\/wp-json\/wp\/v3\/product"}],"about":[{"href":"https:\/\/www.noorbyjmf.com\/fr\/wp-json\/wp\/v2\/types\/product"}],"wp:featuredmedia":[{"embeddable":true,"href":"https:\/\/www.noorbyjmf.com\/fr\/wp-json\/wp\/v2\/media\/5145"}],"wp:attachment":[{"href":"https:\/\/www.noorbyjmf.com\/fr\/wp-json\/wp\/v2\/media?parent=5136"}],"wp:term":[{"taxonomy":"product_cat","embeddable":true,"href":"https:\/\/www.noorbyjmf.com\/fr\/wp-json\/wp\/v2\/product_cat?post=5136"},{"taxonomy":"product_tag","embeddable":true,"href":"https:\/\/www.noorbyjmf.com\/fr\/wp-json\/wp\/v2\/product_tag?post=5136"}],"curies":[{"name":"wp","href":"https:\/\/api.w.org\/{rel}","templated":true}]}}