{"id":5156,"date":"2012-08-27T08:22:05","date_gmt":"2012-08-27T08:22:05","guid":{"rendered":"http:\/\/www.noorbyjmf.com\/?post_type=product&#038;p=5156"},"modified":"2018-11-19T19:39:30","modified_gmt":"2018-11-19T19:39:30","slug":"engarnet-perle-grise-bracelet-chani-ofrbracelet-grenat-perle-grise-chani-o","status":"publish","type":"product","link":"https:\/\/www.noorbyjmf.com\/fr\/boutique\/perle-grise\/engarnet-perle-grise-bracelet-chani-ofrbracelet-grenat-perle-grise-chani-o\/","title":{"rendered":"[:en]Garnet Perle Grise Bracelet, CHANI O[:fr]Bracelet Grenat Perle Grise, CHANI O[:]"},"content":{"rendered":"<p>[:en]<\/p>\n<h5>Bracelet made of faceted discs: mostly Garnet accompanied by grey pearls.<\/h5>\n<pre><\/pre>\n<p>******************<img decoding=\"async\" loading=\"lazy\" class=\"alignright size-full wp-image-1633\" title=\"\" src=\"http:\/\/www.noorbyjmf.com\/wp-content\/uploads\/2012\/08\/grenat.png\" alt=\"\" width=\"90\" height=\"90\" \/><\/p>\n<h5>Garnet<\/h5>\n<h6><strong>The Heroes Shield<\/strong><br \/>\nUsed in ancient Greece on the warriors shield; especially in Sparta. It might not be arrows nor be bullet, it\u2019s true that garnet will increases your self confidence, perseverance, and will definitely gives you a good kick no room no more for being \u00ab the one in the corner \u00bb.<\/h6>\n<p>******************<br \/>\n<img decoding=\"async\" loading=\"lazy\" class=\"alignright size-full wp-image-2166\" title=\"\" src=\"http:\/\/www.noorbyjmf.com\/wp-content\/uploads\/2012\/08\/perle-grise-ol.png\" alt=\"\" width=\"90\" height=\"90\" \/><\/p>\n<h5>Grey Pearl<\/h5>\n<h6><strong>Your fashion Designer<\/strong><br \/>\nThe elegance of these Pearls with their silvery sheen is established! Everything is classier, more trendy when they enter the scene.<\/h6>\n<p>[:fr]<\/p>\n<h5>Bracelet compos\u00e9 de disques facett\u00e9s en majorit\u00e9 de grenat accompagn\u00e9 de perles grises.<\/h5>\n<pre><\/pre>\n<p>******************<img decoding=\"async\" loading=\"lazy\" class=\"alignright size-full wp-image-1633\" title=\"\" src=\"http:\/\/www.noorbyjmf.com\/wp-content\/uploads\/2012\/08\/grenat.png\" alt=\"\" width=\"90\" height=\"90\" \/><\/p>\n<h5>Grenat<\/h5>\n<h6><strong>Le bouclier du h\u00e9ros<\/strong><br \/>\nUtilis\u00e9 comme bouclier dans la Gr\u00e8ce antique, en particulier \u00e0 Spartes.<br \/>\nQu\u2019il y ait des fl\u00e8ches, des balles ou non, il est vrai que le grenat augmente votre confiance en vous, votre pers\u00e9v\u00e9rance, et va vraiment vous donner un bon boost (coup de fouet) pour ne plus \u00eatre \u00ab celui qui reste dans son coin \u00bb<\/h6>\n<p>******************<img decoding=\"async\" loading=\"lazy\" class=\"alignright size-full wp-image-2166\" title=\"\" src=\"http:\/\/www.noorbyjmf.com\/wp-content\/uploads\/2012\/08\/perle-grise-ol.png\" alt=\"\" width=\"90\" height=\"90\" \/><\/p>\n<h5>Perle Grise<\/h5>\n<h6><strong>Votre styliste Priv\u00e9<\/strong><br \/>\nL\u2019\u00e9l\u00e9gance de ces perles \u00e0 l\u2019\u00e9clat argent\u00e9 n\u2019est plus \u00e0 d\u00e9montrer ! Tout est plus classe, plus tendance quand elles entrent en sc\u00e8ne&#8230;<\/h6>\n<p>[:]<\/p>\n","protected":false},"excerpt":{"rendered":"<p>[:en]<\/p>\n<h5>Grey pearls and Garnet: an elegant and harmonious marriage.<\/h5>\n<p>[:fr]<\/p>\n<h5>Perles grises et grenat, un mariage \u00e9l\u00e9gant et harmonieux.<\/h5>\n<p>[:]<\/p>\n","protected":false},"featured_media":5159,"template":"","meta":[],"product_cat":[653,620,675,655,636,645],"product_tag":[691,697,707],"_links":{"self":[{"href":"https:\/\/www.noorbyjmf.com\/fr\/wp-json\/wp\/v3\/product\/5156"}],"collection":[{"href":"https:\/\/www.noorbyjmf.com\/fr\/wp-json\/wp\/v3\/product"}],"about":[{"href":"https:\/\/www.noorbyjmf.com\/fr\/wp-json\/wp\/v2\/types\/product"}],"wp:featuredmedia":[{"embeddable":true,"href":"https:\/\/www.noorbyjmf.com\/fr\/wp-json\/wp\/v2\/media\/5159"}],"wp:attachment":[{"href":"https:\/\/www.noorbyjmf.com\/fr\/wp-json\/wp\/v2\/media?parent=5156"}],"wp:term":[{"taxonomy":"product_cat","embeddable":true,"href":"https:\/\/www.noorbyjmf.com\/fr\/wp-json\/wp\/v2\/product_cat?post=5156"},{"taxonomy":"product_tag","embeddable":true,"href":"https:\/\/www.noorbyjmf.com\/fr\/wp-json\/wp\/v2\/product_tag?post=5156"}],"curies":[{"name":"wp","href":"https:\/\/api.w.org\/{rel}","templated":true}]}}