{"id":5158,"date":"2012-08-26T14:33:01","date_gmt":"2012-08-26T14:33:01","guid":{"rendered":"http:\/\/www.noorbyjmf.com\/?post_type=product&#038;p=5158"},"modified":"2018-11-19T19:39:58","modified_gmt":"2018-11-19T19:39:58","slug":"enemerald-grey-pearl-bracelet-zohr-ofrbracelet-emeraude-perle-grise-zohr-o","status":"publish","type":"product","link":"https:\/\/www.noorbyjmf.com\/fr\/boutique\/perle-grise\/enemerald-grey-pearl-bracelet-zohr-ofrbracelet-emeraude-perle-grise-zohr-o\/","title":{"rendered":"[:en]Emerald Grey Pearl Bracelet, ZOHR O[:fr]Bracelet \u00c9meraude Perle Grise, ZOHR O[:]"},"content":{"rendered":"<p>[:en]<\/p>\n<h5>Bracelet made of faceted discs: mostly Emerald accompanied by grey pearls.<\/h5>\n<pre><\/pre>\n<p>******************<img decoding=\"async\" loading=\"lazy\" class=\"alignright size-full wp-image-1632\" title=\"\" src=\"http:\/\/www.noorbyjmf.com\/wp-content\/uploads\/2012\/08\/emeraude.png\" alt=\"\" width=\"90\" height=\"90\" \/><\/p>\n<h5>Emerald<\/h5>\n<h6><strong>Spring in a Gem<\/strong><br \/>\nValued as of divine descent in ancient times. That marvelous gem will help you when an inner reboot is needed ASAP. Not mentioning that is said to be helpful when it comes to crystal clear views of things &amp; life.<\/h6>\n<p>******************<br \/>\n<img decoding=\"async\" loading=\"lazy\" class=\"alignright size-full wp-image-2166\" title=\"\" src=\"http:\/\/www.noorbyjmf.com\/wp-content\/uploads\/2012\/08\/perle-grise-ol.png\" alt=\"\" width=\"90\" height=\"90\" \/><\/p>\n<h5>Grey Pearl<\/h5>\n<h6><strong>Your fashion Designer<\/strong><br \/>\nThe elegance of these Pearls with their silvery sheen is established! Everything is classier, more trendy when they enter the scene.<\/h6>\n<p>[:fr]<\/p>\n<h5>Bracelet compos\u00e9 de disques facett\u00e9s en majorit\u00e9 d\u2019\u00e9meraude accompagn\u00e9e de perles grises.<\/h5>\n<pre><\/pre>\n<p>******************<img decoding=\"async\" loading=\"lazy\" class=\"alignright size-full wp-image-1632\" title=\"\" src=\"http:\/\/www.noorbyjmf.com\/wp-content\/uploads\/2012\/08\/emeraude.png\" alt=\"\" width=\"90\" height=\"90\" \/><\/p>\n<h5>\u00c9meraude<\/h5>\n<h6><strong>Cette pierre est un printemps !<\/strong><br \/>\nGrandement appr\u00e9ci\u00e9e dans les temps anciens car de descendance divine, cette gemme merveilleuse vous aidera quand vous avez rapidement besoin d\u2019un reboot int\u00e9rieur (remise \u00e0 z\u00e9ro). Et rappelez-vous, elle \u00e9claircit vos id\u00e9es sur vos projets et votre vie !<\/h6>\n<p>******************<img decoding=\"async\" loading=\"lazy\" class=\"alignright size-full wp-image-2166\" title=\"\" src=\"http:\/\/www.noorbyjmf.com\/wp-content\/uploads\/2012\/08\/perle-grise-ol.png\" alt=\"\" width=\"90\" height=\"90\" \/><\/p>\n<h5>Perle Grise<\/h5>\n<h6><strong>Votre styliste Priv\u00e9<\/strong><br \/>\nL\u2019\u00e9l\u00e9gance de ces perles \u00e0 l\u2019\u00e9clat argent\u00e9 n\u2019est plus \u00e0 d\u00e9montrer ! Tout est plus classe, plus tendance quand elles entrent en sc\u00e8ne&#8230;<\/h6>\n<p>[:]<\/p>\n","protected":false},"excerpt":{"rendered":"<p>[:en]<\/p>\n<h5>In this bracelet, you unite the softness of the grey pearls with the dark luster of Emerald.<\/h5>\n<p>[:fr]<\/p>\n<h5>Vous alliez dans ce bracelet la douceur des perles grises et l\u2019\u00e9clat sombre de l\u2019\u00e9meraude.<\/h5>\n<p>[:]<\/p>\n","protected":false},"featured_media":5165,"template":"","meta":[],"product_cat":[653,620,675,655,636,642],"product_tag":[691,697,707],"_links":{"self":[{"href":"https:\/\/www.noorbyjmf.com\/fr\/wp-json\/wp\/v3\/product\/5158"}],"collection":[{"href":"https:\/\/www.noorbyjmf.com\/fr\/wp-json\/wp\/v3\/product"}],"about":[{"href":"https:\/\/www.noorbyjmf.com\/fr\/wp-json\/wp\/v2\/types\/product"}],"wp:featuredmedia":[{"embeddable":true,"href":"https:\/\/www.noorbyjmf.com\/fr\/wp-json\/wp\/v2\/media\/5165"}],"wp:attachment":[{"href":"https:\/\/www.noorbyjmf.com\/fr\/wp-json\/wp\/v2\/media?parent=5158"}],"wp:term":[{"taxonomy":"product_cat","embeddable":true,"href":"https:\/\/www.noorbyjmf.com\/fr\/wp-json\/wp\/v2\/product_cat?post=5158"},{"taxonomy":"product_tag","embeddable":true,"href":"https:\/\/www.noorbyjmf.com\/fr\/wp-json\/wp\/v2\/product_tag?post=5158"}],"curies":[{"name":"wp","href":"https:\/\/api.w.org\/{rel}","templated":true}]}}