{"id":5169,"date":"2012-08-26T10:10:26","date_gmt":"2012-08-26T10:10:26","guid":{"rendered":"http:\/\/www.noorbyjmf.com\/?post_type=product&#038;p=5169"},"modified":"2018-11-19T19:45:40","modified_gmt":"2018-11-19T19:45:40","slug":"enametrine-pink-pearl-bracelet-dalila-ofrbracelet-ametrine-perle-rose-dalila-o","status":"publish","type":"product","link":"https:\/\/www.noorbyjmf.com\/fr\/boutique\/ametrine-fr-fr\/enametrine-pink-pearl-bracelet-dalila-ofrbracelet-ametrine-perle-rose-dalila-o\/","title":{"rendered":"[:en]Am\u00e9trine Pink Pearl Bracelet, DALILA O[:fr]Bracelet Am\u00e9trine Perle Rose, DALILA O[:]"},"content":{"rendered":"<p>[:en]<\/p>\n<h5>Bracelet made of faceted discs: mostly Ametrine accompanied by pink pearls.<\/h5>\n<pre><\/pre>\n<p>******************<img decoding=\"async\" loading=\"lazy\" class=\"alignright size-full wp-image-1391\" title=\"\" src=\"http:\/\/www.noorbyjmf.com\/wp-content\/uploads\/2012\/07\/ametrine.png\" alt=\"\" width=\"90\" height=\"90\" \/><\/p>\n<h5>Ametrine<\/h5>\n<h6><strong>The unique Ametrine<\/strong><br \/>\nThat one of a kind gem, unique natural combo of both citrine &amp; amethyst won\u2019t be your Janus (the 2 faces roman God) on the contrary it will bring you the best of both, and reconciliates the opposites, kind of handy, because who can say that is always one personality up there?<\/h6>\n<p>******************<img decoding=\"async\" loading=\"lazy\" class=\"alignright size-full wp-image-2168\" title=\"\" src=\"http:\/\/www.noorbyjmf.com\/wp-content\/uploads\/2012\/08\/perle-rose-baroque-olivette.png\" alt=\"\" width=\"90\" height=\"90\" \/><\/p>\n<h5>Pink Pearl<\/h5>\n<h6><strong>The Beauty Goddess<\/strong><br \/>\nNeed soft softness in this cruel world? Wear pink pearls, look at their delicat Orient, savour their delicacy and&#8230; relax&#8230;<\/h6>\n<p>[:fr]<\/p>\n<h5>Bracelet compos\u00e9 de disques facett\u00e9s en majorit\u00e9 d\u2019am\u00e9trine accompagn\u00e9e de perles roses.<\/h5>\n<pre><\/pre>\n<p>******************<img decoding=\"async\" loading=\"lazy\" class=\"alignright size-full wp-image-1391\" title=\"\" src=\"http:\/\/www.noorbyjmf.com\/wp-content\/uploads\/2012\/07\/ametrine.png\" alt=\"\" width=\"90\" height=\"90\" \/><\/p>\n<h5>Am\u00e9trine<\/h5>\n<h6><strong>Am\u00e9trine, pierre unique !<\/strong><br \/>\nCette pierre d\u2019un genre particulier, unique combinaison naturelle de citrine et d\u2019am\u00e9thyste, ne sera pas votre Janus (Dieu romain aux 2 visages). Il vous apportera au contraire le meilleur des deux et r\u00e9concilie les oppos\u00e9s. A garder \u00e0 port\u00e9e de main car qui peut dire s\u2019il y a toujours une seule personnalit\u00e9 en vous ?<\/h6>\n<p>******************<img decoding=\"async\" loading=\"lazy\" class=\"alignright size-full wp-image-2168\" title=\"\" src=\"http:\/\/www.noorbyjmf.com\/wp-content\/uploads\/2012\/08\/perle-rose-baroque-olivette.png\" alt=\"\" width=\"90\" height=\"90\" \/><\/p>\n<h5>Perle Rose<\/h5>\n<h6><strong>La d\u00e9esse Beaut\u00e9<\/strong><br \/>\nBesoin de grande douceur dans ce monde de brutes ? Portez les perles roses, regardez leur Orient d\u00e9licat, savourez leur finesse et&#8230;relaxez-vous !<\/h6>\n<p>[:]<\/p>\n","protected":false},"excerpt":{"rendered":"<p>[:en]<\/p>\n<h5>Immerse yourself in the softness of pink pearls surrounded by Ametrine, two faces gem.<\/h5>\n<p>[:fr]<\/p>\n<h5>Plongez dans la douceur des perles roses, entour\u00e9e de l\u2019am\u00e9trine, gemme aux deux visages.<\/h5>\n<p>[:]<\/p>\n","protected":false},"featured_media":5178,"template":"","meta":[],"product_cat":[653,675,660,636,632],"product_tag":[691,708],"_links":{"self":[{"href":"https:\/\/www.noorbyjmf.com\/fr\/wp-json\/wp\/v3\/product\/5169"}],"collection":[{"href":"https:\/\/www.noorbyjmf.com\/fr\/wp-json\/wp\/v3\/product"}],"about":[{"href":"https:\/\/www.noorbyjmf.com\/fr\/wp-json\/wp\/v2\/types\/product"}],"wp:featuredmedia":[{"embeddable":true,"href":"https:\/\/www.noorbyjmf.com\/fr\/wp-json\/wp\/v2\/media\/5178"}],"wp:attachment":[{"href":"https:\/\/www.noorbyjmf.com\/fr\/wp-json\/wp\/v2\/media?parent=5169"}],"wp:term":[{"taxonomy":"product_cat","embeddable":true,"href":"https:\/\/www.noorbyjmf.com\/fr\/wp-json\/wp\/v2\/product_cat?post=5169"},{"taxonomy":"product_tag","embeddable":true,"href":"https:\/\/www.noorbyjmf.com\/fr\/wp-json\/wp\/v2\/product_tag?post=5169"}],"curies":[{"name":"wp","href":"https:\/\/api.w.org\/{rel}","templated":true}]}}