{"id":5170,"date":"2012-08-25T10:05:21","date_gmt":"2012-08-25T10:05:21","guid":{"rendered":"http:\/\/www.noorbyjmf.com\/?post_type=product&#038;p=5170"},"modified":"2018-11-19T19:45:46","modified_gmt":"2018-11-19T19:45:46","slug":"enamethyst-pyrite-bracelet-elissa-ofrbracelet-amethyste-pyrite-elissa-o","status":"publish","type":"product","link":"https:\/\/www.noorbyjmf.com\/fr\/boutique\/amethyste-fr\/enamethyst-pyrite-bracelet-elissa-ofrbracelet-amethyste-pyrite-elissa-o\/","title":{"rendered":"[:en]Amethyst Pyrite Bracelet, ELISSA O[:fr]Bracelet Am\u00e9thyste Pyrite, ELISSA O[:]"},"content":{"rendered":"<p>[:en]<\/p>\n<h5>Bracelet made of faceted discs: mostly Amethyst accompanied by Pyrite.<\/h5>\n<pre><\/pre>\n<p>******************<img decoding=\"async\" loading=\"lazy\" class=\"alignright size-full wp-image-1597\" title=\"\" src=\"http:\/\/www.noorbyjmf.com\/wp-content\/uploads\/2012\/08\/amethyst.png\" alt=\"\" width=\"90\" height=\"90\" \/><\/p>\n<h5>Amethyst<\/h5>\n<h6><strong>The Meditative friend<\/strong><br \/>\nAlways controversial, this gem will help up the one who wears it to get some inner peace &amp; clarity of thoughts. Who would say no to the peace of mind in these troubled times? Our guess is none<\/h6>\n<p>******************<br \/>\n<img decoding=\"async\" loading=\"lazy\" class=\"alignright size-full wp-image-1351\" title=\"pyrite\" src=\"http:\/\/www.noorbyjmf.com\/wp-content\/uploads\/2012\/07\/pyrite.png\" alt=\"\" width=\"90\" height=\"90\" \/><\/p>\n<h5>Pyrite<\/h5>\n<h6><strong>The Fool\u2019s Gold<\/strong><br \/>\nAlso known as the metallic fire. That says a lot about that stone.\u00a0So many over the centuries lost their mind over that one digging &amp; digging thinking that it was actually gold. It looks like it, but it is way better. It\u2019s a real formula one stone, added to another gem (actually it\u2019s one of the rare one we can associated with other among quartz diamond and crystal.) It will boost you cocaine in a stone, hence not recommended for hyperactive people, because it will be your real kryptonite.<\/h6>\n<p>[:fr]<\/p>\n<h5>Bracelet compos\u00e9 de disques facett\u00e9s en majorit\u00e9 d\u2019am\u00e9thyste accompagn\u00e9e de Pyrite.<\/h5>\n<pre><\/pre>\n<p>******************<img decoding=\"async\" loading=\"lazy\" class=\"alignright size-full wp-image-1597\" title=\"\" src=\"http:\/\/www.noorbyjmf.com\/wp-content\/uploads\/2012\/08\/amethyst.png\" alt=\"\" width=\"90\" height=\"90\" \/><\/p>\n<h5>Am\u00e9thyste<\/h5>\n<h6><strong>Amie m\u00e9ditative<\/strong><br \/>\nSouvent controvers\u00e9e, cette pierre aide \u00e0 gagner la paix int\u00e9rieure et des pens\u00e9es claires. Qui dirait non \u00e0 la paix de l\u2019esprit en ces temps troubl\u00e9s ? Personne assur\u00e9ment !<\/h6>\n<p>******************<img decoding=\"async\" loading=\"lazy\" class=\"alignright size-full wp-image-1351\" title=\"pyrite\" src=\"http:\/\/www.noorbyjmf.com\/wp-content\/uploads\/2012\/07\/pyrite.png\" alt=\"\" width=\"90\" height=\"90\" \/><\/p>\n<h5>Pyrite<\/h5>\n<h6><strong>L\u2019Or des Fous<\/strong><br \/>\nConnue \u00e9galement sous le nom feu m\u00e9tallique, cela en dit beaucoup sur cette pierre.<br \/>\nIl y eu tellement de chercheurs d\u2019or au cours des si\u00e8cles, qui ont perdu l\u2019esprit \u00e0 creuser et creuser encore en pensant que c\u2019\u00e9tait de l\u2019or. \u00c7a y ressemble, mais c\u2019est bien mieux. C\u2019est une v\u00e9ritable formule faite pierre. Ajout\u00e9e \u00e0 une autre gemme (en fait c\u2019est l\u2019une des pierres que l\u2019on peut associer \u00e0 d\u2019autres, avec le quartz, le diamant et le cristal.) \u00e7a vous boostera comme de la pierre-caf\u00e9ine, (pourtant non recommand\u00e9e pour les personnes hyperactives), car ce sera votre vraie kryptonite.<\/h6>\n<p>[:]<\/p>\n","protected":false},"excerpt":{"rendered":"<p>[:en]<\/p>\n<h5>Pyrite, with its soft golden hues, strongly contrasts with the vivacity of Amethyst.<\/h5>\n<p>[:fr]<\/p>\n<h5>La pyrite, avec ses doux reflets dor\u00e9s, contraste avec force la vivacit\u00e9 de l\u2019am\u00e9thyste.<\/h5>\n<p>[:]<\/p>\n","protected":false},"featured_media":5180,"template":"","meta":[],"product_cat":[653,675,655,662,636,631],"product_tag":[691,697,707],"_links":{"self":[{"href":"https:\/\/www.noorbyjmf.com\/fr\/wp-json\/wp\/v3\/product\/5170"}],"collection":[{"href":"https:\/\/www.noorbyjmf.com\/fr\/wp-json\/wp\/v3\/product"}],"about":[{"href":"https:\/\/www.noorbyjmf.com\/fr\/wp-json\/wp\/v2\/types\/product"}],"wp:featuredmedia":[{"embeddable":true,"href":"https:\/\/www.noorbyjmf.com\/fr\/wp-json\/wp\/v2\/media\/5180"}],"wp:attachment":[{"href":"https:\/\/www.noorbyjmf.com\/fr\/wp-json\/wp\/v2\/media?parent=5170"}],"wp:term":[{"taxonomy":"product_cat","embeddable":true,"href":"https:\/\/www.noorbyjmf.com\/fr\/wp-json\/wp\/v2\/product_cat?post=5170"},{"taxonomy":"product_tag","embeddable":true,"href":"https:\/\/www.noorbyjmf.com\/fr\/wp-json\/wp\/v2\/product_tag?post=5170"}],"curies":[{"name":"wp","href":"https:\/\/api.w.org\/{rel}","templated":true}]}}