{"id":5171,"date":"2012-08-25T10:01:03","date_gmt":"2012-08-25T10:01:03","guid":{"rendered":"http:\/\/www.noorbyjmf.com\/?post_type=product&#038;p=5171"},"modified":"2018-11-19T19:45:54","modified_gmt":"2018-11-19T19:45:54","slug":"enamethyst-white-pearl-bracelet-elissa-ofrbracelet-amethyste-perle-blanche-elissa-o","status":"publish","type":"product","link":"https:\/\/www.noorbyjmf.com\/fr\/boutique\/amethyste-fr\/enamethyst-white-pearl-bracelet-elissa-ofrbracelet-amethyste-perle-blanche-elissa-o\/","title":{"rendered":"[:en]Amethyst White Pearl Bracelet, ELISSA O[:fr]Bracelet Am\u00e9thyste Perle Blanche, ELISSA O[:]"},"content":{"rendered":"<p>[:en]<\/p>\n<h5>Bracelet made of faceted discs: mostly Amethyst accompanied by white pearls.<\/h5>\n<pre><\/pre>\n<p>******************<img decoding=\"async\" loading=\"lazy\" class=\"alignright size-full wp-image-1597\" title=\"\" src=\"http:\/\/www.noorbyjmf.com\/wp-content\/uploads\/2012\/08\/amethyst.png\" alt=\"\" width=\"90\" height=\"90\" \/><\/p>\n<h5>Amethyst<\/h5>\n<h6><strong>The Meditative friend<\/strong><br \/>\nAlways controversial, this gem will help up the one who wears it to get some inner peace &amp; clarity of thoughts. Who would say no to the peace of mind in these troubled times? Our guess is none.<\/h6>\n<p>******************<br \/>\n<img decoding=\"async\" loading=\"lazy\" class=\"alignright size-full wp-image-2195\" title=\"\" src=\"http:\/\/www.noorbyjmf.com\/wp-content\/uploads\/2012\/08\/perle-blanche-ol.png\" alt=\"\" width=\"90\" height=\"90\" \/><\/p>\n<h5>White Pearl<\/h5>\n<h6><strong>The Maharaja\u2019s one &amp; only!!!<\/strong><br \/>\nSince 5 000 years, they are always there to capture the light, these pearls are goddesses who inflame passion. Hated, adored, they move througt time without losting their luster. And do not think you need the \u00ab\u00a0Peregrina\u00a0\u00bb to be more attractive&#8230;<\/h6>\n<p>[:fr]<\/p>\n<h5>Bracelet compos\u00e9 de disques facett\u00e9s en majorit\u00e9 d\u2019am\u00e9thyste accompagn\u00e9e de perles blanches.<\/h5>\n<pre><\/pre>\n<p>******************<br \/>\n<img decoding=\"async\" loading=\"lazy\" class=\"alignright size-full wp-image-1597\" title=\"\" src=\"http:\/\/www.noorbyjmf.com\/wp-content\/uploads\/2012\/08\/amethyst.png\" alt=\"\" width=\"90\" height=\"90\" \/><\/p>\n<h5>Am\u00e9thyste<\/h5>\n<h6><strong>Amie m\u00e9ditative<\/strong><br \/>\nSouvent controvers\u00e9e, cette pierre aide \u00e0 gagner la paix int\u00e9rieure et des pens\u00e9es claires. Qui dirait non \u00e0 la paix de l\u2019esprit en ces temps troubl\u00e9s ? Personne assur\u00e9ment !<\/h6>\n<p>******************<br \/>\n<img decoding=\"async\" loading=\"lazy\" class=\"alignright size-full wp-image-2195\" title=\"\" src=\"http:\/\/www.noorbyjmf.com\/wp-content\/uploads\/2012\/08\/perle-blanche-ol.png\" alt=\"\" width=\"90\" height=\"90\" \/><\/p>\n<h5>Perle Blanche<\/h5>\n<h6><strong>Pour les Maharajas uniquement !!! <\/strong><br \/>\nDepuis 5000 ans, toujours l\u00e0 pour capter la lumi\u00e8re, ce sont des d\u00e9esses qui attisent les passions. Honnies, ador\u00e9es, elles traversent le temps sans bouger d\u2019une nacre. Et n\u2019allez pas croire que la \u00ab\u00a0Peregrina\u00a0\u00bb est n\u00e9cessaire \u00e0 votre beaut\u00e9&#8230;<\/h6>\n<p>[:]<\/p>\n","protected":false},"excerpt":{"rendered":"<p>[:en]<\/p>\n<h5>Be guided by the orient of white pearls which reflects the mysterious purple of Amethyst.<\/h5>\n<p>[:fr]<\/p>\n<h5>Laissez-vous guider par l\u2019orient des perles blanches o\u00f9 se refl\u00e8te le violet myst\u00e9rieux de l\u2019am\u00e9thyste.<\/h5>\n<p>[:]<\/p>\n","protected":false},"featured_media":5183,"template":"","meta":[],"product_cat":[653,675,674,636,631],"product_tag":[691,708],"_links":{"self":[{"href":"https:\/\/www.noorbyjmf.com\/fr\/wp-json\/wp\/v3\/product\/5171"}],"collection":[{"href":"https:\/\/www.noorbyjmf.com\/fr\/wp-json\/wp\/v3\/product"}],"about":[{"href":"https:\/\/www.noorbyjmf.com\/fr\/wp-json\/wp\/v2\/types\/product"}],"wp:featuredmedia":[{"embeddable":true,"href":"https:\/\/www.noorbyjmf.com\/fr\/wp-json\/wp\/v2\/media\/5183"}],"wp:attachment":[{"href":"https:\/\/www.noorbyjmf.com\/fr\/wp-json\/wp\/v2\/media?parent=5171"}],"wp:term":[{"taxonomy":"product_cat","embeddable":true,"href":"https:\/\/www.noorbyjmf.com\/fr\/wp-json\/wp\/v2\/product_cat?post=5171"},{"taxonomy":"product_tag","embeddable":true,"href":"https:\/\/www.noorbyjmf.com\/fr\/wp-json\/wp\/v2\/product_tag?post=5171"}],"curies":[{"name":"wp","href":"https:\/\/api.w.org\/{rel}","templated":true}]}}