{"id":5172,"date":"2012-08-24T16:49:10","date_gmt":"2012-08-24T16:49:10","guid":{"rendered":"http:\/\/www.noorbyjmf.com\/?post_type=product&#038;p=5172"},"modified":"2018-11-19T19:46:02","modified_gmt":"2018-11-19T19:46:02","slug":"enruby-pyrite-bracelet-arie-5frbracelet-rubis-pyrite-arie-5","status":"publish","type":"product","link":"https:\/\/www.noorbyjmf.com\/fr\/boutique\/bracelets-jewelry-fr\/enruby-pyrite-bracelet-arie-5frbracelet-rubis-pyrite-arie-5\/","title":{"rendered":"[:en]Ruby Pyrite Bracelet, ARIE 5[:fr]Bracelet Rubis Pyrite, ARI\u00c9 5[:]"},"content":{"rendered":"<p>[:en]<\/p>\n<h5><a title=\"what is hamsa?\" href=\"http:\/\/en.wikipedia.org\/wiki\/Hamsa\" target=\"_blank\" rel=\"noopener\">HAMSA<\/a> line. Bracelet made of faceted discs: mostly Ruby accompanied by Pyrite.<\/h5>\n<pre><\/pre>\n<p>******************<img decoding=\"async\" loading=\"lazy\" class=\"alignright size-full wp-image-1705\" title=\"\" src=\"http:\/\/www.noorbyjmf.com\/wp-content\/uploads\/2012\/08\/ruby.png\" alt=\"\" width=\"90\" height=\"90\" \/><\/p>\n<h5>Ruby<\/h5>\n<h6><strong>The inner fire<\/strong><br \/>\nThis king of gem burns with fire and passion. It gives great strength &amp; strong will when needed. It is the symbol of Victory, Love, Faith &amp; Power. Always handy if you need to spice up your life!!!<\/h6>\n<p>******************<br \/>\n<img decoding=\"async\" loading=\"lazy\" class=\"alignright size-full wp-image-1350\" title=\"\" src=\"http:\/\/www.noorbyjmf.com\/wp-content\/uploads\/2012\/07\/pyrite.png\" alt=\"\" width=\"90\" height=\"90\" srcset=\"https:\/\/www.noorbyjmf.com\/wp-content\/uploads\/2012\/07\/pyrite.png 90w, https:\/\/www.noorbyjmf.com\/wp-content\/uploads\/2012\/07\/pyrite-55x55.png 55w, https:\/\/www.noorbyjmf.com\/wp-content\/uploads\/2012\/07\/pyrite-86x86.png 86w, https:\/\/www.noorbyjmf.com\/wp-content\/uploads\/2012\/07\/pyrite-20x20.png 20w\" sizes=\"(max-width: 90px) 100vw, 90px\" \/><\/p>\n<h5>Pyrite<\/h5>\n<h6><strong>The Fool\u2019s Gold<\/strong><br \/>\nAlso known as the metallic fire. That says a lot about that stone.<br \/>\nSo many over the centuries lost their mind over that one digging &amp; digging thinking that it was actually gold. It looks like it, but it is way better.<br \/>\nIt\u2019s a real formula one stone, added to another gem (actually it\u2019s one of the rare one we can associated with other among quartz diamond and crystal.) It will boost you cocaine in a stone, hence not recommended for hyperactive people, because it will be your real kryptonite.<\/h6>\n<p>[:fr]<\/p>\n<h5>Bracelet compos\u00e9 de disques facett\u00e9s en majorit\u00e9 de rubis accompagn\u00e9 de Pyrite.<\/h5>\n<pre><\/pre>\n<p>******************<img decoding=\"async\" loading=\"lazy\" class=\"alignright size-full wp-image-1705\" title=\"\" src=\"http:\/\/www.noorbyjmf.com\/wp-content\/uploads\/2012\/08\/ruby.png\" alt=\"\" width=\"90\" height=\"90\" \/><\/p>\n<h5>Rubis<\/h5>\n<h6><strong>Le feu int\u00e9rieur<\/strong><br \/>\nCe roi des joyaux br\u00fble de feu et de passion. Il donne une grande force quand on en a besoin. C\u2019est le symbole de la Victoire, de l\u2019Amour, de la Foi et du Pouvoir. Ayez-en toujours un sur vous, si vous voulez \u00e9picer votre vie !!!<\/h6>\n<p>******************<img decoding=\"async\" loading=\"lazy\" class=\"alignright size-full wp-image-1350\" title=\"pyrite\" src=\"http:\/\/www.noorbyjmf.com\/wp-content\/uploads\/2012\/07\/pyrite.png\" alt=\"\" width=\"90\" height=\"90\" srcset=\"https:\/\/www.noorbyjmf.com\/wp-content\/uploads\/2012\/07\/pyrite.png 90w, https:\/\/www.noorbyjmf.com\/wp-content\/uploads\/2012\/07\/pyrite-55x55.png 55w, https:\/\/www.noorbyjmf.com\/wp-content\/uploads\/2012\/07\/pyrite-86x86.png 86w, https:\/\/www.noorbyjmf.com\/wp-content\/uploads\/2012\/07\/pyrite-20x20.png 20w\" sizes=\"(max-width: 90px) 100vw, 90px\" \/><\/p>\n<h5>Pyrite<\/h5>\n<h6><strong>L\u2019Or des Fous<\/strong><br \/>\nConnue \u00e9galement sous le nom feu m\u00e9tallique, cela en dit beaucoup sur cette pierre.<br \/>\nIl y eu tellement de chercheurs d\u2019or au cours des si\u00e8cles, qui ont perdu l\u2019esprit \u00e0 creuser et creuser encore en pensant que c\u2019\u00e9tait de l\u2019or. \u00c7a y ressemble, mais c\u2019est bien mieux.<br \/>\nC\u2019est une v\u00e9ritable formule faite pierre. La pyrite, ajout\u00e9e \u00e0 une autre gemme (en fait c\u2019est l\u2019une des pierres que l\u2019on peut associer \u00e0 d\u2019autres, avec le quartz, le diamant et le cristal.) \u00e7a vous boostera comme de la pierre-caf\u00e9ine, (pourtant non recommand\u00e9e pour les personnes hyperactives), car ce sera votre vraie kryptonite.<\/h6>\n<p>[:]<\/p>\n","protected":false},"excerpt":{"rendered":"<p>[:en]<\/p>\n<h5>The warrior grace of Pyrite values the deep beauty of these precious jewels. This union of Titans is there to enhance your beauty.<\/h5>\n<p>[:fr]<\/p>\n<h5>La gr\u00e2ce guerri\u00e8re de la pyrite renforce la beaut\u00e9 profonde des rubis pr\u00e9cieux. Cette union des Titans est l\u00e0 pour rehausser votre beaut\u00e9.<\/h5>\n<p>[:]<\/p>\n","protected":false},"featured_media":5185,"template":"","meta":[],"product_cat":[652,675,655,662,636,664],"product_tag":[691,696,708],"_links":{"self":[{"href":"https:\/\/www.noorbyjmf.com\/fr\/wp-json\/wp\/v3\/product\/5172"}],"collection":[{"href":"https:\/\/www.noorbyjmf.com\/fr\/wp-json\/wp\/v3\/product"}],"about":[{"href":"https:\/\/www.noorbyjmf.com\/fr\/wp-json\/wp\/v2\/types\/product"}],"wp:featuredmedia":[{"embeddable":true,"href":"https:\/\/www.noorbyjmf.com\/fr\/wp-json\/wp\/v2\/media\/5185"}],"wp:attachment":[{"href":"https:\/\/www.noorbyjmf.com\/fr\/wp-json\/wp\/v2\/media?parent=5172"}],"wp:term":[{"taxonomy":"product_cat","embeddable":true,"href":"https:\/\/www.noorbyjmf.com\/fr\/wp-json\/wp\/v2\/product_cat?post=5172"},{"taxonomy":"product_tag","embeddable":true,"href":"https:\/\/www.noorbyjmf.com\/fr\/wp-json\/wp\/v2\/product_tag?post=5172"}],"curies":[{"name":"wp","href":"https:\/\/api.w.org\/{rel}","templated":true}]}}