{"id":5173,"date":"2012-08-24T16:38:36","date_gmt":"2012-08-24T16:38:36","guid":{"rendered":"http:\/\/www.noorbyjmf.com\/?post_type=product&#038;p=5173"},"modified":"2018-11-19T19:46:11","modified_gmt":"2018-11-19T19:46:11","slug":"enbracelet-ruby-white-pearl-arie-5frbracelet-rubis-perle-blanche-arie-5","status":"publish","type":"product","link":"https:\/\/www.noorbyjmf.com\/fr\/boutique\/bracelets-jewelry-fr\/enbracelet-ruby-white-pearl-arie-5frbracelet-rubis-perle-blanche-arie-5\/","title":{"rendered":"[:en]Bracelet Ruby White Pearl, Arie 5[:fr]Bracelet Rubis Perle Blanche, ARI\u00c9 5[:]"},"content":{"rendered":"<p>[:en]<\/p>\n<h5><a title=\"what is hamsa?\" href=\"http:\/\/en.wikipedia.org\/wiki\/Hamsa\" target=\"_blank\" rel=\"noopener\">HAMSA<\/a> line. Bracelet made of faceted discs: mostly Ruby accompanied by white pearls.<\/h5>\n<pre><\/pre>\n<p>******************<br \/>\n<a title=\"ruby\" href=\"http:\/\/www.noorbyjmf.com\/categorie-produit\/ruby-jewelry\/\" target=\"_blank\" rel=\"noopener\"><img decoding=\"async\" loading=\"lazy\" class=\"alignright size-full wp-image-1705\" title=\"\" src=\"http:\/\/www.noorbyjmf.com\/wp-content\/uploads\/2012\/08\/ruby.png\" alt=\"\" width=\"90\" height=\"90\" \/><\/a><\/p>\n<h5><a title=\"ruby bracelets\" href=\"http:\/\/www.noorbyjmf.com\/categorie-produit\/ruby-jewelry\/\" target=\"_blank\" rel=\"noopener\">Ruby<\/a><\/h5>\n<h6><strong>The inner fire<\/strong><br \/>\nThis king of gem burns with fire and passion. It gives great strength &amp; strong will when needed. It is the symbol of Victory, Love, Faith &amp; Power. Ruby bracelet, always handy if you need to spice up your life!!!<\/h6>\n<p>******************<br \/>\n<a title=\"white pearls\" href=\"http:\/\/www.noorbyjmf.com\/categorie-produit\/white-pearl\/\"><img decoding=\"async\" loading=\"lazy\" class=\"alignright size-full wp-image-2195\" title=\"\" src=\"http:\/\/www.noorbyjmf.com\/wp-content\/uploads\/2012\/08\/perle-blanche-ol.png\" alt=\"\" width=\"90\" height=\"90\" \/><\/a><\/p>\n<h5><a title=\"white pearls bracelets\" href=\"http:\/\/www.noorbyjmf.com\/categorie-produit\/white-pearl\/\">White Pearl<\/a><\/h5>\n<h6><strong>The Maharaja\u2019s one &amp; only!!!<\/strong><br \/>\nSince 5 000 years, they are always there to capture the light, these pearls are goddesses who inflame passion. Hated, adored, they move througt time without losting their luster. And do not think you need the \u00ab Peregrina \u00bb to be more attractive&#8230;<\/h6>\n<p>[:fr]<\/p>\n<h5>Ligne <a title=\"hamsa\" href=\"http:\/\/fr.wikipedia.org\/wiki\/Khamsa_%28symbole%29\" target=\"_blank\" rel=\"noopener\">HAMSA<\/a>. Bracelet compos\u00e9 en majorit\u00e9 de disques facett\u00e9s de rubis accompagn\u00e9 de perles blanches.<\/h5>\n<pre><\/pre>\n<p>******************<br \/>\n<a title=\"rubis\" href=\"http:\/\/www.noorbyjmf.com\/fr\/categorie-produit\/rubis-2\/\" target=\"_blank\" rel=\"noopener\"><img decoding=\"async\" loading=\"lazy\" class=\"alignright size-full wp-image-1705\" title=\"\" src=\"http:\/\/www.noorbyjmf.com\/wp-content\/uploads\/2012\/08\/ruby.png\" alt=\"\" width=\"90\" height=\"90\" \/><\/a><\/p>\n<h5><a title=\"bracelets rubis\" href=\"http:\/\/www.noorbyjmf.com\/fr\/categorie-produit\/rubis-2\/\" target=\"_blank\" rel=\"noopener\">Rubis<\/a><\/h5>\n<h6><strong>Le feu int\u00e9rieur<\/strong><br \/>\nCe roi des joyaux br\u00fble de feu et de passion. Il donne une grande force quand on en a besoin. C\u2019est le symbole de la Victoire, de l\u2019Amour, de la Foi et du Pouvoir. Bracelet rubis, ayez-en toujours un sur vous, si vous voulez \u00e9picer votre vie !!!<\/h6>\n<p>******************<br \/>\n<a title=\"perle blanche\" href=\"http:\/\/www.noorbyjmf.com\/fr\/categorie-produit\/perle-blanche\/\" target=\"_blank\" rel=\"noopener\"><img decoding=\"async\" loading=\"lazy\" class=\"alignright size-full wp-image-2195\" title=\"\" src=\"http:\/\/www.noorbyjmf.com\/wp-content\/uploads\/2012\/08\/perle-blanche-ol.png\" alt=\"\" width=\"90\" height=\"90\" \/><\/a><\/p>\n<h5><a title=\"bracelets perles blanches\" href=\"http:\/\/www.noorbyjmf.com\/fr\/categorie-produit\/perle-blanche\/\" target=\"_blank\" rel=\"noopener\">Perle Blanche<\/a><\/h5>\n<h6><strong>Pour les Maharajas uniquement !!! <\/strong><br \/>\nDepuis 5000 ans, toujours l\u00e0 pour capter la lumi\u00e8re, ce sont des d\u00e9esses qui attisent les passions. Honnies, ador\u00e9es, elles traversent le temps sans bouger d\u2019une nacre. Et n\u2019allez pas croire que la \u00ab Peregrina \u00bb est n\u00e9cessaire \u00e0 votre beaut\u00e9&#8230;<\/h6>\n<p>[:]<\/p>\n","protected":false},"excerpt":{"rendered":"<p>[:en]<\/p>\n<h5>Ruby, white pearls, quicksilver, everything matches with this piece, to bring you elegance and beauty.<\/h5>\n<p>[:fr]<\/p>\n<h5>Rubis, perles blanches, vif argent, tout s\u2019accorde avec cette pi\u00e8ce \u00e0 vous apporter \u00e9l\u00e9gance et beaut\u00e9.<\/h5>\n<p>[:]<\/p>\n","protected":false},"featured_media":5186,"template":"","meta":[],"product_cat":[652,675,674,636,664],"product_tag":[691,708],"_links":{"self":[{"href":"https:\/\/www.noorbyjmf.com\/fr\/wp-json\/wp\/v3\/product\/5173"}],"collection":[{"href":"https:\/\/www.noorbyjmf.com\/fr\/wp-json\/wp\/v3\/product"}],"about":[{"href":"https:\/\/www.noorbyjmf.com\/fr\/wp-json\/wp\/v2\/types\/product"}],"wp:featuredmedia":[{"embeddable":true,"href":"https:\/\/www.noorbyjmf.com\/fr\/wp-json\/wp\/v2\/media\/5186"}],"wp:attachment":[{"href":"https:\/\/www.noorbyjmf.com\/fr\/wp-json\/wp\/v2\/media?parent=5173"}],"wp:term":[{"taxonomy":"product_cat","embeddable":true,"href":"https:\/\/www.noorbyjmf.com\/fr\/wp-json\/wp\/v2\/product_cat?post=5173"},{"taxonomy":"product_tag","embeddable":true,"href":"https:\/\/www.noorbyjmf.com\/fr\/wp-json\/wp\/v2\/product_tag?post=5173"}],"curies":[{"name":"wp","href":"https:\/\/api.w.org\/{rel}","templated":true}]}}