{"id":5188,"date":"2012-08-24T16:02:49","date_gmt":"2012-08-24T16:02:49","guid":{"rendered":"http:\/\/www.noorbyjmf.com\/?post_type=product&#038;p=5188"},"modified":"2018-11-19T19:52:55","modified_gmt":"2018-11-19T19:52:55","slug":"enrutilated-quartz-pyrite-bracelet-ganga-5frbracelet-quartz-rutile-pyrite-ganga-5","status":"publish","type":"product","link":"https:\/\/www.noorbyjmf.com\/fr\/boutique\/bracelets-jewelry-fr\/enrutilated-quartz-pyrite-bracelet-ganga-5frbracelet-quartz-rutile-pyrite-ganga-5\/","title":{"rendered":"[:en]Rutilated Quartz Pyrite Bracelet, GANGA 5[:fr]Bracelet Quartz Rutil\u00e9 Pyrite, GANGA 5[:]"},"content":{"rendered":"<p>[:en]<\/p>\n<h5>Bracelet made of faceted balls: mostly Rutilated Quartz accompanied by Pyrite.<\/h5>\n<pre><\/pre>\n<p>******************<img decoding=\"async\" loading=\"lazy\" class=\"alignright size-full wp-image-2121\" title=\"\" src=\"http:\/\/www.noorbyjmf.com\/wp-content\/uploads\/2012\/08\/quartz_rutil.png\" alt=\"\" width=\"90\" height=\"90\" \/><\/p>\n<h5>Rutilated Quartz<\/h5>\n<h6><strong>The Perfect Recession Companion<\/strong><br \/>\nIndeed this particular Quartz will help you overcome your fear of lacking , whereas it\u2019s money or other financial related businesses. So no more \u201cPattack\u201d ( panic attacks) opening your credit card bills, no need to run under your mattress hoping that they will go away like Mary Poppins is in the neighborhood, nor popping some Xanax with a good shot of tequila when you receive such mails. Your Quartz Rutile will ease that fear\u2026..what else?<\/h6>\n<p>******************<img decoding=\"async\" loading=\"lazy\" class=\"alignright size-full wp-image-1350\" src=\"http:\/\/www.noorbyjmf.com\/wp-content\/uploads\/2012\/07\/pyrite.png\" alt=\"\" width=\"90\" height=\"90\" srcset=\"https:\/\/www.noorbyjmf.com\/wp-content\/uploads\/2012\/07\/pyrite.png 90w, https:\/\/www.noorbyjmf.com\/wp-content\/uploads\/2012\/07\/pyrite-55x55.png 55w, https:\/\/www.noorbyjmf.com\/wp-content\/uploads\/2012\/07\/pyrite-86x86.png 86w, https:\/\/www.noorbyjmf.com\/wp-content\/uploads\/2012\/07\/pyrite-20x20.png 20w\" sizes=\"(max-width: 90px) 100vw, 90px\" \/><\/p>\n<h5>Pyrite<\/h5>\n<h6><strong>The Fool\u2019s Gold<\/strong><br \/>\nAlso known as the metallic fire. That says a lot about that stone.<br \/>\nSo many over the centuries lost their mind over that one digging &amp; digging thinking that it was actually gold. It looks like it, but it is way better.<br \/>\nIt\u2019s a real formula one stone, added to another gem (actually it\u2019s one of the rare one we can associated with other among quartz diamond and crystal.) It will boost you cocaine in a stone, hence not recommended for hyperactive people, because it will be your real kryptonite.<\/h6>\n<p>[:fr]<\/p>\n<h5>Bracelet compos\u00e9 de disques facett\u00e9s en majorit\u00e9 de quartz rutil\u00e9 accompagn\u00e9 de Pyrite.<\/h5>\n<pre><\/pre>\n<p>******************<img decoding=\"async\" loading=\"lazy\" class=\"alignright size-full wp-image-2121\" title=\"\" src=\"http:\/\/www.noorbyjmf.com\/wp-content\/uploads\/2012\/08\/quartz_rutil.png\" alt=\"\" width=\"90\" height=\"90\" \/><\/p>\n<h5>Quartz Rutil\u00e9<\/h5>\n<h6><strong>Le pote parfait de la Crise<\/strong><br \/>\nVrai, ce quartz particulier vous aide \u00e0 surmonter votre peur de manquer, que ce soit argent ou autres business. Alors plus de patack (attaque de panique) quand vous recevez vos factures de carte de cr\u00e9dit. Plus la peine de vous pr\u00e9cipiter sous votre matelas en esp\u00e9rant que \u00e7a va dispara\u00eetre comme Mary Poppins chez les voisins, ni fourrer du Xanax dans un bon t\u00e9quila, quand vous recevez ces courriers. Votre Quartz Rutil\u00e9 calmera cette peur\u2026 Que demander de plus ?<\/h6>\n<p>******************<img decoding=\"async\" loading=\"lazy\" class=\"alignright size-full wp-image-1350\" src=\"http:\/\/www.noorbyjmf.com\/wp-content\/uploads\/2012\/07\/pyrite.png\" alt=\"\" width=\"90\" height=\"90\" srcset=\"https:\/\/www.noorbyjmf.com\/wp-content\/uploads\/2012\/07\/pyrite.png 90w, https:\/\/www.noorbyjmf.com\/wp-content\/uploads\/2012\/07\/pyrite-55x55.png 55w, https:\/\/www.noorbyjmf.com\/wp-content\/uploads\/2012\/07\/pyrite-86x86.png 86w, https:\/\/www.noorbyjmf.com\/wp-content\/uploads\/2012\/07\/pyrite-20x20.png 20w\" sizes=\"(max-width: 90px) 100vw, 90px\" \/><\/p>\n<h5>Pyrite<\/h5>\n<h6><strong>L\u2019Or des Fous<\/strong><br \/>\nConnue \u00e9galement sous le nom feu m\u00e9tallique, cela en dit beaucoup sur cette pierre.<br \/>\nIl y eu tellement de chercheurs d\u2019or au cours des si\u00e8cles, qui ont perdu l\u2019esprit \u00e0 creuser et creuser encore en pensant que c\u2019\u00e9tait de l\u2019or. \u00c7a y ressemble, mais c\u2019est bien mieux.<br \/>\nC\u2019est une v\u00e9ritable formule faite pierre. Ajout\u00e9e \u00e0 une autre gemme (en fait c\u2019est l\u2019une des pierres que l\u2019on peut associer \u00e0 d\u2019autres, avec le quartz, le diamant et le cristal.) \u00e7a vous boostera comme de la pierre-caf\u00e9ine, (pourtant non recommand\u00e9e pour les personnes hyperactives), car ce sera votre vraie kryptonite.<\/h6>\n<p>[:]<\/p>\n","protected":false},"excerpt":{"rendered":"<p>[:en]<\/p>\n<h5>Have you notice the shiny needles of the rutilated quartz? Multicolored, it goes with your most fanciful outfit.<\/h5>\n<p>[:fr]<\/p>\n<h5>Avez-vous remarqu\u00e9 les aiguilles brillantes du quartz rutil\u00e9 ? De toutes les couleurs, il va avec les tenues les plus fantaisistes.<\/h5>\n<p>[:]<\/p>\n","protected":false},"featured_media":5196,"template":"","meta":[],"product_cat":[652,675,665,662,636],"product_tag":[691,708],"_links":{"self":[{"href":"https:\/\/www.noorbyjmf.com\/fr\/wp-json\/wp\/v3\/product\/5188"}],"collection":[{"href":"https:\/\/www.noorbyjmf.com\/fr\/wp-json\/wp\/v3\/product"}],"about":[{"href":"https:\/\/www.noorbyjmf.com\/fr\/wp-json\/wp\/v2\/types\/product"}],"wp:featuredmedia":[{"embeddable":true,"href":"https:\/\/www.noorbyjmf.com\/fr\/wp-json\/wp\/v2\/media\/5196"}],"wp:attachment":[{"href":"https:\/\/www.noorbyjmf.com\/fr\/wp-json\/wp\/v2\/media?parent=5188"}],"wp:term":[{"taxonomy":"product_cat","embeddable":true,"href":"https:\/\/www.noorbyjmf.com\/fr\/wp-json\/wp\/v2\/product_cat?post=5188"},{"taxonomy":"product_tag","embeddable":true,"href":"https:\/\/www.noorbyjmf.com\/fr\/wp-json\/wp\/v2\/product_tag?post=5188"}],"curies":[{"name":"wp","href":"https:\/\/api.w.org\/{rel}","templated":true}]}}