{"id":5192,"date":"2012-08-23T16:37:34","date_gmt":"2012-08-23T16:37:34","guid":{"rendered":"http:\/\/www.noorbyjmf.com\/?post_type=product&#038;p=5192"},"modified":"2018-11-19T19:53:36","modified_gmt":"2018-11-19T19:53:36","slug":"enmoonstone-pyrite-bracelet-ishtar-5frbracelet-pierre-de-lune-pyrite-ishtar-5","status":"publish","type":"product","link":"https:\/\/www.noorbyjmf.com\/fr\/boutique\/bracelets-jewelry-fr\/enmoonstone-pyrite-bracelet-ishtar-5frbracelet-pierre-de-lune-pyrite-ishtar-5\/","title":{"rendered":"[:en]Moonstone Pyrite Bracelet, ISHTAR 5[:fr]Bracelet Pierre de Lune Pyrite ISHTAR 5[:]"},"content":{"rendered":"<p>[:en]<\/p>\n<h5>Bracelet made of faceted discs: mostly Moonstone accompanied by Pyrite.<\/h5>\n<pre><\/pre>\n<p>******************<img decoding=\"async\" loading=\"lazy\" class=\"alignright size-full wp-image-1681\" title=\"\" src=\"http:\/\/www.noorbyjmf.com\/wp-content\/uploads\/2012\/08\/Pierre_de_Lune.png\" alt=\"\" width=\"90\" height=\"90\" \/><\/p>\n<h5>Moon Stone<\/h5>\n<h6><strong>Sweet and Strong Friend<\/strong><br \/>\nWell, there is no chapter in any southern Belle\u2019s etiquette book for that, so lets be blunt: extremely handy in pms times there we set it<br \/>\nAlthough it is not a gem that discriminates, since it is known to bring tolerance, kindness &amp; intuition\u2026 Yet definitely, more men should wear it!!!<\/h6>\n<p>******************<img decoding=\"async\" loading=\"lazy\" class=\"alignright size-full wp-image-1350\" src=\"http:\/\/www.noorbyjmf.com\/wp-content\/uploads\/2012\/07\/pyrite.png\" alt=\"\" width=\"90\" height=\"90\" srcset=\"https:\/\/www.noorbyjmf.com\/wp-content\/uploads\/2012\/07\/pyrite.png 90w, https:\/\/www.noorbyjmf.com\/wp-content\/uploads\/2012\/07\/pyrite-55x55.png 55w, https:\/\/www.noorbyjmf.com\/wp-content\/uploads\/2012\/07\/pyrite-86x86.png 86w, https:\/\/www.noorbyjmf.com\/wp-content\/uploads\/2012\/07\/pyrite-20x20.png 20w\" sizes=\"(max-width: 90px) 100vw, 90px\" \/><\/p>\n<h5>Pyrite<\/h5>\n<h6><strong>The Fool\u2019s Gold<\/strong><br \/>\nAlso known as the metallic fire. That says a lot about that stone.<br \/>\nSo many over the centuries lost their mind over that one digging &amp; digging thinking that it was actually gold. It looks like it, but it is way better.<br \/>\nIt\u2019s a real formula one stone, added to another gem (actually it\u2019s one of the rare one we can associated with other among quartz diamond and crystal.) It will boost you cocaine in a stone, hence not recommended for hyperactive people, because it will be your real kryptonite.<\/h6>\n<p>[:fr]<\/p>\n<h5>Bracelet compos\u00e9 de disques facett\u00e9s en majorit\u00e9 de pierre de lune accompagn\u00e9e de Pyrite.<\/h5>\n<pre><\/pre>\n<p>******************<img decoding=\"async\" loading=\"lazy\" class=\"alignright size-full wp-image-1681\" title=\"\" src=\"http:\/\/www.noorbyjmf.com\/wp-content\/uploads\/2012\/08\/Pierre_de_Lune.png\" alt=\"\" width=\"90\" height=\"90\" \/><\/p>\n<h5>Pierre de Lune<\/h5>\n<h6><strong>L\u2019Amie des Coups Durs<\/strong><br \/>\nEh bien, il n\u2019y a aucune mention dans aucun livre de savoir-vivre pour cela, alors soyons d\u00e9licats : cette pierre est tr\u00e8s utile pour les probl\u00e8mes f\u00e9minins. Bien que ce ne soit pas une pierre qui fasse de la discrimination, puisqu\u2019elle est connue pour apporter tol\u00e9rance, douceur et intuition\u2026 Pourtant assur\u00e9ment, beaucoup d\u2019hommes devraient la porter !!!<\/h6>\n<p>******************<img decoding=\"async\" loading=\"lazy\" class=\"alignright size-full wp-image-1350\" src=\"http:\/\/www.noorbyjmf.com\/wp-content\/uploads\/2012\/07\/pyrite.png\" alt=\"\" width=\"90\" height=\"90\" srcset=\"https:\/\/www.noorbyjmf.com\/wp-content\/uploads\/2012\/07\/pyrite.png 90w, https:\/\/www.noorbyjmf.com\/wp-content\/uploads\/2012\/07\/pyrite-55x55.png 55w, https:\/\/www.noorbyjmf.com\/wp-content\/uploads\/2012\/07\/pyrite-86x86.png 86w, https:\/\/www.noorbyjmf.com\/wp-content\/uploads\/2012\/07\/pyrite-20x20.png 20w\" sizes=\"(max-width: 90px) 100vw, 90px\" \/><\/p>\n<h5>Pyrite<\/h5>\n<h6><strong>L\u2019Or des Fous<\/strong><br \/>\nConnue \u00e9galement sous le nom feu m\u00e9tallique, cela en dit beaucoup sur cette pierre.<br \/>\nIl y eu tellement de chercheurs d\u2019or au cours des si\u00e8cles, qui ont perdu l\u2019esprit \u00e0 creuser et creuser encore en pensant que c\u2019\u00e9tait de l\u2019or. \u00c7a y ressemble, mais c\u2019est bien mieux.<br \/>\nC\u2019est une v\u00e9ritable formule faite pierre. Ajout\u00e9e \u00e0 une autre gemme (en fait c\u2019est l\u2019une des pierres que l\u2019on peut associer \u00e0 d\u2019autres, avec le quartz, le diamant et le cristal.) \u00e7a vous boostera comme de la pierre-coca\u00efne, (pourtant non recommand\u00e9e pour les personnes hyperactives), car ce sera votre vraie kryptonite.<\/h6>\n<p>[:]<\/p>\n","protected":false},"excerpt":{"rendered":"<p>[:en]<\/p>\n<h5>The virtuous of this favorite gem of the Goddess will be amplified by the fire of Pyrite.<\/h5>\n<p>[:fr]<\/p>\n<h5>Les vertus de cette gemme, favorite de la D\u00e9esse, seront amplifi\u00e9es par le feu de la pyrite.<\/h5>\n<p>[:]<\/p>\n","protected":false},"featured_media":5202,"template":"","meta":[],"product_cat":[652,656,675,662,636],"product_tag":[691,708],"_links":{"self":[{"href":"https:\/\/www.noorbyjmf.com\/fr\/wp-json\/wp\/v3\/product\/5192"}],"collection":[{"href":"https:\/\/www.noorbyjmf.com\/fr\/wp-json\/wp\/v3\/product"}],"about":[{"href":"https:\/\/www.noorbyjmf.com\/fr\/wp-json\/wp\/v2\/types\/product"}],"wp:featuredmedia":[{"embeddable":true,"href":"https:\/\/www.noorbyjmf.com\/fr\/wp-json\/wp\/v2\/media\/5202"}],"wp:attachment":[{"href":"https:\/\/www.noorbyjmf.com\/fr\/wp-json\/wp\/v2\/media?parent=5192"}],"wp:term":[{"taxonomy":"product_cat","embeddable":true,"href":"https:\/\/www.noorbyjmf.com\/fr\/wp-json\/wp\/v2\/product_cat?post=5192"},{"taxonomy":"product_tag","embeddable":true,"href":"https:\/\/www.noorbyjmf.com\/fr\/wp-json\/wp\/v2\/product_tag?post=5192"}],"curies":[{"name":"wp","href":"https:\/\/api.w.org\/{rel}","templated":true}]}}