{"id":5193,"date":"2012-08-23T16:29:42","date_gmt":"2012-08-23T16:29:42","guid":{"rendered":"http:\/\/www.noorbyjmf.com\/?post_type=product&#038;p=5193"},"modified":"2018-11-19T19:53:45","modified_gmt":"2018-11-19T19:53:45","slug":"enperidot-black-pearl-bracelet-arjun-5frbracelet-peridot-perle-noire-arjun-5","status":"publish","type":"product","link":"https:\/\/www.noorbyjmf.com\/fr\/boutique\/black-pearl-fr\/enperidot-black-pearl-bracelet-arjun-5frbracelet-peridot-perle-noire-arjun-5\/","title":{"rendered":"[:en]Peridot Black Pearl Bracelet, ARJUN 5[:fr]Bracelet P\u00e9ridot Perle Noire ARJUN 5[:]"},"content":{"rendered":"<p>[:en]<\/p>\n<h5>Bracelet made of faceted discs: mostly Peridot accompanied by black pearls.<\/h5>\n<pre><\/pre>\n<p>******************<img decoding=\"async\" loading=\"lazy\" class=\"alignright size-full wp-image-1680\" title=\"\" src=\"http:\/\/www.noorbyjmf.com\/wp-content\/uploads\/2012\/08\/peridot.png\" alt=\"\" width=\"90\" height=\"90\" \/><\/p>\n<h5>Peridot<\/h5>\n<h6><strong>Detox Peridot<\/strong><br \/>\nSince ancient Egypt &amp; medieval times that gem has been used to stimulate our liver rid, and for detox action on the body. Well they were drinking a lot these days, but who we are kitting, so are we. The icing on the cake, that gem helps us get rid of guilt and ease the self-forgiveness process. Oh well, that is the \u201cquinte full royale\u201d, what happens in Vegas stay in Vegas!!!<\/h6>\n<p>******************<br \/>\n<img decoding=\"async\" loading=\"lazy\" class=\"alignright size-full wp-image-2171\" title=\"\" src=\"http:\/\/www.noorbyjmf.com\/wp-content\/uploads\/2012\/08\/perle-noire-ol1.png\" alt=\"\" width=\"90\" height=\"90\" \/><\/p>\n<h5>Black Pearl<\/h5>\n<h6><strong>The secret one<\/strong><br \/>\nNothing evokes the Mystery as these oriental shimmering black pearls. They assume their glow from the deep green to the charcoal grey and light black.For every outfit, every mood, every friend: they go with everything and enhance any type of Beauty and Skin.<\/h6>\n<p>[:fr]<\/p>\n<h5>Bracelet compos\u00e9 de disques facett\u00e9s en majorit\u00e9 de p\u00e9ridot accompagn\u00e9 de perles noires.<\/h5>\n<pre><\/pre>\n<p>******************<img decoding=\"async\" loading=\"lazy\" class=\"alignright size-full wp-image-1680\" title=\"\" src=\"http:\/\/www.noorbyjmf.com\/wp-content\/uploads\/2012\/08\/peridot.png\" alt=\"\" width=\"90\" height=\"90\" \/><\/p>\n<h5>P\u00e9ridot<\/h5>\n<h6><strong>P\u00e9ridot D\u00e9tox<\/strong><br \/>\nDepuis l\u2019\u00e9poque de l\u2019ancienne \u00c9gypte et les temps m\u00e9di\u00e9vaux, cette pierre a \u00e9t\u00e9 utilis\u00e9e pour stimuler le foie et pour son action d\u00e9toxifiante sur le corps. Bon, on buvait beaucoup en ce temps-l\u00e0, on s\u2019en moque, mais on est comme eux. La cerise sur le g\u00e2teau c\u2019est que cette pierre nous aide \u00e0 nous d\u00e9barrasser de la culpabilit\u00e9 et facilite le processus de pardon \u00e0 soi-m\u00eame. Eh bien ! c\u2019est la \u00ab Quinte flush royale \u00bb et ce qui arrive \u00e0 Las Vegas reste \u00e0 Las Vegas\u2026<\/h6>\n<p>******************<br \/>\n<img decoding=\"async\" loading=\"lazy\" class=\"alignright size-full wp-image-2171\" title=\"\" src=\"http:\/\/www.noorbyjmf.com\/wp-content\/uploads\/2012\/08\/perle-noire-ol1.png\" alt=\"\" width=\"90\" height=\"90\" \/><\/p>\n<h5>Perle Noire<\/h5>\n<h6><strong>La secr\u00e8te<\/strong><br \/>\nRien n\u2019\u00e9voque autant le myst\u00e8re que ces perles noires orientales moir\u00e9es. Elles d\u00e9clinent leur \u00e9clat du vert profond au gris anthracite et noir lumineux. Pour toutes les tenues, toutes les humeurs, toutes les personnes : elles vont avec tout et exalte tout type de complexion et de beaut\u00e9 !<\/h6>\n<p>[:]<\/p>\n","protected":false},"excerpt":{"rendered":"<p>[:en]<\/p>\n<h5>Black pearls and peridot combines discretion and distinction.<\/h5>\n<p>[:fr]<\/p>\n<h5>Les perles noires et le p\u00e9ridot allient discr\u00e9tion et distinction !<\/h5>\n<p>[:]<\/p>\n","protected":false},"featured_media":5204,"template":"","meta":[],"product_cat":[652,659,675,655,635,636],"product_tag":[691,696,708],"_links":{"self":[{"href":"https:\/\/www.noorbyjmf.com\/fr\/wp-json\/wp\/v3\/product\/5193"}],"collection":[{"href":"https:\/\/www.noorbyjmf.com\/fr\/wp-json\/wp\/v3\/product"}],"about":[{"href":"https:\/\/www.noorbyjmf.com\/fr\/wp-json\/wp\/v2\/types\/product"}],"wp:featuredmedia":[{"embeddable":true,"href":"https:\/\/www.noorbyjmf.com\/fr\/wp-json\/wp\/v2\/media\/5204"}],"wp:attachment":[{"href":"https:\/\/www.noorbyjmf.com\/fr\/wp-json\/wp\/v2\/media?parent=5193"}],"wp:term":[{"taxonomy":"product_cat","embeddable":true,"href":"https:\/\/www.noorbyjmf.com\/fr\/wp-json\/wp\/v2\/product_cat?post=5193"},{"taxonomy":"product_tag","embeddable":true,"href":"https:\/\/www.noorbyjmf.com\/fr\/wp-json\/wp\/v2\/product_tag?post=5193"}],"curies":[{"name":"wp","href":"https:\/\/api.w.org\/{rel}","templated":true}]}}