{"id":5194,"date":"2012-08-22T22:04:39","date_gmt":"2012-08-22T22:04:39","guid":{"rendered":"http:\/\/www.noorbyjmf.com\/?post_type=product&#038;p=5194"},"modified":"2018-11-19T19:53:54","modified_gmt":"2018-11-19T19:53:54","slug":"enonyx-mat-citrine-bracelet-hiram-5frbracelet-onyx-mat-citrine-hiram-5","status":"publish","type":"product","link":"https:\/\/www.noorbyjmf.com\/fr\/boutique\/bracelets-jewelry-fr\/enonyx-mat-citrine-bracelet-hiram-5frbracelet-onyx-mat-citrine-hiram-5\/","title":{"rendered":"[:en]Onyx Mat Citrine Bracelet, HIRAM 5[:fr]Bracelet Onyx Mat Citrine, HIRAM 5[:]"},"content":{"rendered":"<p>[:en]<\/p>\n<h5>Bracelet made of balls: mostly Mat Onyx accompanied by faceted Citrine.<\/h5>\n<pre><\/pre>\n<p>******************<img decoding=\"async\" loading=\"lazy\" class=\"alignright size-full wp-image-1679\" title=\"\" src=\"http:\/\/www.noorbyjmf.com\/wp-content\/uploads\/2012\/08\/onyx.png\" alt=\"\" width=\"90\" height=\"90\" \/><\/p>\n<h5>Onyx<\/h5>\n<h6><strong>The Black Princess<\/strong><br \/>\nThat usually neglected gem is so important in the sense that she helps us getting ourselves more rooted than we actually are, and is the little angel of achievement. Oh please as if, none never procrastinated and never spent many lattes bothering their friends about where are my roots, my family and so on and so forth\u2026<\/h6>\n<p>******************<br \/>\n<img decoding=\"async\" loading=\"lazy\" class=\"alignright size-full wp-image-1607\" title=\"\" src=\"http:\/\/www.noorbyjmf.com\/wp-content\/uploads\/2012\/08\/citrine.png\" alt=\"\" width=\"90\" height=\"90\" \/><\/p>\n<h5>Citrine<\/h5>\n<h6><strong>Joyous Citrine<\/strong><br \/>\nOften called little sun, this sparkling gel brings joy &amp; contentment. She is very helpful in difficult times such as nervous breakdowns, exams &amp; tests, or tensed work related situations. When the power runs off, she definitely acts like a generator of joy &amp; energy.<\/h6>\n<p>[:fr]<\/p>\n<h5>Bracelet compos\u00e9 de boules en majorit\u00e9 d\u2019onyx mat accompagn\u00e9 de citrine facett\u00e9e.<\/h5>\n<pre><\/pre>\n<p>******************<img decoding=\"async\" loading=\"lazy\" class=\"alignright size-full wp-image-1679\" title=\"\" src=\"http:\/\/www.noorbyjmf.com\/wp-content\/uploads\/2012\/08\/onyx.png\" alt=\"\" width=\"90\" height=\"90\" \/><\/p>\n<h5>Onyx Mat<\/h5>\n<h6><strong>La Princesse Noire<\/strong><br \/>\nCette pierre habituellement d\u00e9pr\u00e9ci\u00e9e, est tr\u00e8s importante : elle nous aide \u00e0 nous enraciner encore plus, et c\u2019est le petit ange de l\u2019accomplissement. Oh mis\u00e8re! Comme si aucun d\u2019entre nous n\u2019avait jamais rien report\u00e9 \u00e0 demain, ni pass\u00e9 le temps d\u2019un pastis \u00e0 ennuyer \u00e0 mort tout le monde avec des questions du genre \u00ab d\u2019o\u00f9 je viens? O\u00f9 je vais? \u00bb etc.<\/h6>\n<p>******************<img decoding=\"async\" loading=\"lazy\" class=\"alignright size-full wp-image-1607\" title=\"\" src=\"http:\/\/www.noorbyjmf.com\/wp-content\/uploads\/2012\/08\/citrine.png\" alt=\"\" width=\"90\" height=\"90\" \/><\/p>\n<h5>Citrine<\/h5>\n<h6><strong>Joyeuse citrine<\/strong><br \/>\nSouvent appel\u00e9e petit soleil, cette pierre \u00e9tincelante apporte joie et contentement. Tr\u00e8s utile dans vos moments difficiles comme les passages \u00e0 vide, les examens et tests, ou les situations tendues au travail. Quand elle lib\u00e8re son pouvoir, elle agit vraiment comme un g\u00e9n\u00e9rateur de joie et d\u2019\u00e9nergie.<\/h6>\n<p>[:]<\/p>\n","protected":false},"excerpt":{"rendered":"<p>[:en]<\/p>\n<h5>The brilliance of the sun will heighten the depth of Onyx that we choose with matte finish for this unique bracelet.<\/h5>\n<p>[:fr]<\/p>\n<h5>L\u2019\u00e9clat du soleil rehaussera la profondeur de l\u2019onyx que l\u2019on a choisi en finition mat dans cette pi\u00e8ce unique.<\/h5>\n<p>[:]<\/p>\n","protected":false},"featured_media":5206,"template":"","meta":[],"product_cat":[652,675,655,636,658],"product_tag":[691,696,708],"_links":{"self":[{"href":"https:\/\/www.noorbyjmf.com\/fr\/wp-json\/wp\/v3\/product\/5194"}],"collection":[{"href":"https:\/\/www.noorbyjmf.com\/fr\/wp-json\/wp\/v3\/product"}],"about":[{"href":"https:\/\/www.noorbyjmf.com\/fr\/wp-json\/wp\/v2\/types\/product"}],"wp:featuredmedia":[{"embeddable":true,"href":"https:\/\/www.noorbyjmf.com\/fr\/wp-json\/wp\/v2\/media\/5206"}],"wp:attachment":[{"href":"https:\/\/www.noorbyjmf.com\/fr\/wp-json\/wp\/v2\/media?parent=5194"}],"wp:term":[{"taxonomy":"product_cat","embeddable":true,"href":"https:\/\/www.noorbyjmf.com\/fr\/wp-json\/wp\/v2\/product_cat?post=5194"},{"taxonomy":"product_tag","embeddable":true,"href":"https:\/\/www.noorbyjmf.com\/fr\/wp-json\/wp\/v2\/product_tag?post=5194"}],"curies":[{"name":"wp","href":"https:\/\/api.w.org\/{rel}","templated":true}]}}