{"id":5207,"date":"2012-08-22T21:44:09","date_gmt":"2012-08-22T21:44:09","guid":{"rendered":"http:\/\/www.noorbyjmf.com\/?post_type=product&#038;p=5207"},"modified":"2018-11-19T19:59:25","modified_gmt":"2018-11-19T19:59:25","slug":"entiger-eye-pyrite-bracelet-nemer-5frbracelet-oeil-tigre-pyrite-nemer-5","status":"publish","type":"product","link":"https:\/\/www.noorbyjmf.com\/fr\/boutique\/bracelets-jewelry-fr\/entiger-eye-pyrite-bracelet-nemer-5frbracelet-oeil-tigre-pyrite-nemer-5\/","title":{"rendered":"[:en]Tiger Eye Pyrite Bracelet, NEMER 5[:fr]Bracelet \u0152il Tigre Pyrite, NEMER 5[:]"},"content":{"rendered":"<p>[:en]<\/p>\n<h5>Bracelet made of faceted discs: mostly Tiger eye accompanied by Pyrite.<\/h5>\n<pre><\/pre>\n<p>******************<img decoding=\"async\" loading=\"lazy\" class=\"alignright size-full wp-image-1678\" title=\"\" src=\"http:\/\/www.noorbyjmf.com\/wp-content\/uploads\/2012\/08\/oeil-de-tigre.png\" alt=\"\" width=\"90\" height=\"90\" \/><\/p>\n<h5>Tiger Eye<\/h5>\n<h6><strong>The Regalian Cleanser<\/strong><br \/>\nSince medieval time and before that this gem was used to cast off evil eye and black magic. Known to keep ill spirited people away or at least makes them harmless. Don\u2019t we all know a villain in disguise, as a Satan in a Sunday hat who always swears to wish the best?<\/h6>\n<p>******************<br \/>\n<img decoding=\"async\" loading=\"lazy\" class=\"alignright size-full wp-image-1350\" title=\"\" src=\"http:\/\/www.noorbyjmf.com\/wp-content\/uploads\/2012\/07\/pyrite.png\" alt=\"\" width=\"90\" height=\"90\" srcset=\"https:\/\/www.noorbyjmf.com\/wp-content\/uploads\/2012\/07\/pyrite.png 90w, https:\/\/www.noorbyjmf.com\/wp-content\/uploads\/2012\/07\/pyrite-55x55.png 55w, https:\/\/www.noorbyjmf.com\/wp-content\/uploads\/2012\/07\/pyrite-86x86.png 86w, https:\/\/www.noorbyjmf.com\/wp-content\/uploads\/2012\/07\/pyrite-20x20.png 20w\" sizes=\"(max-width: 90px) 100vw, 90px\" \/><\/p>\n<h5>Pyrite<\/h5>\n<h6><strong>The Fool\u2019s Gold<\/strong><br \/>\nAlso known as the metallic fire. That says a lot about that stone.<br \/>\nSo many over the centuries lost their mind over that one digging &amp; digging thinking that it was actually gold. It looks like it, but it is way better.<br \/>\nIt\u2019s a real formula one stone, added to another gem (actually it\u2019s one of the rare one we can associated with other among quartz diamond and crystal.) It will boost you cocaine in a stone, hence not recommended for hyperactive people, because it will be your real kryptonite.<\/h6>\n<p>[:fr]<\/p>\n<h5>Bracelet compos\u00e9 de disques facett\u00e9s en majorit\u00e9 d\u2019oeil de tigre accompagn\u00e9 de Pyrite.<\/h5>\n<pre><\/pre>\n<p>******************<img decoding=\"async\" loading=\"lazy\" class=\"alignright size-full wp-image-1678\" title=\"\" src=\"http:\/\/www.noorbyjmf.com\/wp-content\/uploads\/2012\/08\/oeil-de-tigre.png\" alt=\"\" width=\"90\" height=\"90\" \/><\/p>\n<h5>L\u2019oeil de Tigre<\/h5>\n<h6><strong>Le Purificateur Royal<\/strong><br \/>\nDepuis le Moyen \u00c2ge et m\u00eame avant, cette pierre a \u00e9t\u00e9 utilis\u00e9e pour \u00e9loigner le mauvais \u0153il et la magie noire. Connue pour tenir \u00e0 distance les personnes d\u00e9rang\u00e9es ou au moins les rendre inoffensives. Nous connaissons tous un vilain d\u00e9guis\u00e9, comme un diable en chapeau du dimanche, qui jure toujours qu\u2019il nous souhaite le meilleur ?<\/h6>\n<p>******************<img decoding=\"async\" loading=\"lazy\" class=\"alignright size-full wp-image-1350\" title=\"pyrite\" src=\"http:\/\/www.noorbyjmf.com\/wp-content\/uploads\/2012\/07\/pyrite.png\" alt=\"\" width=\"90\" height=\"90\" srcset=\"https:\/\/www.noorbyjmf.com\/wp-content\/uploads\/2012\/07\/pyrite.png 90w, https:\/\/www.noorbyjmf.com\/wp-content\/uploads\/2012\/07\/pyrite-55x55.png 55w, https:\/\/www.noorbyjmf.com\/wp-content\/uploads\/2012\/07\/pyrite-86x86.png 86w, https:\/\/www.noorbyjmf.com\/wp-content\/uploads\/2012\/07\/pyrite-20x20.png 20w\" sizes=\"(max-width: 90px) 100vw, 90px\" \/><\/p>\n<h5>Pyrite<\/h5>\n<h6><strong>L\u2019Or des Fous<\/strong><br \/>\nConnue \u00e9galement sous le nom feu m\u00e9tallique, cela en dit beaucoup sur cette pierre.<br \/>\nIl y eu tellement de chercheurs d\u2019or au cours des si\u00e8cles, qui ont perdu l\u2019esprit \u00e0 creuser et creuser encore en pensant que c\u2019\u00e9tait de l\u2019or. \u00c7a y ressemble, mais c\u2019est bien mieux.<br \/>\nC\u2019est une v\u00e9ritable formule faite pierre. Ajout\u00e9e \u00e0 une autre gemme (en fait c\u2019est l\u2019une des pierres que l\u2019on peut associer \u00e0 d\u2019autres, avec le quartz, le diamant et le cristal.) \u00e7a vous boostera comme de la pierre-coca\u00efne, (pourtant non recommand\u00e9e pour les personnes hyperactives), car ce sera votre vraie kryptonite.<\/h6>\n<p>[:]<\/p>\n","protected":false},"excerpt":{"rendered":"<p>[:en]<\/p>\n<h5>This is a large range of harmony you find between the color lines of Nemer\u2019s eye and the golden Pyrite.<\/h5>\n<p>[:fr]<\/p>\n<h5>C\u2019est toute une gamme d\u2019harmonie que vous retrouvez dans les lignes de couleur de l\u2019oeil de Nemer.<\/h5>\n<p>[:]<\/p>\n","protected":false},"featured_media":5214,"template":"","meta":[],"product_cat":[652,675,655,662,636,671],"product_tag":[691,696,708],"_links":{"self":[{"href":"https:\/\/www.noorbyjmf.com\/fr\/wp-json\/wp\/v3\/product\/5207"}],"collection":[{"href":"https:\/\/www.noorbyjmf.com\/fr\/wp-json\/wp\/v3\/product"}],"about":[{"href":"https:\/\/www.noorbyjmf.com\/fr\/wp-json\/wp\/v2\/types\/product"}],"wp:featuredmedia":[{"embeddable":true,"href":"https:\/\/www.noorbyjmf.com\/fr\/wp-json\/wp\/v2\/media\/5214"}],"wp:attachment":[{"href":"https:\/\/www.noorbyjmf.com\/fr\/wp-json\/wp\/v2\/media?parent=5207"}],"wp:term":[{"taxonomy":"product_cat","embeddable":true,"href":"https:\/\/www.noorbyjmf.com\/fr\/wp-json\/wp\/v2\/product_cat?post=5207"},{"taxonomy":"product_tag","embeddable":true,"href":"https:\/\/www.noorbyjmf.com\/fr\/wp-json\/wp\/v2\/product_tag?post=5207"}],"curies":[{"name":"wp","href":"https:\/\/api.w.org\/{rel}","templated":true}]}}