{"id":5209,"date":"2012-08-22T20:46:54","date_gmt":"2012-08-22T20:46:54","guid":{"rendered":"http:\/\/www.noorbyjmf.com\/?post_type=product&#038;p=5209"},"modified":"2018-11-19T19:59:43","modified_gmt":"2018-11-19T19:59:43","slug":"enmalachite-pink-pearl-bracelet-tzipori-5frbracelet-malachite-perle-rose-tzipori-5","status":"publish","type":"product","link":"https:\/\/www.noorbyjmf.com\/fr\/boutique\/bracelets-jewelry-fr\/enmalachite-pink-pearl-bracelet-tzipori-5frbracelet-malachite-perle-rose-tzipori-5\/","title":{"rendered":"[:en]Malachite Pink Pearl Bracelet, TZIPORI 5[:fr]Bracelet Malachite Perle Rose, TZIPORI 5[:]"},"content":{"rendered":"<p>[:en]<\/p>\n<h5>Bracelet made of balls: mostly Malachite accompanied by pink pearls.<\/h5>\n<pre><\/pre>\n<p>******************<img decoding=\"async\" loading=\"lazy\" class=\"alignright size-full wp-image-1676\" title=\"\" src=\"http:\/\/www.noorbyjmf.com\/wp-content\/uploads\/2012\/08\/malachite.png\" alt=\"\" width=\"90\" height=\"90\" \/><\/p>\n<h5>Malachite<\/h5>\n<h6><strong>The Goddess of Beauty<\/strong><br \/>\nSeduction &amp; sensuality, those are the keywords regarding that fascinating gem.<br \/>\nWait!!! On top of that, she is known to emphasize the intensity &amp; beauty of our lives. And subtly enhance clear perception of things &amp; situations. Definitely a keeper on a first date.<\/h6>\n<p>******************<img decoding=\"async\" loading=\"lazy\" class=\"alignright size-full wp-image-2168\" title=\"\" src=\"http:\/\/www.noorbyjmf.com\/wp-content\/uploads\/2012\/08\/perle-rose-baroque-olivette.png\" alt=\"\" width=\"90\" height=\"90\" \/><\/p>\n<h5>Pink Pearl<\/h5>\n<h6><strong>The Beauty Goddess<\/strong><br \/>\nNeed soft softness in this cruel world? Wear pink pearls, look at their delicat Orient, savour their delicacy and&#8230; relax&#8230;<\/h6>\n<p>[:fr]<\/p>\n<h5>Bracelet compos\u00e9 de boules en majorit\u00e9 de malachite accompagn\u00e9e de perles roses.<\/h5>\n<pre><\/pre>\n<p>******************<img decoding=\"async\" loading=\"lazy\" class=\"alignright size-full wp-image-1676\" title=\"\" src=\"http:\/\/www.noorbyjmf.com\/wp-content\/uploads\/2012\/08\/malachite.png\" alt=\"\" width=\"90\" height=\"90\" \/><\/p>\n<h5>Malachite<\/h5>\n<h6><strong>D\u00e9esse de la Beaut\u00e9<\/strong><br \/>\nS\u00e9duction et sensualit\u00e9, mots-cl\u00e9s pour cette pierre fascinante.<br \/>\nAttendez !!! Le top c\u2019est qu\u2019elle est connue pour amplifier l\u2019intensit\u00e9 et la beaut\u00e9 de notre vie. Et tr\u00e8s subtilement, elle \u00e9claircit de plus en plus votre perception des choses et des situations. \u00c0 prendre vraiment avec soi pour un 1er rendez-vous amoureux !<\/h6>\n<p>******************<img decoding=\"async\" loading=\"lazy\" class=\"alignright size-full wp-image-2168\" title=\"\" src=\"http:\/\/www.noorbyjmf.com\/wp-content\/uploads\/2012\/08\/perle-rose-baroque-olivette.png\" alt=\"\" width=\"90\" height=\"90\" \/><\/p>\n<h5>Perle Rose<\/h5>\n<h6><strong>La d\u00e9esse Beaut\u00e9<\/strong><br \/>\nBesoin de grande douceur dans ce monde de brutes ? Portez les perles roses, regardez leur Orient d\u00e9licat, savourez leur finesse et&#8230;relaxez-vous !<\/h6>\n<p>[:]<\/p>\n","protected":false},"excerpt":{"rendered":"<p>[:en]<\/p>\n<h5>This green marble, precious if any, is perfectly unified with the orient of these pink pearls.<\/h5>\n<p>[:fr]<\/p>\n<h5>Ce \u00ab\u00a0marbre vert\u00a0\u00bb, pr\u00e9cieux s\u2019il en est, s\u2019unit parfaitement \u00e0 l\u2019orient rose de ces perles.<\/h5>\n<p>[:]<\/p>\n","protected":false},"featured_media":5218,"template":"","meta":[],"product_cat":[652,675,660,636,654],"product_tag":[691,708],"_links":{"self":[{"href":"https:\/\/www.noorbyjmf.com\/fr\/wp-json\/wp\/v3\/product\/5209"}],"collection":[{"href":"https:\/\/www.noorbyjmf.com\/fr\/wp-json\/wp\/v3\/product"}],"about":[{"href":"https:\/\/www.noorbyjmf.com\/fr\/wp-json\/wp\/v2\/types\/product"}],"wp:featuredmedia":[{"embeddable":true,"href":"https:\/\/www.noorbyjmf.com\/fr\/wp-json\/wp\/v2\/media\/5218"}],"wp:attachment":[{"href":"https:\/\/www.noorbyjmf.com\/fr\/wp-json\/wp\/v2\/media?parent=5209"}],"wp:term":[{"taxonomy":"product_cat","embeddable":true,"href":"https:\/\/www.noorbyjmf.com\/fr\/wp-json\/wp\/v2\/product_cat?post=5209"},{"taxonomy":"product_tag","embeddable":true,"href":"https:\/\/www.noorbyjmf.com\/fr\/wp-json\/wp\/v2\/product_tag?post=5209"}],"curies":[{"name":"wp","href":"https:\/\/api.w.org\/{rel}","templated":true}]}}