{"id":5210,"date":"2012-08-22T20:28:39","date_gmt":"2012-08-22T20:28:39","guid":{"rendered":"http:\/\/www.noorbyjmf.com\/?post_type=product&#038;p=5210"},"modified":"2018-11-19T19:59:54","modified_gmt":"2018-11-19T19:59:54","slug":"enlapis-lazuli-pyrite-bracelet-cleopas-5frbracelet-lapis-lazuli-pyrite-cleopas-5","status":"publish","type":"product","link":"https:\/\/www.noorbyjmf.com\/fr\/boutique\/bracelets-jewelry-fr\/enlapis-lazuli-pyrite-bracelet-cleopas-5frbracelet-lapis-lazuli-pyrite-cleopas-5\/","title":{"rendered":"[:en]Lapis Lazuli Pyrite Bracelet, CLEOPAS 5[:fr]Bracelet Lapis Lazuli Pyrite, CLEOPAS 5[:]"},"content":{"rendered":"<p>[:en]<\/p>\n<h5>Bracelet made of balls: mostly Lapis lazuli accompanied by faceted Pyrite.<\/h5>\n<pre><\/pre>\n<p>******************<img decoding=\"async\" loading=\"lazy\" class=\"alignright size-full wp-image-1639\" title=\"\" src=\"http:\/\/www.noorbyjmf.com\/wp-content\/uploads\/2012\/08\/lapis_lazuli.png\" alt=\"\" width=\"90\" height=\"90\" \/><\/p>\n<h5>Lapis-Lazuli<\/h5>\n<h6><strong>The Incas &amp; Egyptians must have<\/strong><br \/>\nThis very well known regalian gem is known to help when it comes to relationships, since it enhance ones ability to communicate ones feelings and emotions, brings freedom of speech. Therefore it works the same way between you and your inner self. Lets say it wont probably save you some overpriced therapy on a fancy sofa, yet lets try it and found out.<br \/>\nPS: And once and for all NO all those golden inclusions that you can see beautifully sparkling in the middle of this Lapis Blue, are not gold, these are pyrite which is actually way better, knowing the boosting effect of that one it\u2019s like upgrading to a lamborghini!<\/h6>\n<p>******************<br \/>\n<img decoding=\"async\" loading=\"lazy\" class=\"alignright size-full wp-image-1350\" title=\"\" src=\"http:\/\/www.noorbyjmf.com\/wp-content\/uploads\/2012\/07\/pyrite.png\" alt=\"\" width=\"90\" height=\"90\" srcset=\"https:\/\/www.noorbyjmf.com\/wp-content\/uploads\/2012\/07\/pyrite.png 90w, https:\/\/www.noorbyjmf.com\/wp-content\/uploads\/2012\/07\/pyrite-55x55.png 55w, https:\/\/www.noorbyjmf.com\/wp-content\/uploads\/2012\/07\/pyrite-86x86.png 86w, https:\/\/www.noorbyjmf.com\/wp-content\/uploads\/2012\/07\/pyrite-20x20.png 20w\" sizes=\"(max-width: 90px) 100vw, 90px\" \/><\/p>\n<h5>Pyrite<\/h5>\n<h6><strong>The Fool\u2019s Gold<\/strong><br \/>\nAlso known as the metallic fire. That says a lot about that stone.<br \/>\nSo many over the centuries lost their mind over that one digging &amp; digging thinking that it was actually gold. It looks like it, but it is way better.<br \/>\nIt\u2019s a real formula one stone, added to another gem (actually it\u2019s one of the rare one we can associated with other among quartz diamond and crystal.) It will boost you cocaine in a stone, hence not recommended for hyperactive people, because it will be your real kryptonite.<\/h6>\n<p>[:fr]<\/p>\n<h5>Bracelet compos\u00e9 de boules en majorit\u00e9 de Lapis lazuli accompagn\u00e9 de Pyrite.<\/h5>\n<pre><\/pre>\n<p>******************<img decoding=\"async\" loading=\"lazy\" class=\"alignright size-full wp-image-1639\" title=\"\" src=\"http:\/\/www.noorbyjmf.com\/wp-content\/uploads\/2012\/08\/lapis_lazuli.png\" alt=\"\" width=\"90\" height=\"90\" \/><\/p>\n<h5>Lapis-Lazuli<\/h5>\n<h6><strong>La pierre que les Incas et les \u00c9gyptiens devaient poss\u00e9der<\/strong><br \/>\nCette gemme royale et tr\u00e8s connue, \u00e9tait r\u00e9put\u00e9e pour aider tout ce qui touchait aux relations, puisqu\u2019elle augmente la capacit\u00e9 \u00e0 exprimer ses sentiments, ses \u00e9motions, et lib\u00e8re la Parole. \u00c7a marche de la m\u00eame fa\u00e7on entre vous et votre Soi int\u00e9rieur. Disons que \u00e7a ne va probablement pas vous prot\u00e9ger d\u2019une th\u00e9rapie ruineuse sur un canap\u00e9 de luxe, mais essayez quand m\u00eame, qui sait ?<br \/>\nPS : Et une fois pour toutes, toutes ces inclusions dor\u00e9es que vous voyez dans ce lapis d\u2019azur, ne sont pas de l\u2019or mais de la pyrite. C\u2019est bien mieux en fait, sachant l\u2019effet stimulant de cette pierre, c\u2019est comme rebooster une Lamborghini !<\/h6>\n<p>******************<img decoding=\"async\" loading=\"lazy\" class=\"alignright size-full wp-image-1350\" title=\"pyrite\" src=\"http:\/\/www.noorbyjmf.com\/wp-content\/uploads\/2012\/07\/pyrite.png\" alt=\"\" width=\"90\" height=\"90\" srcset=\"https:\/\/www.noorbyjmf.com\/wp-content\/uploads\/2012\/07\/pyrite.png 90w, https:\/\/www.noorbyjmf.com\/wp-content\/uploads\/2012\/07\/pyrite-55x55.png 55w, https:\/\/www.noorbyjmf.com\/wp-content\/uploads\/2012\/07\/pyrite-86x86.png 86w, https:\/\/www.noorbyjmf.com\/wp-content\/uploads\/2012\/07\/pyrite-20x20.png 20w\" sizes=\"(max-width: 90px) 100vw, 90px\" \/><\/p>\n<h5>Pyrite<\/h5>\n<h6><strong>L\u2019Or des Fous<\/strong><br \/>\nConnue \u00e9galement sous le nom feu m\u00e9tallique, cela en dit beaucoup sur cette pierre.<br \/>\nIl y eu tellement de chercheurs d\u2019or au cours des si\u00e8cles, qui ont perdu l\u2019esprit \u00e0 creuser et creuser encore en pensant que c\u2019\u00e9tait de l\u2019or. \u00c7a y ressemble, mais c\u2019est bien mieux.<br \/>\nC\u2019est une v\u00e9ritable formule faite pierre. Ajout\u00e9e \u00e0 une autre gemme (en fait c\u2019est l\u2019une des pierres que l\u2019on peut associer \u00e0 d\u2019autres, avec le quartz, le diamant et le cristal.) \u00e7a vous boostera comme de la pierre-coca\u00efne, (pourtant non recommand\u00e9e pour les personnes hyperactives), car ce sera votre vraie kryptonite.<\/h6>\n<p>[:]<\/p>\n","protected":false},"excerpt":{"rendered":"<p>[:en]<\/p>\n<h5>The twin combination of Lapis lazuli and Pyrite produces a rare bracelet, subtly harmonious jewel!<\/h5>\n<p>[:fr]<\/p>\n<h5>La combinaison jumelle de lapis lazuli et de la pyrite a pour r\u00e9sultat un bracelet rare et magnifiquement harmonieux !<\/h5>\n<p>[:]<\/p>\n","protected":false},"featured_media":5220,"template":"","meta":[],"product_cat":[652,675,655,662,636,649],"product_tag":[691,696,708],"_links":{"self":[{"href":"https:\/\/www.noorbyjmf.com\/fr\/wp-json\/wp\/v3\/product\/5210"}],"collection":[{"href":"https:\/\/www.noorbyjmf.com\/fr\/wp-json\/wp\/v3\/product"}],"about":[{"href":"https:\/\/www.noorbyjmf.com\/fr\/wp-json\/wp\/v2\/types\/product"}],"wp:featuredmedia":[{"embeddable":true,"href":"https:\/\/www.noorbyjmf.com\/fr\/wp-json\/wp\/v2\/media\/5220"}],"wp:attachment":[{"href":"https:\/\/www.noorbyjmf.com\/fr\/wp-json\/wp\/v2\/media?parent=5210"}],"wp:term":[{"taxonomy":"product_cat","embeddable":true,"href":"https:\/\/www.noorbyjmf.com\/fr\/wp-json\/wp\/v2\/product_cat?post=5210"},{"taxonomy":"product_tag","embeddable":true,"href":"https:\/\/www.noorbyjmf.com\/fr\/wp-json\/wp\/v2\/product_tag?post=5210"}],"curies":[{"name":"wp","href":"https:\/\/api.w.org\/{rel}","templated":true}]}}