{"id":5211,"date":"2012-08-22T19:55:11","date_gmt":"2012-08-22T19:55:11","guid":{"rendered":"http:\/\/www.noorbyjmf.com\/?post_type=product&#038;p=5211"},"modified":"2020-07-25T12:20:52","modified_gmt":"2020-07-25T12:20:52","slug":"enred-jasper-pyrite-bracelet-ceren-5frbracelet-jaspe-pyrite-ceren-5","status":"publish","type":"product","link":"https:\/\/www.noorbyjmf.com\/fr\/boutique\/bracelets-jewelry-fr\/enred-jasper-pyrite-bracelet-ceren-5frbracelet-jaspe-pyrite-ceren-5\/","title":{"rendered":"Bracelet Jaspe Pyrite, CEREN 5"},"content":{"rendered":"<h5>Bracelet compos\u00e9 de disques facett\u00e9es en majorit\u00e9 de jaspe accompagn\u00e9 de Pyrite.<\/h5>\n<pre><\/pre>\n<p>******************<img decoding=\"async\" loading=\"lazy\" class=\"alignright size-full wp-image-1635\" title=\"\" src=\"http:\/\/www.noorbyjmf.com\/wp-content\/uploads\/2012\/08\/jaspe-rouge.png\" alt=\"\" width=\"90\" height=\"90\" \/><\/p>\n<h5>Jaspe Rouge<\/h5>\n<h6><strong>Le Guerrier Egyptien<\/strong><br \/>\nVous reportez sans arr\u00eat \u00e0 plus tard ? Le jaspe rouge va vous soutenir l\u00e0 o\u00f9 vous en avez besoin et vous aidera vraiment \u00e0 r\u00e9aliser votre plan d\u2019action. Alors si vous \u00eates paresseux ou si vous tournez en rond au lieu d\u2019aller d\u00e9crocher ce que vous voulez vraiment, cette pierre sera votre petit coach de vie perso et, entre nous, bien moins cher\u2026<\/h6>\n<p>******************<img decoding=\"async\" loading=\"lazy\" class=\"alignright size-full wp-image-1350\" src=\"http:\/\/www.noorbyjmf.com\/wp-content\/uploads\/2012\/07\/pyrite.png\" alt=\"\" width=\"90\" height=\"90\" srcset=\"https:\/\/www.noorbyjmf.com\/wp-content\/uploads\/2012\/07\/pyrite.png 90w, https:\/\/www.noorbyjmf.com\/wp-content\/uploads\/2012\/07\/pyrite-55x55.png 55w, https:\/\/www.noorbyjmf.com\/wp-content\/uploads\/2012\/07\/pyrite-86x86.png 86w, https:\/\/www.noorbyjmf.com\/wp-content\/uploads\/2012\/07\/pyrite-20x20.png 20w\" sizes=\"(max-width: 90px) 100vw, 90px\" \/><\/p>\n<h5>Pyrite<\/h5>\n<h6><strong>L\u2019Or des Fous<\/strong><br \/>\nConnue \u00e9galement sous le nom feu m\u00e9tallique, cela en dit beaucoup sur cette pierre.<br \/>\nIl y eu tellement de chercheurs d\u2019or au cours des si\u00e8cles, qui ont perdu l\u2019esprit \u00e0 creuser et creuser encore en pensant que c\u2019\u00e9tait de l\u2019or. \u00c7a y ressemble, mais c\u2019est bien mieux.<br \/>\nC\u2019est une v\u00e9ritable formule faite pierre. Ajout\u00e9e \u00e0 une autre gemme (en fait c\u2019est l\u2019une des pierres que l\u2019on peut associer \u00e0 d\u2019autres, avec le quartz, le diamant et le cristal.) \u00e7a vous boostera comme de la pierre-coca\u00efne, (pourtant non recommand\u00e9e pour les personnes hyperactives), car ce sera votre vraie kryptonite.<\/h6>\n","protected":false},"excerpt":{"rendered":"<h5>Jaspe&#8230; pierre d\u2019initi\u00e9s s\u2019il en fut, est renforc\u00e9 par l\u2019\u00e9clat et la force de la pyrite<\/h5>\n","protected":false},"featured_media":5319,"template":"","meta":[],"product_cat":[652,675,662,636,663],"product_tag":[691,708],"_links":{"self":[{"href":"https:\/\/www.noorbyjmf.com\/fr\/wp-json\/wp\/v3\/product\/5211"}],"collection":[{"href":"https:\/\/www.noorbyjmf.com\/fr\/wp-json\/wp\/v3\/product"}],"about":[{"href":"https:\/\/www.noorbyjmf.com\/fr\/wp-json\/wp\/v2\/types\/product"}],"wp:featuredmedia":[{"embeddable":true,"href":"https:\/\/www.noorbyjmf.com\/fr\/wp-json\/wp\/v2\/media\/5319"}],"wp:attachment":[{"href":"https:\/\/www.noorbyjmf.com\/fr\/wp-json\/wp\/v2\/media?parent=5211"}],"wp:term":[{"taxonomy":"product_cat","embeddable":true,"href":"https:\/\/www.noorbyjmf.com\/fr\/wp-json\/wp\/v2\/product_cat?post=5211"},{"taxonomy":"product_tag","embeddable":true,"href":"https:\/\/www.noorbyjmf.com\/fr\/wp-json\/wp\/v2\/product_tag?post=5211"}],"curies":[{"name":"wp","href":"https:\/\/api.w.org\/{rel}","templated":true}]}}