{"id":5212,"date":"2012-08-22T19:47:04","date_gmt":"2012-08-22T19:47:04","guid":{"rendered":"http:\/\/www.noorbyjmf.com\/?post_type=product&#038;p=5212"},"modified":"2018-11-19T20:00:02","modified_gmt":"2018-11-19T20:00:02","slug":"enjade-pink-pearl-bracelet-jad-5frbracelet-jade-perle-rose-jad-5","status":"publish","type":"product","link":"https:\/\/www.noorbyjmf.com\/fr\/boutique\/bracelets-jewelry-fr\/enjade-pink-pearl-bracelet-jad-5frbracelet-jade-perle-rose-jad-5\/","title":{"rendered":"[:en]Jade Pink Pearl Bracelet, JAD 5[:fr]Bracelet Jade Perle Rose, JAD 5[:]"},"content":{"rendered":"<p>[:en]<\/p>\n<h5>Bracelet made of faceted balls: mostly Jade accompanied by pink pearls.<\/h5>\n<pre><\/pre>\n<p>******************<img decoding=\"async\" loading=\"lazy\" class=\"alignright size-full wp-image-1634\" title=\"\" src=\"http:\/\/www.noorbyjmf.com\/wp-content\/uploads\/2012\/08\/jade.png\" alt=\"\" width=\"90\" height=\"90\" \/><\/p>\n<h5>Jade<\/h5>\n<h6><strong>The imperial<\/strong><br \/>\nPre-Columbian and far east civilizations adored that gem above all for she is known to reveal inner wisdom to ourselves, and in ourselves, and in process helps us to make decisions without hesitation. Always handy in confused time, but hey, sometimes it is just about where to spend those vacations and do we really have to take those \u00ab dear in laws \u00bb with us?<\/h6>\n<p>******************<img decoding=\"async\" loading=\"lazy\" class=\"alignright size-full wp-image-2168\" title=\"\" src=\"http:\/\/www.noorbyjmf.com\/wp-content\/uploads\/2012\/08\/perle-rose-baroque-olivette.png\" alt=\"\" width=\"90\" height=\"90\" \/><\/p>\n<h5>Pink Pearl<\/h5>\n<h6><strong>The Beauty Goddess<\/strong><br \/>\nNeed soft softness in this cruel world? Wear pink pearls, look at their delicat Orient, savour their delicacy and&#8230; relax&#8230;<\/h6>\n<p>[:fr]<\/p>\n<h5>Bracelet compos\u00e9 de boules en majorit\u00e9 de Jade accompagn\u00e9 de perles roses.<\/h5>\n<pre><\/pre>\n<p>******************<img decoding=\"async\" loading=\"lazy\" class=\"alignright size-full wp-image-1634\" title=\"\" src=\"http:\/\/www.noorbyjmf.com\/wp-content\/uploads\/2012\/08\/jade.png\" alt=\"\" width=\"90\" height=\"90\" \/><\/p>\n<h5>Jade<\/h5>\n<h6><strong>L&#8217;imp\u00e9rial<\/strong><br \/>\nLes civilisations pr\u00e9colombienne et extr\u00eame Orientale ont ador\u00e9 cette pierre par dessus toutes, r\u00e9put\u00e9e pour r\u00e9v\u00e9ler notre sagesse int\u00e9rieure et nous aider ainsi \u00e0 prendre des d\u00e9cisions sans h\u00e9siter.<br \/>\nToujours utile dans vos p\u00e9riodes de confusion, mais ho! parfois c\u2019est juste pour d\u00e9cider o\u00f9 on va passer les vacances et si on doit vraiment se coltiner la \u00ab ch\u00e8re belle-famille \u00bb!<\/h6>\n<p>******************<img decoding=\"async\" loading=\"lazy\" class=\"alignright size-full wp-image-2168\" title=\"\" src=\"http:\/\/www.noorbyjmf.com\/wp-content\/uploads\/2012\/08\/perle-rose-baroque-olivette.png\" alt=\"\" width=\"90\" height=\"90\" \/><\/p>\n<h5>Perle Rose<\/h5>\n<h6><strong>La d\u00e9esse Beaut\u00e9<\/strong><br \/>\nBesoin de grande douceur dans ce monde de brutes ? Portez les perles roses, regardez leur Orient d\u00e9licat, savourez leur finesse et&#8230;relaxez-vous !<\/h6>\n<p>[:]<\/p>\n","protected":false},"excerpt":{"rendered":"<p>[:en]<\/p>\n<h5>The contrast of colors in the softness of pearls combined with the energy of thousand year old Jade.<\/h5>\n<p>[:fr]<\/p>\n<h5>Le contraste des couleurs dans la douceur des pierres, alli\u00e9 \u00e0 l\u2019\u00e9nergie du jade mill\u00e9naire.<\/h5>\n<p>[:]<\/p>\n","protected":false},"featured_media":5224,"template":"","meta":[],"product_cat":[652,675,660,636,647],"product_tag":[691,708],"_links":{"self":[{"href":"https:\/\/www.noorbyjmf.com\/fr\/wp-json\/wp\/v3\/product\/5212"}],"collection":[{"href":"https:\/\/www.noorbyjmf.com\/fr\/wp-json\/wp\/v3\/product"}],"about":[{"href":"https:\/\/www.noorbyjmf.com\/fr\/wp-json\/wp\/v2\/types\/product"}],"wp:featuredmedia":[{"embeddable":true,"href":"https:\/\/www.noorbyjmf.com\/fr\/wp-json\/wp\/v2\/media\/5224"}],"wp:attachment":[{"href":"https:\/\/www.noorbyjmf.com\/fr\/wp-json\/wp\/v2\/media?parent=5212"}],"wp:term":[{"taxonomy":"product_cat","embeddable":true,"href":"https:\/\/www.noorbyjmf.com\/fr\/wp-json\/wp\/v2\/product_cat?post=5212"},{"taxonomy":"product_tag","embeddable":true,"href":"https:\/\/www.noorbyjmf.com\/fr\/wp-json\/wp\/v2\/product_tag?post=5212"}],"curies":[{"name":"wp","href":"https:\/\/api.w.org\/{rel}","templated":true}]}}