{"id":5233,"date":"2012-08-21T18:46:56","date_gmt":"2012-08-21T18:46:56","guid":{"rendered":"http:\/\/www.noorbyjmf.com\/?post_type=product&#038;p=5233"},"modified":"2018-11-19T20:06:10","modified_gmt":"2018-11-19T20:06:10","slug":"encitrine-pyrite-bracelet-apia-5frbracelet-citrine-pyrite-apia-5","status":"publish","type":"product","link":"https:\/\/www.noorbyjmf.com\/fr\/boutique\/bracelets-jewelry-fr\/encitrine-pyrite-bracelet-apia-5frbracelet-citrine-pyrite-apia-5\/","title":{"rendered":"[:en]Citrine Pyrite Bracelet, APIA 5[:fr]Bracelet Citrine Pyrite, APIA 5[:]"},"content":{"rendered":"<p>[:en]<\/p>\n<h5>Bracelet made of faceted discs: mostly Citrine accompanied by Pyrite.<\/h5>\n<pre><\/pre>\n<p>******************<img decoding=\"async\" loading=\"lazy\" class=\"alignright size-full wp-image-1607\" title=\"\" src=\"http:\/\/www.noorbyjmf.com\/wp-content\/uploads\/2012\/08\/citrine.png\" alt=\"\" width=\"90\" height=\"90\" \/><\/p>\n<h5>Citrine<\/h5>\n<h6><strong>Joyous Citrine<\/strong><br \/>\nOften called little sun, this sparkling gel brings joy &amp; contentment. She is very helpful in difficult times such as nervous breakdowns, exams &amp; tests, or tensed work related situations. When the power runs off, she definitely acts like a generator of joy &amp; energy.<\/h6>\n<p>******************<br \/>\n<img decoding=\"async\" loading=\"lazy\" class=\"alignright size-full wp-image-1351\" title=\"pyrite\" src=\"http:\/\/www.noorbyjmf.com\/wp-content\/uploads\/2012\/07\/pyrite.png\" alt=\"\" width=\"90\" height=\"90\" \/><\/p>\n<h5>Pyrite<\/h5>\n<h6><strong>The Fool\u2019s Gold<\/strong><br \/>\nAlso known as the metallic fire. That says a lot about that stone.\u00a0So many over the centuries lost their mind over that one digging &amp; digging thinking that it was actually gold. It looks like it, but it is way better. It\u2019s a real formula one stone, added to another gem (actually it\u2019s one of the rare one we can associated with other among quartz diamond and crystal.) It will boost you cocaine in a stone, hence not recommended for hyperactive people, because it will be your real kryptonite.<\/h6>\n<p>[:fr]<\/p>\n<h5>Bracelet compos\u00e9 de disques facett\u00e9s en majorit\u00e9 de citrine accompagn\u00e9e de Pyrite.<\/h5>\n<pre><\/pre>\n<p>******************<img decoding=\"async\" loading=\"lazy\" class=\"alignright size-full wp-image-1607\" title=\"\" src=\"http:\/\/www.noorbyjmf.com\/wp-content\/uploads\/2012\/08\/citrine.png\" alt=\"\" width=\"90\" height=\"90\" \/><\/p>\n<h5>Citrine<\/h5>\n<h6><strong>Joyeuse citrine<\/strong><br \/>\nSouvent appel\u00e9e petit soleil, cette pierre \u00e9tincelante apporte joie et contentement. Tr\u00e8s utile dans vos moments difficiles comme les passages \u00e0 vide, les examens et tests, ou les situations tendues au travail. Quand elle lib\u00e8re son pouvoir, elle agit vraiment comme un g\u00e9n\u00e9rateur de joie et d\u2019\u00e9nergie.<\/h6>\n<p>******************<img decoding=\"async\" loading=\"lazy\" class=\"alignright size-full wp-image-1351\" title=\"pyrite\" src=\"http:\/\/www.noorbyjmf.com\/wp-content\/uploads\/2012\/07\/pyrite.png\" alt=\"\" width=\"90\" height=\"90\" \/><\/p>\n<h5>Pyrite<\/h5>\n<h6><strong>L\u2019Or des Fous<\/strong><br \/>\nConnue \u00e9galement sous le nom feu m\u00e9tallique, cela en dit beaucoup sur cette pierre.<br \/>\nIl y eu tellement de chercheurs d\u2019or au cours des si\u00e8cles, qui ont perdu l\u2019esprit \u00e0 creuser et creuser encore en pensant que c\u2019\u00e9tait de l\u2019or. \u00c7a y ressemble, mais c\u2019est bien mieux. C\u2019est une v\u00e9ritable formule faite pierre. Ajout\u00e9e \u00e0 une autre gemme (en fait c\u2019est l\u2019une des pierres que l\u2019on peut associer \u00e0 d\u2019autres, avec le quartz, le diamant et le cristal.) \u00e7a vous boostera comme de la pierre-coca\u00efne, (pourtant non recommand\u00e9e pour les personnes hyperactives), car ce sera votre vraie kryptonite.<\/h6>\n<p>[:]<\/p>\n","protected":false},"excerpt":{"rendered":"<p>&nbsp;<\/p>\n<h5>The gold of Vulcan enhances and inflames the sun inside a stone: that is Citrine.<\/h5>\n","protected":false},"featured_media":5251,"template":"","meta":[],"product_cat":[652,675,655,662,636],"product_tag":[691,697,707],"_links":{"self":[{"href":"https:\/\/www.noorbyjmf.com\/fr\/wp-json\/wp\/v3\/product\/5233"}],"collection":[{"href":"https:\/\/www.noorbyjmf.com\/fr\/wp-json\/wp\/v3\/product"}],"about":[{"href":"https:\/\/www.noorbyjmf.com\/fr\/wp-json\/wp\/v2\/types\/product"}],"wp:featuredmedia":[{"embeddable":true,"href":"https:\/\/www.noorbyjmf.com\/fr\/wp-json\/wp\/v2\/media\/5251"}],"wp:attachment":[{"href":"https:\/\/www.noorbyjmf.com\/fr\/wp-json\/wp\/v2\/media?parent=5233"}],"wp:term":[{"taxonomy":"product_cat","embeddable":true,"href":"https:\/\/www.noorbyjmf.com\/fr\/wp-json\/wp\/v2\/product_cat?post=5233"},{"taxonomy":"product_tag","embeddable":true,"href":"https:\/\/www.noorbyjmf.com\/fr\/wp-json\/wp\/v2\/product_tag?post=5233"}],"curies":[{"name":"wp","href":"https:\/\/api.w.org\/{rel}","templated":true}]}}