{"id":5234,"date":"2012-08-21T17:54:21","date_gmt":"2012-08-21T17:54:21","guid":{"rendered":"http:\/\/www.noorbyjmf.com\/?post_type=product&#038;p=5234"},"modified":"2018-11-19T20:06:13","modified_gmt":"2018-11-19T20:06:13","slug":"enaventurine-black-pearl-bracelet-acha-5frbracelet-aventurine-perle-noire-acha-5","status":"publish","type":"product","link":"https:\/\/www.noorbyjmf.com\/fr\/boutique\/aventurine-fr-fr\/enaventurine-black-pearl-bracelet-acha-5frbracelet-aventurine-perle-noire-acha-5\/","title":{"rendered":"[:en]Aventurine Black Pearl Bracelet, ACHA 5[:fr]Bracelet Aventurine Perle Noire, ACHA 5[:]"},"content":{"rendered":"<p>[:en]<\/p>\n<h5>Bracelet made of faceted discs: mostly Aventurine accompanied by black pearls.<\/h5>\n<pre><\/pre>\n<p>******************<img decoding=\"async\" loading=\"lazy\" class=\"alignright size-full wp-image-1606\" title=\"aventurine\" src=\"http:\/\/www.noorbyjmf.com\/wp-content\/uploads\/2012\/08\/aventurine.png\" alt=\"\" width=\"90\" height=\"90\" \/><\/p>\n<h5>Aventurine<\/h5>\n<h6><strong>Pristine Aventurine<\/strong><br \/>\nThat generous stone helps on many levels, helping fighting allergies &amp; calms nerves. And helps you grow your tolerance &amp; ease your anger and Lord knows how these things are challenging when interacting with other people or even oneself (just think of in-laws\u2026)<\/h6>\n<p>******************<img decoding=\"async\" loading=\"lazy\" class=\"alignright size-full wp-image-2171\" title=\"\" src=\"http:\/\/www.noorbyjmf.com\/wp-content\/uploads\/2012\/08\/perle-noire-ol1.png\" alt=\"\" width=\"90\" height=\"90\" \/><\/p>\n<h5>Black Pearl<\/h5>\n<h6><strong>The secret one<\/strong><br \/>\nNothing evokes the Mystery as these oriental shimmering black pearls. They assume their glow from the deep green to the charcoal grey and light black.For every outfit, every mood, every friend: they go with everything and enhance any type of Beauty and Skin.<\/h6>\n<p>[:fr]<\/p>\n<h5>Bracelet compos\u00e9 de disques facett\u00e9s en majorit\u00e9 d\u2019aventurine accompagn\u00e9e de perles noires.<\/h5>\n<pre><\/pre>\n<p>******************<img decoding=\"async\" loading=\"lazy\" class=\"alignright size-full wp-image-1606\" title=\"aventurine\" src=\"http:\/\/www.noorbyjmf.com\/wp-content\/uploads\/2012\/08\/aventurine.png\" alt=\"\" width=\"90\" height=\"90\" \/><\/p>\n<h5>Aventurine<\/h5>\n<h6><strong>D\u00e9licate Aventurine<\/strong><br \/>\nCette pierre g\u00e9n\u00e9reuse vous apporte son aide sur plusieurs niveaux, vous permettant de combattre les allergies et de calmer vos nerfs. Elle accro\u00eet votre tol\u00e9rance et calme votre col\u00e8re. Et Dieu sait que ce sont des d\u00e9fis quand on \u00e9change avec d\u2019autres personnes ou avec soi-m\u00eame (pensez simplement \u00e0 votre belle-famille\u2026)<\/h6>\n<p>******************<img decoding=\"async\" loading=\"lazy\" class=\"alignright size-full wp-image-2171\" title=\"\" src=\"http:\/\/www.noorbyjmf.com\/wp-content\/uploads\/2012\/08\/perle-noire-ol1.png\" alt=\"\" width=\"90\" height=\"90\" \/><\/p>\n<h5>Perle Noire<\/h5>\n<h6><strong>La secr\u00e8te<\/strong><br \/>\nRien n\u2019\u00e9voque autant le myst\u00e8re que ces perles noires orientales moir\u00e9es. Elles d\u00e9clinent leur \u00e9clat du vert profond au gris anthracite et noir lumineux. Pour toutes les tenues, toutes les humeurs, toutes les personnes : elles vont avec tout et exalte tout type de complexion et de beaut\u00e9 !<\/h6>\n<p>[:]<\/p>\n","protected":false},"excerpt":{"rendered":"<p>[:en]<\/p>\n<h5>Lovers of the grey quicksilver, this piece heightens your collection with the touch of green Aventurine.<\/h5>\n<p>[:fr]<\/p>\n<h5>Amoureux du gris vif argent, voil\u00e0 de quoi rehausser votre collection par les touches vertes d\u2019aventurine.<\/h5>\n<p>[:]<\/p>\n","protected":false},"featured_media":5255,"template":"","meta":[],"product_cat":[652,675,635,636,634],"product_tag":[691,708],"_links":{"self":[{"href":"https:\/\/www.noorbyjmf.com\/fr\/wp-json\/wp\/v3\/product\/5234"}],"collection":[{"href":"https:\/\/www.noorbyjmf.com\/fr\/wp-json\/wp\/v3\/product"}],"about":[{"href":"https:\/\/www.noorbyjmf.com\/fr\/wp-json\/wp\/v2\/types\/product"}],"wp:featuredmedia":[{"embeddable":true,"href":"https:\/\/www.noorbyjmf.com\/fr\/wp-json\/wp\/v2\/media\/5255"}],"wp:attachment":[{"href":"https:\/\/www.noorbyjmf.com\/fr\/wp-json\/wp\/v2\/media?parent=5234"}],"wp:term":[{"taxonomy":"product_cat","embeddable":true,"href":"https:\/\/www.noorbyjmf.com\/fr\/wp-json\/wp\/v2\/product_cat?post=5234"},{"taxonomy":"product_tag","embeddable":true,"href":"https:\/\/www.noorbyjmf.com\/fr\/wp-json\/wp\/v2\/product_tag?post=5234"}],"curies":[{"name":"wp","href":"https:\/\/api.w.org\/{rel}","templated":true}]}}