{"id":5235,"date":"2012-08-21T17:32:39","date_gmt":"2012-08-21T17:32:39","guid":{"rendered":"http:\/\/www.noorbyjmf.com\/?post_type=product&#038;p=5235"},"modified":"2018-11-19T20:07:00","modified_gmt":"2018-11-19T20:07:00","slug":"enametrine-pyrite-bracelet-dalila-5frbracelet-ametrine-pyrite-dalila-5","status":"publish","type":"product","link":"https:\/\/www.noorbyjmf.com\/fr\/boutique\/ametrine-fr-fr\/enametrine-pyrite-bracelet-dalila-5frbracelet-ametrine-pyrite-dalila-5\/","title":{"rendered":"[:en]Ametrine Pyrite Bracelet, DALILA 5[:fr]Bracelet Ametrine Pyrite, DALILA 5[:]"},"content":{"rendered":"<p>[:en]<\/p>\n<h5>Bracelet made of faceted discs: mostly Ametrine accompanied by Pyrite.<\/h5>\n<pre><\/pre>\n<p>******************<img decoding=\"async\" loading=\"lazy\" class=\"alignright size-full wp-image-1391\" title=\"\" src=\"http:\/\/www.noorbyjmf.com\/wp-content\/uploads\/2012\/07\/ametrine.png\" alt=\"\" width=\"90\" height=\"90\" \/><\/p>\n<h5>Ametrine<\/h5>\n<h6><strong>The unique Ametrine<\/strong><br \/>\nThat one of a kind gem, unique natural combo of both citrine &amp; amethyst won\u2019t be your Janus (the 2 faces roman God) on the contrary it will bring you the best of both, and reconciliates the opposites, kind of handy, because who can say that is always one personality up there?<\/h6>\n<p>******************<img decoding=\"async\" loading=\"lazy\" class=\"alignright size-full wp-image-1350\" src=\"http:\/\/www.noorbyjmf.com\/wp-content\/uploads\/2012\/07\/pyrite.png\" alt=\"\" width=\"90\" height=\"90\" srcset=\"https:\/\/www.noorbyjmf.com\/wp-content\/uploads\/2012\/07\/pyrite.png 90w, https:\/\/www.noorbyjmf.com\/wp-content\/uploads\/2012\/07\/pyrite-55x55.png 55w, https:\/\/www.noorbyjmf.com\/wp-content\/uploads\/2012\/07\/pyrite-86x86.png 86w, https:\/\/www.noorbyjmf.com\/wp-content\/uploads\/2012\/07\/pyrite-20x20.png 20w\" sizes=\"(max-width: 90px) 100vw, 90px\" \/><\/p>\n<h5>Pyrite<\/h5>\n<h6><strong>The Fool\u2019s Gold<\/strong><br \/>\nAlso known as the metallic fire. That says a lot about that stone.<br \/>\nSo many over the centuries lost their mind over that one digging &amp; digging thinking that it was actually gold. It looks like it, but it is way better.<br \/>\nIt\u2019s a real formula one stone, added to another gem (actually it\u2019s one of the rare one we can associated with other among quartz diamond and crystal.) It will boost you cocaine in a stone, hence not recommended for hyperactive people, because it will be your real kryptonite.<\/h6>\n<p>[:fr]<\/p>\n<h5>Bracelet compos\u00e9 de disques facett\u00e9s en majorit\u00e9 d\u2019am\u00e9trine accompagn\u00e9e de Pyrite.<\/h5>\n<pre><\/pre>\n<p>******************<img decoding=\"async\" loading=\"lazy\" class=\"alignright size-full wp-image-1391\" title=\"\" src=\"http:\/\/www.noorbyjmf.com\/wp-content\/uploads\/2012\/07\/ametrine.png\" alt=\"\" width=\"90\" height=\"90\" \/><\/p>\n<h5>Am\u00e9trine<\/h5>\n<h6><strong>Am\u00e9trine, pierre unique !<\/strong><br \/>\nCette pierre d\u2019un genre particulier, unique combinaison naturelle de citrine et d\u2019am\u00e9thyste, ne sera pas votre Janus (Dieu romain aux 2 visages). Il vous apportera au contraire le meilleur des deux et r\u00e9concilie les oppos\u00e9s. A garder \u00e0 port\u00e9e de main car qui peut dire s\u2019il y a toujours une seule personnalit\u00e9 en vous ?<\/h6>\n<p>******************<img decoding=\"async\" loading=\"lazy\" class=\"alignright size-full wp-image-1350\" src=\"http:\/\/www.noorbyjmf.com\/wp-content\/uploads\/2012\/07\/pyrite.png\" alt=\"\" width=\"90\" height=\"90\" srcset=\"https:\/\/www.noorbyjmf.com\/wp-content\/uploads\/2012\/07\/pyrite.png 90w, https:\/\/www.noorbyjmf.com\/wp-content\/uploads\/2012\/07\/pyrite-55x55.png 55w, https:\/\/www.noorbyjmf.com\/wp-content\/uploads\/2012\/07\/pyrite-86x86.png 86w, https:\/\/www.noorbyjmf.com\/wp-content\/uploads\/2012\/07\/pyrite-20x20.png 20w\" sizes=\"(max-width: 90px) 100vw, 90px\" \/><\/p>\n<h5>Pyrite<\/h5>\n<h6><strong>L\u2019Or des Fous<\/strong><br \/>\nConnue \u00e9galement sous le nom feu m\u00e9tallique, cela en dit beaucoup sur cette pierre.<br \/>\nIl y eu tellement de chercheurs d\u2019or au cours des si\u00e8cles, qui ont perdu l\u2019esprit \u00e0 creuser et creuser encore en pensant que c\u2019\u00e9tait de l\u2019or. \u00c7a y ressemble, mais c\u2019est bien mieux.<br \/>\nC\u2019est une v\u00e9ritable formule faite pierre. Ajout\u00e9e \u00e0 une autre gemme (en fait c\u2019est l\u2019une des pierres que l\u2019on peut associer \u00e0 d\u2019autres, avec le quartz, le diamant et le cristal.) \u00e7a vous boostera comme de la pierre-coca\u00efne, (pourtant non recommand\u00e9e pour les personnes hyperactives), car ce sera votre vraie kryptonite.<\/h6>\n<p>[:]<\/p>\n","protected":false},"excerpt":{"rendered":"<p>[:en]<\/p>\n<h5>An original piece where the fighting spirit of Pyrite is a perfect complement to the transparency of Ametrine.<\/h5>\n<p>[:fr]<\/p>\n<h5>Une pi\u00e8ce originale o\u00f9 l\u2019esprit combatif de la pyrite compl\u00e8te \u00e0 la perfection la transparence de l\u2019am\u00e9trine.<\/h5>\n<p>[:]<\/p>\n","protected":false},"featured_media":5257,"template":"","meta":[],"product_cat":[652,675,655,662,636,632],"product_tag":[691,697,707],"_links":{"self":[{"href":"https:\/\/www.noorbyjmf.com\/fr\/wp-json\/wp\/v3\/product\/5235"}],"collection":[{"href":"https:\/\/www.noorbyjmf.com\/fr\/wp-json\/wp\/v3\/product"}],"about":[{"href":"https:\/\/www.noorbyjmf.com\/fr\/wp-json\/wp\/v2\/types\/product"}],"wp:featuredmedia":[{"embeddable":true,"href":"https:\/\/www.noorbyjmf.com\/fr\/wp-json\/wp\/v2\/media\/5257"}],"wp:attachment":[{"href":"https:\/\/www.noorbyjmf.com\/fr\/wp-json\/wp\/v2\/media?parent=5235"}],"wp:term":[{"taxonomy":"product_cat","embeddable":true,"href":"https:\/\/www.noorbyjmf.com\/fr\/wp-json\/wp\/v2\/product_cat?post=5235"},{"taxonomy":"product_tag","embeddable":true,"href":"https:\/\/www.noorbyjmf.com\/fr\/wp-json\/wp\/v2\/product_tag?post=5235"}],"curies":[{"name":"wp","href":"https:\/\/api.w.org\/{rel}","templated":true}]}}