{"id":5261,"date":"2012-08-20T19:44:04","date_gmt":"2012-08-20T19:44:04","guid":{"rendered":"http:\/\/www.noorbyjmf.com\/?post_type=product&#038;p=5261"},"modified":"2023-05-02T19:25:39","modified_gmt":"2023-05-02T19:25:39","slug":"amethyst-pyrite-bracelet-hamsa","status":"publish","type":"product","link":"https:\/\/www.noorbyjmf.com\/fr\/boutique\/amethyste-fr\/amethyst-pyrite-bracelet-hamsa\/","title":{"rendered":"Bracelet Am\u00e9thyste Pyrite, ELISSA 5"},"content":{"rendered":"<h5>Bracelet compos\u00e9 de disques facett\u00e9s : majoritairement Am\u00e9thyste accompagn\u00e9 de Pyrite.<\/h5>\n<pre><\/pre>\n<p>******************<img decoding=\"async\" loading=\"lazy\" class=\"alignright size-full wp-image-1597\" title=\"\" src=\"http:\/\/www.noorbyjmf.com\/wp-content\/uploads\/2012\/08\/amethyst.png\" alt=\"\" width=\"90\" height=\"90\"><\/p>\n<h5>Am\u00e9thyste<\/h5>\n<h6><strong>L&#8217;ami m\u00e9ditatif<\/strong><br \/>\nToujours controvers\u00e9, ce bijou aidera celui qui le porte \u00e0 obtenir une paix int\u00e9rieure et une clart\u00e9 de pens\u00e9e. Qui dirait non \u00e0 la tranquillit\u00e9 d&#8217;esprit en ces temps troubl\u00e9s ? Notre supposition est nulle<\/h6>\n<p>******************<br \/>\n<img decoding=\"async\" loading=\"lazy\" class=\"alignright size-full wp-image-1351\" title=\"pyrite\" src=\"http:\/\/www.noorbyjmf.com\/wp-content\/uploads\/2012\/07\/pyrite.png\" alt=\"\" width=\"90\" height=\"90\"><\/p>\n<h5>Pyrite<\/h5>\n<h6><strong>L&#8217;or des fous<\/strong><br \/>\nAussi connu sous le nom de feu m\u00e9tallique. Cela en dit long sur cette pierre. Au cours des si\u00e8cles, tant de gens ont perdu la raison en creusant et en creusant en pensant que c&#8217;\u00e9tait en fait de l&#8217;or. \u00c7a y ressemble, mais c&#8217;est bien mieux. C&#8217;est une vraie pierre de formule 1, ajout\u00e9e \u00e0 une autre gemme (en fait c&#8217;est l&#8217;une des rares qu&#8217;on puisse associer \u00e0 d&#8217;autres parmi le diamant de quartz et le cristal.) Elle vous boostera de coca\u00efne dans une pierre, donc d\u00e9conseill\u00e9e aux hyperactifs, car elle soyez votre vraie kryptonite.<\/h6>\n","protected":false},"excerpt":{"rendered":"<h5>La pyrite, aux douces teintes dor\u00e9es, contraste fortement avec la vivacit\u00e9 de l&#8217;am\u00e9thyste.<\/h5>\n","protected":false},"featured_media":5271,"template":"","meta":[],"product_cat":[652,675,655,662,636,631],"product_tag":[691,696,708],"_links":{"self":[{"href":"https:\/\/www.noorbyjmf.com\/fr\/wp-json\/wp\/v3\/product\/5261"}],"collection":[{"href":"https:\/\/www.noorbyjmf.com\/fr\/wp-json\/wp\/v3\/product"}],"about":[{"href":"https:\/\/www.noorbyjmf.com\/fr\/wp-json\/wp\/v2\/types\/product"}],"wp:featuredmedia":[{"embeddable":true,"href":"https:\/\/www.noorbyjmf.com\/fr\/wp-json\/wp\/v2\/media\/5271"}],"wp:attachment":[{"href":"https:\/\/www.noorbyjmf.com\/fr\/wp-json\/wp\/v2\/media?parent=5261"}],"wp:term":[{"taxonomy":"product_cat","embeddable":true,"href":"https:\/\/www.noorbyjmf.com\/fr\/wp-json\/wp\/v2\/product_cat?post=5261"},{"taxonomy":"product_tag","embeddable":true,"href":"https:\/\/www.noorbyjmf.com\/fr\/wp-json\/wp\/v2\/product_tag?post=5261"}],"curies":[{"name":"wp","href":"https:\/\/api.w.org\/{rel}","templated":true}]}}