{"id":5263,"date":"2012-08-20T19:04:31","date_gmt":"2012-08-20T19:04:31","guid":{"rendered":"http:\/\/www.noorbyjmf.com\/?post_type=product&#038;p=5263"},"modified":"2018-11-19T20:12:24","modified_gmt":"2018-11-19T20:12:24","slug":"enamethyst-crystal-bracelet-elissa-5frbracelet-amethyste-cristal-elissa-5","status":"publish","type":"product","link":"https:\/\/www.noorbyjmf.com\/fr\/boutique\/amethyste-fr\/enamethyst-crystal-bracelet-elissa-5frbracelet-amethyste-cristal-elissa-5\/","title":{"rendered":"[:en]Amethyst Crystal Bracelet, ELISSA 5[:fr]Bracelet Amethyste Cristal, ELISSA 5[:]"},"content":{"rendered":"<p>[:en]<\/p>\n<h5>Bracelet made of faceted discs: mostly Amethyst accompanied by rock Crystal.<\/h5>\n<pre><\/pre>\n<p>******************<img decoding=\"async\" loading=\"lazy\" class=\"alignright size-full wp-image-1597\" title=\"\" src=\"http:\/\/www.noorbyjmf.com\/wp-content\/uploads\/2012\/08\/amethyst.png\" alt=\"\" width=\"90\" height=\"90\" \/><\/p>\n<h5>Amethyst<\/h5>\n<h6><strong>The Meditative friend<\/strong><br \/>\nAlways controversial, this gem will help up the one who wears it to get some inner peace &amp; clarity of thoughts. Who would say no to the peace of mind in these troubled times? Our guess is none.<\/h6>\n<p>******************<br \/>\n<img decoding=\"async\" loading=\"lazy\" class=\"alignright size-full wp-image-1630\" title=\"\" src=\"http:\/\/www.noorbyjmf.com\/wp-content\/uploads\/2012\/08\/crystal.png\" alt=\"\" width=\"90\" height=\"90\" \/><\/p>\n<h5>Crystal<\/h5>\n<h6><strong>The Magnificent Amplifier<\/strong><br \/>\nFeeling a bit too left or right brainy? Having trouble connecting some brain cells some times (oh come on we all do \u263a). Its clarity will clear that out pronto &amp; re-plug what\u2019s needed to be plugged in. And it enhances your perception of things. I guess no more time spent doing those stoopid tests on facebook or in magazine while at work. At least your boss won\u2019t threaten to fire for a \u00ab facebook \u2018s test \u00bb addiction on the company\u2019s dime no more!!!<\/h6>\n<p>[:fr]<\/p>\n<h5>Bracelet compos\u00e9 de disques facett\u00e9s en majorit\u00e9 d\u2019am\u00e9thyste accompagn\u00e9e de cristal de roche.<\/h5>\n<pre><\/pre>\n<p>******************<br \/>\n<img decoding=\"async\" loading=\"lazy\" class=\"alignright size-full wp-image-1597\" title=\"\" src=\"http:\/\/www.noorbyjmf.com\/wp-content\/uploads\/2012\/08\/amethyst.png\" alt=\"\" width=\"90\" height=\"90\" \/><\/p>\n<h5>Am\u00e9thyste<\/h5>\n<h6><strong>Amie m\u00e9ditative<\/strong><br \/>\nSouvent controvers\u00e9e, cette pierre aide \u00e0 gagner la paix int\u00e9rieure et des pens\u00e9es claires. Qui dirait non \u00e0 la paix de l\u2019esprit en ces temps troubl\u00e9s ? Personne assur\u00e9ment !<\/h6>\n<p>******************<br \/>\n<img decoding=\"async\" loading=\"lazy\" class=\"alignright size-full wp-image-1630\" title=\"\" src=\"http:\/\/www.noorbyjmf.com\/wp-content\/uploads\/2012\/08\/crystal.png\" alt=\"\" width=\"90\" height=\"90\" \/><\/p>\n<h5>Cristal de Roche<\/h5>\n<h6><strong>L\u2019amplificateur \u00e9tincelant<\/strong><br \/>\nVous vous sentez un peu trop cerveau droit ou gauche ? Vous avez un probl\u00e8me \u00e0 connecter les cellules du cerveau quelquefois ? (oh allez, on est tous comme \u00e7a J). Son g\u00e9nie va \u00e9clairer \u00e7a vite fait et tout reconnecter.<br \/>\nEt il vous amplifie la perception des choses. Plus besoin de faire ces tests stuuupides sur Facebook ou dans les magazines quand vous \u00eates au boulot. Au moins votre boss ne va plus vous menacer de vous virer pour une addiction aux \u00ab tests Facebook \u00bb sur le dos de la Soci\u00e9t\u00e9 !!!<\/h6>\n<p>[:]<\/p>\n","protected":false},"excerpt":{"rendered":"<p>[:en]<\/p>\n<h5>The Transparency of rock crystal mixed with the power of amethyst, brings a vibrant elegance.<\/h5>\n<p>[:fr]<\/p>\n<h5>La transparence du cristal de roche m\u00eal\u00e9 \u00e0 la force de l\u2019am\u00e9thyste apporte une vibrante \u00e9l\u00e9gance.<\/h5>\n<p>[:]<\/p>\n","protected":false},"featured_media":5278,"template":"","meta":[],"product_cat":[652,675,636,640,631],"product_tag":[691,708],"_links":{"self":[{"href":"https:\/\/www.noorbyjmf.com\/fr\/wp-json\/wp\/v3\/product\/5263"}],"collection":[{"href":"https:\/\/www.noorbyjmf.com\/fr\/wp-json\/wp\/v3\/product"}],"about":[{"href":"https:\/\/www.noorbyjmf.com\/fr\/wp-json\/wp\/v2\/types\/product"}],"wp:featuredmedia":[{"embeddable":true,"href":"https:\/\/www.noorbyjmf.com\/fr\/wp-json\/wp\/v2\/media\/5278"}],"wp:attachment":[{"href":"https:\/\/www.noorbyjmf.com\/fr\/wp-json\/wp\/v2\/media?parent=5263"}],"wp:term":[{"taxonomy":"product_cat","embeddable":true,"href":"https:\/\/www.noorbyjmf.com\/fr\/wp-json\/wp\/v2\/product_cat?post=5263"},{"taxonomy":"product_tag","embeddable":true,"href":"https:\/\/www.noorbyjmf.com\/fr\/wp-json\/wp\/v2\/product_tag?post=5263"}],"curies":[{"name":"wp","href":"https:\/\/api.w.org\/{rel}","templated":true}]}}