{"id":5265,"date":"2012-08-05T17:07:59","date_gmt":"2012-08-05T17:07:59","guid":{"rendered":"http:\/\/www.noorbyjmf.com\/?post_type=product&#038;p=5265"},"modified":"2018-11-19T20:12:39","modified_gmt":"2018-11-19T20:12:39","slug":"ensapphire-grey-pearl-bracelet-krishna-5frbracelet-saphir-perle-grise-krishna-ii-5","status":"publish","type":"product","link":"https:\/\/www.noorbyjmf.com\/fr\/boutique\/perle-grise\/ensapphire-grey-pearl-bracelet-krishna-5frbracelet-saphir-perle-grise-krishna-ii-5\/","title":{"rendered":"[:en]Sapphire Grey Pearl Bracelet, KRISHNA 5[:fr]Bracelet Saphir Perle Grise, KRISHNA II 5[:]"},"content":{"rendered":"<p>[:en]<\/p>\n<h5>Bracelet made of faceted discs: mostly Sapphire accompanied by grey pearls.<\/h5>\n<pre><\/pre>\n<p>******************<img decoding=\"async\" loading=\"lazy\" class=\"alignright size-full wp-image-1706\" title=\"\" src=\"http:\/\/www.noorbyjmf.com\/wp-content\/uploads\/2012\/08\/saphir.png\" alt=\"\" width=\"90\" height=\"90\" \/><\/p>\n<h5>Sapphire<\/h5>\n<h6><strong>The Gems of Maharajas<\/strong><br \/>\nThis precious gem has always been used to stimulate the spiritual life. Its beneficial influence helps resolving emotional blocks, known to cast off sadness, evil eye, bring good &amp; honest people to your life. When offered as a present, it establishes an extremely strong bond between friends and lovers.<\/h6>\n<p>******************<br \/>\n<img decoding=\"async\" loading=\"lazy\" class=\"alignright size-full wp-image-2166\" title=\"\" src=\"http:\/\/www.noorbyjmf.com\/wp-content\/uploads\/2012\/08\/perle-grise-ol.png\" alt=\"\" width=\"90\" height=\"90\" \/><\/p>\n<h5>Grey Pearl<\/h5>\n<h6><strong>Your fashion Designer<\/strong><br \/>\nThe elegance of these Pearls with their silvery sheen is established! Everything is classier, more trendy when they enter the scene.<\/h6>\n<p>[:fr]<\/p>\n<h5>Bracelet compos\u00e9 en majorit\u00e9 de disques facett\u00e9s de saphir accompagn\u00e9 de perles grises.<\/h5>\n<pre><\/pre>\n<p>******************<img decoding=\"async\" loading=\"lazy\" class=\"alignright size-full wp-image-1706\" title=\"\" src=\"http:\/\/www.noorbyjmf.com\/wp-content\/uploads\/2012\/08\/saphir.png\" alt=\"\" width=\"90\" height=\"90\" \/><\/p>\n<h5>Saphir<\/h5>\n<h6><strong>Le joyau des Maharajas<\/strong><br \/>\nCette pierre pr\u00e9cieuse est toujours utilis\u00e9e pour stimuler la vie spirituelle. Son influence b\u00e9n\u00e9fique aide \u00e0 dissoudre les blocages \u00e9motionnels, \u00e0 \u00e9loigner la tristesse, le mauvais oeil, \u00e0 amener des personnes honn\u00eates et bonnes dans votre vie. Quand il est offert, le saphir \u00e9tablit un lien extr\u00eamement fort entre les amis et les amoureux.<\/h6>\n<p>******************<br \/>\n<img decoding=\"async\" loading=\"lazy\" class=\"alignright size-full wp-image-2166\" title=\"\" src=\"http:\/\/www.noorbyjmf.com\/wp-content\/uploads\/2012\/08\/perle-grise-ol.png\" alt=\"\" width=\"90\" height=\"90\" \/><\/p>\n<h5>Perle Grise<\/h5>\n<h6><strong>Votre styliste Priv\u00e9<\/strong><br \/>\nL\u2019\u00e9l\u00e9gance de ces perles \u00e0 l\u2019\u00e9clat argent\u00e9 n\u2019est plus \u00e0 d\u00e9montrer ! Tout est plus classe, plus tendance quand elles entrent en sc\u00e8ne&#8230;<\/h6>\n<p>[:]<\/p>\n","protected":false},"excerpt":{"rendered":"<p>[:en]<\/p>\n<h5>Sapphires with a deep shimmer are merging into the oriental black pearls to let radiate their brilliance.<\/h5>\n<p>[:fr]<\/p>\n<h5>Des saphirs \u00e0 l\u2019\u00e9clat profond se fondent dans les perles noires orientales pour laisser leur \u00e9clat rayonner.<\/h5>\n<p>[:]<\/p>\n","protected":false},"featured_media":5283,"template":"","meta":[],"product_cat":[652,620,675,655,636,666],"product_tag":[691,697,707],"_links":{"self":[{"href":"https:\/\/www.noorbyjmf.com\/fr\/wp-json\/wp\/v3\/product\/5265"}],"collection":[{"href":"https:\/\/www.noorbyjmf.com\/fr\/wp-json\/wp\/v3\/product"}],"about":[{"href":"https:\/\/www.noorbyjmf.com\/fr\/wp-json\/wp\/v2\/types\/product"}],"wp:featuredmedia":[{"embeddable":true,"href":"https:\/\/www.noorbyjmf.com\/fr\/wp-json\/wp\/v2\/media\/5283"}],"wp:attachment":[{"href":"https:\/\/www.noorbyjmf.com\/fr\/wp-json\/wp\/v2\/media?parent=5265"}],"wp:term":[{"taxonomy":"product_cat","embeddable":true,"href":"https:\/\/www.noorbyjmf.com\/fr\/wp-json\/wp\/v2\/product_cat?post=5265"},{"taxonomy":"product_tag","embeddable":true,"href":"https:\/\/www.noorbyjmf.com\/fr\/wp-json\/wp\/v2\/product_tag?post=5265"}],"curies":[{"name":"wp","href":"https:\/\/api.w.org\/{rel}","templated":true}]}}