{"id":5266,"date":"2012-07-27T13:22:17","date_gmt":"2012-07-27T13:22:17","guid":{"rendered":"http:\/\/www.noorbyjmf.com\/?post_type=product&#038;p=5266"},"modified":"2018-11-19T20:12:46","modified_gmt":"2018-11-19T20:12:46","slug":"encobra-agate-pyrite-bracelet-layane-5frbracelet-agate-cobra-pyrite-layane-5","status":"publish","type":"product","link":"https:\/\/www.noorbyjmf.com\/fr\/boutique\/bracelets-jewelry-fr\/encobra-agate-pyrite-bracelet-layane-5frbracelet-agate-cobra-pyrite-layane-5\/","title":{"rendered":"[:en]Cobra Agate Pyrite Bracelet, LAYANE 5[:fr]Bracelet Agate Cobra Pyrite, LAYANE 5[:]"},"content":{"rendered":"<p>[:en]<\/p>\n<h5>Bracelet made of agate cobra and pyrite<\/h5>\n<pre><\/pre>\n<p>******************<br \/>\n<img decoding=\"async\" loading=\"lazy\" class=\"alignright size-full wp-image-1350\" title=\"agate-cobra\" src=\"http:\/\/www.noorbyjmf.com\/wp-content\/uploads\/2012\/07\/agate-cobra.png\" alt=\"\" width=\"90\" height=\"90\" \/><\/p>\n<h5>Cobra Agate<\/h5>\n<h6><strong>The Reptilian Agate<\/strong><br \/>\nLet\u2019s just say that this one will relocate your self into your inner self very very very quickly knowing that she is full of Vulcan\u2019s favorite, Pyrite!!!!<\/h6>\n<p>******************<\/p>\n<h5>Pyrite<\/h5>\n<p><img decoding=\"async\" loading=\"lazy\" class=\"alignright size-full wp-image-1351\" title=\"pyrite\" src=\"http:\/\/www.noorbyjmf.com\/wp-content\/uploads\/2012\/07\/pyrite.png\" alt=\"\" width=\"90\" height=\"90\" \/><\/p>\n<h6><strong>The Fool\u2019s Gold<\/strong><br \/>\nAlso known as the metallic fire. That says a lot about that stone.\u00a0So many over the centuries lost their mind over that one digging &amp; digging thinking that it was actually gold. It looks like it, but it is way better. It\u2019s a real formula one stone, added to another gem (actually it\u2019s one of the rare one we can associated with other among quartz diamond and crystal.) It will boost you cocaine in a stone, hence not recommended for hyperactive people, because it will be your real kryptonite.<\/h6>\n<p>[:fr]<\/p>\n<h5>Bracelet made of agate cobra and pyrite<\/h5>\n<pre><\/pre>\n<p>******************<img decoding=\"async\" loading=\"lazy\" class=\"alignright size-full wp-image-1350\" title=\"\" src=\"http:\/\/www.noorbyjmf.com\/wp-content\/uploads\/2012\/07\/agate-cobra.png\" alt=\"\" width=\"90\" height=\"90\" \/><\/p>\n<h5>Agate Cobra<\/h5>\n<h6><strong>L\u2018agate Reptile<\/strong><br \/>\nDisons simplement que cette pierre-l\u00e0 vous remet sur les rails et dans votre Soi int\u00e9rieur, en moins de temps qu\u2019il ne faut pour le dire, sachant qu\u2019elle est truff\u00e9e de la pierre favorite de Vulcain, la Pyrite !!!<\/h6>\n<p>******************<img decoding=\"async\" loading=\"lazy\" class=\"alignright size-full wp-image-1350\" title=\"pyrite\" src=\"http:\/\/www.noorbyjmf.com\/wp-content\/uploads\/2012\/07\/pyrite.png\" alt=\"\" width=\"90\" height=\"90\" srcset=\"https:\/\/www.noorbyjmf.com\/wp-content\/uploads\/2012\/07\/pyrite.png 90w, https:\/\/www.noorbyjmf.com\/wp-content\/uploads\/2012\/07\/pyrite-55x55.png 55w, https:\/\/www.noorbyjmf.com\/wp-content\/uploads\/2012\/07\/pyrite-86x86.png 86w, https:\/\/www.noorbyjmf.com\/wp-content\/uploads\/2012\/07\/pyrite-20x20.png 20w\" sizes=\"(max-width: 90px) 100vw, 90px\" \/><\/p>\n<h5>Pyrite<\/h5>\n<h6><strong>L\u2019Or des Fous<\/strong><br \/>\nConnue \u00e9galement sous le nom feu m\u00e9tallique, cela en dit beaucoup sur cette pierre.<br \/>\nIl y eu tellement de chercheurs d\u2019or au cours des si\u00e8cles, qui ont perdu l\u2019esprit \u00e0 creuser et creuser encore en pensant que c\u2019\u00e9tait de l\u2019or. \u00c7a y ressemble, mais c\u2019est bien mieux.<br \/>\nC\u2019est une v\u00e9ritable formule faite pierre. Ajout\u00e9e \u00e0 une autre gemme (en fait c\u2019est l\u2019une des pierres que l\u2019on peut associer \u00e0 d\u2019autres, avec le quartz, le diamant et le cristal.) \u00e7a vous boostera comme de la pierre-coca\u00efne, (pourtant non recommand\u00e9e pour les personnes hyperactives), car ce sera votre vraie kryptonite.<\/h6>\n<p>[:]<\/p>\n","protected":false},"excerpt":{"rendered":"<h5>La pyrite se retrouve en gemme s\u0153ur dans les doux et profonds reflets dor\u00e9s de l\u2019agate cobra.<\/h5>\n","protected":false},"featured_media":5287,"template":"","meta":[],"product_cat":[652,675,655,662,636,639],"product_tag":[691,697,707],"_links":{"self":[{"href":"https:\/\/www.noorbyjmf.com\/fr\/wp-json\/wp\/v3\/product\/5266"}],"collection":[{"href":"https:\/\/www.noorbyjmf.com\/fr\/wp-json\/wp\/v3\/product"}],"about":[{"href":"https:\/\/www.noorbyjmf.com\/fr\/wp-json\/wp\/v2\/types\/product"}],"wp:featuredmedia":[{"embeddable":true,"href":"https:\/\/www.noorbyjmf.com\/fr\/wp-json\/wp\/v2\/media\/5287"}],"wp:attachment":[{"href":"https:\/\/www.noorbyjmf.com\/fr\/wp-json\/wp\/v2\/media?parent=5266"}],"wp:term":[{"taxonomy":"product_cat","embeddable":true,"href":"https:\/\/www.noorbyjmf.com\/fr\/wp-json\/wp\/v2\/product_cat?post=5266"},{"taxonomy":"product_tag","embeddable":true,"href":"https:\/\/www.noorbyjmf.com\/fr\/wp-json\/wp\/v2\/product_tag?post=5266"}],"curies":[{"name":"wp","href":"https:\/\/api.w.org\/{rel}","templated":true}]}}